{"id":7056,"date":"2021-02-20T13:27:15","date_gmt":"2021-02-20T12:27:15","guid":{"rendered":"http:\/\/violmax.pl\/?post_type=product&#038;p=7056"},"modified":"2025-12-02T13:21:09","modified_gmt":"2025-12-02T12:21:09","slug":"wedkarstwo-kufel-do-piwa-marek-05-litra-sandacz-wedkarz-w-lodce-u-jarka-szron","status":"publish","type":"product","link":"https:\/\/violmax.pl\/index.php\/produkt\/wedkarstwo-kufel-do-piwa-marek-05-litra-sandacz-wedkarz-w-lodce-u-jarka-szron\/","title":{"rendered":"W\u0118DKARSTWO, KUFEL DO PIWA &#8220;MAREK&#8221; 0,5 LITRA SANDACZ I LOGO &#8220;U JARKA&#8221; SZRON, PRZYK\u0141AD ZDOBIENIA !!!"},"content":{"rendered":"<p><img loading=\"lazy\" class=\"alignnone size-medium wp-image-7053\" src=\"http:\/\/violmax.pl\/wp-content\/uploads\/2021\/02\/Wedkarskie_kufel_do_piwa_marek_500_ml_sandacz_u_jarka_szron-300x240.png\" alt=\"\" width=\"300\" height=\"240\" srcset=\"https:\/\/violmax.pl\/wp-content\/uploads\/2021\/02\/Wedkarskie_kufel_do_piwa_marek_500_ml_sandacz_u_jarka_szron-300x240.png 300w, https:\/\/violmax.pl\/wp-content\/uploads\/2021\/02\/Wedkarskie_kufel_do_piwa_marek_500_ml_sandacz_u_jarka_szron-768x614.png 768w, https:\/\/violmax.pl\/wp-content\/uploads\/2021\/02\/Wedkarskie_kufel_do_piwa_marek_500_ml_sandacz_u_jarka_szron-320x256.png 320w, https:\/\/violmax.pl\/wp-content\/uploads\/2021\/02\/Wedkarskie_kufel_do_piwa_marek_500_ml_sandacz_u_jarka_szron-680x544.png 680w, https:\/\/violmax.pl\/wp-content\/uploads\/2021\/02\/Wedkarskie_kufel_do_piwa_marek_500_ml_sandacz_u_jarka_szron.png 900w\" sizes=\"(max-width: 300px) 100vw, 300px\" \/><\/p>\n<p>&nbsp;<\/p>\n<p>Kufel do piwa &#8221;MAREK&#8221; o litra\u017cu 500 ml. Ca\u0142y kufel jest precyzyjnie wypiaskowany. W tym modelu widzimy motyw ryby sandacza oraz w\u0119dkarza w \u0142\u00f3dce. Kufel jest ozdobiony dla Centrum W\u0119dkarskiego &#8220;U JARKA&#8221;w Opolu. Pokazany jest jako przyk\u0142ad zdobienia kt\u00f3re mo\u017cemy wykona\u0107 dla ka\u017cdego klienta z jego logo. Kufel jest wypiaskowany ca\u0142y &#8211; na oko\u0142o. Ca\u0142o\u015b\u0107 jest bardzo szczeg\u00f3\u0142owo wypiaskowana. Zadbali\u015bmy o najmniejsze detale. Znakomicie sprawdzi si\u0119 jako kufel do codziennego u\u017cytku lub jako \u015bwietny upominek dla w\u0119dkarza. Idealny na prezent dla lubuj\u0105cych si\u0119 w piwie lub os\u00f3b, kt\u00f3re ceni\u0105 sobie upominek ze smakiem. Ozdobi ka\u017cde wn\u0119trze i zachwyci go\u015bci. Nadaje si\u0119 do mycia w zmywarkach.<\/p>\n<p>Istnieje mo\u017cliwo\u015b\u0107 zdobienia szk\u0142a u\u017cytkowego, pod indywidualne \u017cyczenie klienta z jego logiem.<\/p>\n","protected":false},"excerpt":{"rendered":"<p><img loading=\"lazy\" class=\"alignnone size-full wp-image-5364\" src=\"http:\/\/violmax.pl\/wp-content\/uploads\/2020\/10\/VIOLMAX_POLSKA-3.jpg\" alt=\"\" width=\"300\" height=\"28\" \/><\/p>\n<p>&nbsp;<\/p>\n<p>Kufel do piwa &#8221;MAREK&#8221; o litra\u017cu 500 ml. Ca\u0142y kufel jest precyzyjnie wypiaskowany. W tym modelu widzimy motyw ryby sandacza oraz w\u0119dkarza w \u0142\u00f3dce. Kufel jest ozdobiony dla Centrum W\u0119dkarskiego &#8220;U JARKA&#8221;w Opolu. Pokazany jest jako przyk\u0142ad zdobienia kt\u00f3re mo\u017cemy wykona\u0107 dla ka\u017cdego klienta z jego logo. Kufel jest wypiaskowany ca\u0142y &#8211; na oko\u0142o. Ca\u0142o\u015b\u0107 jest bardzo szczeg\u00f3\u0142owo wypiaskowana. Zadbali\u015bmy o najmniejsze detale. Znakomicie sprawdzi si\u0119 jako kufel do codziennego u\u017cytku lub jako \u015bwietny upominek dla w\u0119dkarza. Idealny na prezent dla lubuj\u0105cych si\u0119 w piwie lub os\u00f3b, kt\u00f3re ceni\u0105 sobie upominek ze smakiem. Ozdobi ka\u017cde wn\u0119trze i zachwyci go\u015bci. Nadaje si\u0119 do mycia w zmywarkach.<\/p>\n<p>Istnieje mo\u017cliwo\u015b\u0107 zdobienia szk\u0142a u\u017cytkowego, pod indywidualne \u017cyczenie klienta z jego logiem.<\/p>\n<p><em><strong>Minimalna ilo\u015b\u0107 zam\u00f3wienia &#8211; 6 sztuk (1 opakowanie)<br \/>\n<\/strong><\/em><\/p>\n<p><strong><em>Towar sprzedawany na opakowania<\/em><\/strong><\/p>\n<h3><span style=\"color: #ff0000;\">PRZY DODAWANIU DO KOSZYKA, NALE\u017bY DODAWA\u0106 KROTNO\u015a\u0106\u00a0 LICZBY 6 &#8211; (1 opak)\u00a0 np: 6 ; 12 ; 18 itd<\/span><\/h3>\n<h3><strong>CENA ZA SZTUK\u0118.<\/strong><\/h3>\n<h2><strong>\u00a0<\/strong><\/h2>\n","protected":false},"featured_media":7053,"comment_status":"open","ping_status":"closed","template":"","meta":[],"_links":{"self":[{"href":"https:\/\/violmax.pl\/index.php\/wp-json\/wp\/v2\/product\/7056"}],"collection":[{"href":"https:\/\/violmax.pl\/index.php\/wp-json\/wp\/v2\/product"}],"about":[{"href":"https:\/\/violmax.pl\/index.php\/wp-json\/wp\/v2\/types\/product"}],"replies":[{"embeddable":true,"href":"https:\/\/violmax.pl\/index.php\/wp-json\/wp\/v2\/comments?post=7056"}],"wp:featuredmedia":[{"embeddable":true,"href":"https:\/\/violmax.pl\/index.php\/wp-json\/wp\/v2\/media\/7053"}],"wp:attachment":[{"href":"https:\/\/violmax.pl\/index.php\/wp-json\/wp\/v2\/media?parent=7056"}],"curies":[{"name":"wp","href":"https:\/\/api.w.org\/{rel}","templated":true}]}}