{"id":7042,"date":"2021-02-19T15:50:35","date_gmt":"2021-02-19T14:50:35","guid":{"rendered":"http:\/\/violmax.pl\/?post_type=product&#038;p=7042"},"modified":"2025-12-02T13:21:09","modified_gmt":"2025-12-02T12:21:09","slug":"mysliwskie-karafka-lamana-075-litra-mysliwy-kaczki-szron","status":"publish","type":"product","link":"https:\/\/violmax.pl\/index.php\/produkt\/mysliwskie-karafka-lamana-075-litra-mysliwy-kaczki-szron\/","title":{"rendered":"MY\u015aLISTWO, KARAFKA &#8220;\u0141AMANA&#8221; 0,75 LITRA, KACZKA SZRON"},"content":{"rendered":"<p><img loading=\"lazy\" class=\"alignnone size-medium wp-image-7046\" src=\"http:\/\/violmax.pl\/wp-content\/uploads\/2021\/02\/Mysliwskie_karafka_lamana_075_litra_mysliwy_kaczki_szron_1-188x300.png\" alt=\"\" width=\"188\" height=\"300\" srcset=\"https:\/\/violmax.pl\/wp-content\/uploads\/2021\/02\/Mysliwskie_karafka_lamana_075_litra_mysliwy_kaczki_szron_1-188x300.png 188w, https:\/\/violmax.pl\/wp-content\/uploads\/2021\/02\/Mysliwskie_karafka_lamana_075_litra_mysliwy_kaczki_szron_1.png 563w\" sizes=\"(max-width: 188px) 100vw, 188px\" \/><img loading=\"lazy\" class=\"alignnone size-medium wp-image-7048\" src=\"http:\/\/violmax.pl\/wp-content\/uploads\/2021\/02\/Mysliwskie_karafka_lamana_075_litra_mysliwy_kaczki_szron_3-188x300.png\" alt=\"\" width=\"188\" height=\"300\" srcset=\"https:\/\/violmax.pl\/wp-content\/uploads\/2021\/02\/Mysliwskie_karafka_lamana_075_litra_mysliwy_kaczki_szron_3-188x300.png 188w, https:\/\/violmax.pl\/wp-content\/uploads\/2021\/02\/Mysliwskie_karafka_lamana_075_litra_mysliwy_kaczki_szron_3.png 563w\" sizes=\"(max-width: 188px) 100vw, 188px\" \/><img loading=\"lazy\" class=\"alignnone size-medium wp-image-10172\" src=\"http:\/\/violmax.pl\/wp-content\/uploads\/2023\/09\/pudelko_karafka_lamana_750_ml-300x225.png\" alt=\"\" width=\"300\" height=\"225\" srcset=\"https:\/\/violmax.pl\/wp-content\/uploads\/2023\/09\/pudelko_karafka_lamana_750_ml-300x225.png 300w, https:\/\/violmax.pl\/wp-content\/uploads\/2023\/09\/pudelko_karafka_lamana_750_ml-768x576.png 768w, https:\/\/violmax.pl\/wp-content\/uploads\/2023\/09\/pudelko_karafka_lamana_750_ml-680x510.png 680w, https:\/\/violmax.pl\/wp-content\/uploads\/2023\/09\/pudelko_karafka_lamana_750_ml-600x450.png 600w, https:\/\/violmax.pl\/wp-content\/uploads\/2023\/09\/pudelko_karafka_lamana_750_ml.png 900w\" sizes=\"(max-width: 300px) 100vw, 300px\" \/><\/p>\n<p>&nbsp;<\/p>\n<p>Karafka o litra\u017cu 0,75 litra \u2013 wypiaskowana motywem z jednej strony my\u015bliwego, a z drugiej strony kaczkami w locie. Wypiaskowana jest na oko\u0142o, co sprawia \u017ce wygl\u0105da jak by by\u0142a zmro\u017cona. Karafka mo\u017ce s\u0142u\u017cy\u0107 jako nietuzinkowy, szklany prezent lub ozdobny flakon na nalewki, wina, koniaki. Pi\u0119kny, okaza\u0142y prezent ( 26 cm wysoko\u015bci )\u00a0 dla my\u015bliwego, kt\u00f3ra zachwyci ka\u017cdego. Nadaje si\u0119 do mycia w zmywarce.<\/p>\n","protected":false},"excerpt":{"rendered":"<div class=\"woocommerce-product-details__short-description\">\n<p><img loading=\"lazy\" class=\"alignnone size-medium wp-image-3492\" src=\"http:\/\/violmax.pl\/wp-content\/uploads\/2020\/05\/VIOLMAX_POLSKA-300x28.jpg\" alt=\"\" width=\"300\" height=\"28\" \/><\/p>\n<p>&nbsp;<\/p>\n<p>Karafka o litra\u017cu 0,75 litra \u2013 wypiaskowana motywem z jednej strony my\u015bliwego, a z drugiej strony kaczkami w locie. Wypiaskowana jest na oko\u0142o, co sprawia \u017ce wygl\u0105da jak by by\u0142a zmro\u017cona. Karafka mo\u017ce s\u0142u\u017cy\u0107 jako nietuzinkowy, szklany prezent lub ozdobny flakon na nalewki, wina, koniaki. Pi\u0119kny, okaza\u0142y prezent ( 26 cm wysoko\u015bci )\u00a0 dla my\u015bliwego, kt\u00f3ra zachwyci ka\u017cdego. Nadaje si\u0119 do mycia w zmywarce.<\/p>\n<p><strong><em>Minimalna ilo\u015b\u0107 zam\u00f3wienia \u2013 1 sztuka (1 opakowanie)<\/em><br \/>\n<\/strong><\/p>\n<p><strong><em>\u00a0<\/em><\/strong><\/p>\n<h3><strong>CENA ZA SZTUK\u0118.<\/strong><\/h3>\n<h2><strong>\u00a0<\/strong><\/h2>\n<\/div>\n","protected":false},"featured_media":7046,"comment_status":"open","ping_status":"closed","template":"","meta":[],"_links":{"self":[{"href":"https:\/\/violmax.pl\/index.php\/wp-json\/wp\/v2\/product\/7042"}],"collection":[{"href":"https:\/\/violmax.pl\/index.php\/wp-json\/wp\/v2\/product"}],"about":[{"href":"https:\/\/violmax.pl\/index.php\/wp-json\/wp\/v2\/types\/product"}],"replies":[{"embeddable":true,"href":"https:\/\/violmax.pl\/index.php\/wp-json\/wp\/v2\/comments?post=7042"}],"wp:featuredmedia":[{"embeddable":true,"href":"https:\/\/violmax.pl\/index.php\/wp-json\/wp\/v2\/media\/7046"}],"wp:attachment":[{"href":"https:\/\/violmax.pl\/index.php\/wp-json\/wp\/v2\/media?parent=7042"}],"curies":[{"name":"wp","href":"https:\/\/api.w.org\/{rel}","templated":true}]}}