{"id":6876,"date":"2021-01-24T22:53:33","date_gmt":"2021-01-24T21:53:33","guid":{"rendered":"http:\/\/violmax.pl\/?post_type=product&#038;p=6876"},"modified":"2026-01-10T08:26:33","modified_gmt":"2026-01-10T07:26:33","slug":"wedkarskie-kieliszek-do-wodki-shot-30-ml-wedkarka-szron","status":"publish","type":"product","link":"https:\/\/violmax.pl\/index.php\/produkt\/wedkarskie-kieliszek-do-wodki-shot-30-ml-wedkarka-szron\/","title":{"rendered":"W\u0118DKARSTWO, KIELISZEK DO W\u00d3DKI &#8220;SHOT 30&#8221; ML, W\u0118DKARKA SZRON"},"content":{"rendered":"<p><img loading=\"lazy\" class=\"alignnone size-medium wp-image-6801\" src=\"http:\/\/violmax.pl\/wp-content\/uploads\/2021\/01\/wedkarskie_kieliszek_do_wodki_shot_30_wedkarka-300x136.png\" alt=\"\" width=\"300\" height=\"136\" srcset=\"https:\/\/violmax.pl\/wp-content\/uploads\/2021\/01\/wedkarskie_kieliszek_do_wodki_shot_30_wedkarka-300x136.png 300w, https:\/\/violmax.pl\/wp-content\/uploads\/2021\/01\/wedkarskie_kieliszek_do_wodki_shot_30_wedkarka-768x349.png 768w, https:\/\/violmax.pl\/wp-content\/uploads\/2021\/01\/wedkarskie_kieliszek_do_wodki_shot_30_wedkarka-680x309.png 680w, https:\/\/violmax.pl\/wp-content\/uploads\/2021\/01\/wedkarskie_kieliszek_do_wodki_shot_30_wedkarka.png 900w\" sizes=\"(max-width: 300px) 100vw, 300px\" \/><\/p>\n<p>&nbsp;<\/p>\n<p>Kieliszek do w\u00f3dki SHOT o pojemno\u015bci 30 ml. Elegancki upominek dla w\u0119dkarza. Kieliszek jest wypiaskowany na oko\u0142o , co sprawia \u017ce wygl\u0105da jak by by\u0142 zmro\u017cony. Ozdobiony jest motywem w\u0119dkarki. Wygodny kieliszek o ma\u0142ej pojemno\u015bci, dobrze trzyma si\u0119 w d\u0142oni.\u00a0 Nadaje si\u0119 do mycia w zmywarce.<\/p>\n","protected":false},"excerpt":{"rendered":"<p><img loading=\"lazy\" class=\"alignnone size-medium wp-image-3492\" src=\"http:\/\/violmax.pl\/wp-content\/uploads\/2020\/05\/VIOLMAX_POLSKA-300x28.jpg\" alt=\"\" width=\"300\" height=\"28\" \/><\/p>\n<p>&nbsp;<\/p>\n<p>Kieliszek do w\u00f3dki SHOT o pojemno\u015bci 30 ml. Elegancki upominek dla w\u0119dkarki. Kieliszek jest wypiaskowany na oko\u0142o , co sprawia \u017ce wygl\u0105da jak by by\u0142 zmro\u017cony. Ozdobiony jest motywem w\u0119dkarza. Wygodny kieliszek o ma\u0142ej pojemno\u015bci, dobrze trzyma si\u0119 w d\u0142oni.\u00a0 Nadaje si\u0119 do mycia w zmywarce.<\/p>\n<p><em><strong>Minimalna ilo\u015b\u0107 zam\u00f3wienia &#8211; 6 sztuk (1 opakowanie)<br \/>\n<\/strong><\/em><\/p>\n<p><strong><em>Towar sprzedawany na opakowania<\/em><\/strong><\/p>\n<h3><span style=\"color: #ff0000;\">PRZY DODAWANIU DO KOSZYKA, NALE\u017bY DODAWA\u0106 KROTNO\u015a\u0106\u00a0 LICZBY 6 &#8211; (1 opak)\u00a0 np: 6 ; 12 ; 18 itd<\/span><\/h3>\n<h3><strong>CENA ZA SZTUK\u0118.<\/strong><\/h3>\n<h2><strong>\u00a0<\/strong><\/h2>\n","protected":false},"featured_media":6801,"comment_status":"open","ping_status":"closed","template":"","meta":[],"_links":{"self":[{"href":"https:\/\/violmax.pl\/index.php\/wp-json\/wp\/v2\/product\/6876"}],"collection":[{"href":"https:\/\/violmax.pl\/index.php\/wp-json\/wp\/v2\/product"}],"about":[{"href":"https:\/\/violmax.pl\/index.php\/wp-json\/wp\/v2\/types\/product"}],"replies":[{"embeddable":true,"href":"https:\/\/violmax.pl\/index.php\/wp-json\/wp\/v2\/comments?post=6876"}],"wp:featuredmedia":[{"embeddable":true,"href":"https:\/\/violmax.pl\/index.php\/wp-json\/wp\/v2\/media\/6801"}],"wp:attachment":[{"href":"https:\/\/violmax.pl\/index.php\/wp-json\/wp\/v2\/media?parent=6876"}],"curies":[{"name":"wp","href":"https:\/\/api.w.org\/{rel}","templated":true}]}}