{"id":6830,"date":"2021-01-24T21:43:12","date_gmt":"2021-01-24T20:43:12","guid":{"rendered":"http:\/\/violmax.pl\/?post_type=product&#038;p=6830"},"modified":"2025-12-02T13:21:14","modified_gmt":"2025-12-02T12:21:14","slug":"wedkarskie-szklanka-do-whisky-kwadrat-250-ml-sandacz-3-szron","status":"publish","type":"product","link":"https:\/\/violmax.pl\/index.php\/produkt\/wedkarskie-szklanka-do-whisky-kwadrat-250-ml-sandacz-3-szron\/","title":{"rendered":"W\u0118DKARSTWO, SZKLANKA DO WHISKY &#8220;KWADRAT&#8221; 250 ML, SANDACZ 3 SZRON"},"content":{"rendered":"<p><img loading=\"lazy\" class=\"alignnone size-medium wp-image-6821\" src=\"http:\/\/violmax.pl\/wp-content\/uploads\/2021\/01\/wedkarskie_szklanka_do_whisky_kwadrat_250_ml_sandacz_3-300x240.png\" alt=\"\" width=\"300\" height=\"240\" srcset=\"https:\/\/violmax.pl\/wp-content\/uploads\/2021\/01\/wedkarskie_szklanka_do_whisky_kwadrat_250_ml_sandacz_3-300x240.png 300w, https:\/\/violmax.pl\/wp-content\/uploads\/2021\/01\/wedkarskie_szklanka_do_whisky_kwadrat_250_ml_sandacz_3-768x614.png 768w, https:\/\/violmax.pl\/wp-content\/uploads\/2021\/01\/wedkarskie_szklanka_do_whisky_kwadrat_250_ml_sandacz_3-320x256.png 320w, https:\/\/violmax.pl\/wp-content\/uploads\/2021\/01\/wedkarskie_szklanka_do_whisky_kwadrat_250_ml_sandacz_3-680x544.png 680w, https:\/\/violmax.pl\/wp-content\/uploads\/2021\/01\/wedkarskie_szklanka_do_whisky_kwadrat_250_ml_sandacz_3.png 899w\" sizes=\"(max-width: 300px) 100vw, 300px\" \/><\/p>\n<p>&nbsp;<\/p>\n<p>Szklanka do whisky o kwadratowym kszta\u0142cie, pojemno\u015b\u0107 250 ml. Elegancki upominek dla w\u0119dkarza , szklanka jest wypiaskowana w ko\u0142o , co sprawia \u017ce wygl\u0105da jak by by\u0142a zmro\u017cona. Ozdobiona jest motywem ryby sandacza oraz w\u0119dkarza w \u0142\u00f3dce. Wygodna szklanka o du\u017cej pojemno\u015bci, dobrze trzyma si\u0119 w d\u0142oni.\u00a0 Nadaje si\u0119 do mycia w zmywarce.<\/p>\n","protected":false},"excerpt":{"rendered":"<p><img loading=\"lazy\" class=\"alignnone size-medium wp-image-3492\" src=\"http:\/\/violmax.pl\/wp-content\/uploads\/2020\/05\/VIOLMAX_POLSKA-300x28.jpg\" alt=\"\" width=\"300\" height=\"28\" \/><\/p>\n<p>&nbsp;<\/p>\n<p>Szklanka do whisky o kwadratowym kszta\u0142cie, pojemno\u015b\u0107 250 ml. Elegancki upominek dla w\u0119dkarza , szklanka jest wypiaskowana w ko\u0142o , co sprawia \u017ce wygl\u0105da jak by by\u0142a zmro\u017cona. Ozdobiona jest motywem ryby sandacza oraz w\u0119dkarza w \u0142\u00f3dce. Wygodna szklanka o du\u017cej pojemno\u015bci, dobrze trzyma si\u0119 w d\u0142oni.\u00a0 Nadaje si\u0119 do mycia w zmywarce.<\/p>\n<p><em><strong>Minimalna ilo\u015b\u0107 zam\u00f3wienia &#8211; 6 sztuk (1 opakowanie)<br \/>\n<\/strong><\/em><\/p>\n<p><strong><em>Towar sprzedawany na opakowania<\/em><\/strong><\/p>\n<h3><span style=\"color: #ff0000;\">PRZY DODAWANIU DO KOSZYKA, NALE\u017bY DODAWA\u0106 KROTNO\u015a\u0106\u00a0 LICZBY 6 &#8211; (1 opak)\u00a0 np: 6 ; 12 ; 18 itd<\/span><\/h3>\n<h3><strong>CENA ZA SZTUK\u0118.<\/strong><\/h3>\n<h2><strong>\u00a0<\/strong><\/h2>\n","protected":false},"featured_media":6821,"comment_status":"open","ping_status":"closed","template":"","meta":[],"_links":{"self":[{"href":"https:\/\/violmax.pl\/index.php\/wp-json\/wp\/v2\/product\/6830"}],"collection":[{"href":"https:\/\/violmax.pl\/index.php\/wp-json\/wp\/v2\/product"}],"about":[{"href":"https:\/\/violmax.pl\/index.php\/wp-json\/wp\/v2\/types\/product"}],"replies":[{"embeddable":true,"href":"https:\/\/violmax.pl\/index.php\/wp-json\/wp\/v2\/comments?post=6830"}],"wp:featuredmedia":[{"embeddable":true,"href":"https:\/\/violmax.pl\/index.php\/wp-json\/wp\/v2\/media\/6821"}],"wp:attachment":[{"href":"https:\/\/violmax.pl\/index.php\/wp-json\/wp\/v2\/media?parent=6830"}],"curies":[{"name":"wp","href":"https:\/\/api.w.org\/{rel}","templated":true}]}}