{"id":6660,"date":"2021-01-20T20:48:22","date_gmt":"2021-01-20T19:48:22","guid":{"rendered":"http:\/\/violmax.pl\/?post_type=product&#038;p=6660"},"modified":"2025-12-02T13:21:19","modified_gmt":"2025-12-02T12:21:19","slug":"wedkarskie-karp-karafka-lamana","status":"publish","type":"product","link":"https:\/\/violmax.pl\/index.php\/produkt\/wedkarskie-karp-karafka-lamana\/","title":{"rendered":"W\u0118DKARSTWO, KARAFKA &#8220;\u0141AMANA&#8221; 0,75 LITRA, KARP SZRON"},"content":{"rendered":"<p><img loading=\"lazy\" class=\"alignnone size-medium wp-image-6648\" src=\"http:\/\/violmax.pl\/wp-content\/uploads\/2021\/01\/wedkarskie_karp_karafka_2-187x300.png\" alt=\"\" width=\"187\" height=\"300\" srcset=\"https:\/\/violmax.pl\/wp-content\/uploads\/2021\/01\/wedkarskie_karp_karafka_2-187x300.png 187w, https:\/\/violmax.pl\/wp-content\/uploads\/2021\/01\/wedkarskie_karp_karafka_2.png 562w\" sizes=\"(max-width: 187px) 100vw, 187px\" \/><img loading=\"lazy\" class=\"alignnone size-medium wp-image-6649\" src=\"http:\/\/violmax.pl\/wp-content\/uploads\/2021\/01\/wedkarskie_karp_karafka_3-187x300.png\" alt=\"\" width=\"187\" height=\"300\" srcset=\"https:\/\/violmax.pl\/wp-content\/uploads\/2021\/01\/wedkarskie_karp_karafka_3-187x300.png 187w, https:\/\/violmax.pl\/wp-content\/uploads\/2021\/01\/wedkarskie_karp_karafka_3.png 562w\" sizes=\"(max-width: 187px) 100vw, 187px\" \/><img loading=\"lazy\" class=\"alignnone size-medium wp-image-6650\" src=\"http:\/\/violmax.pl\/wp-content\/uploads\/2021\/01\/wedkarskie_karp_karafka_4-188x300.png\" alt=\"\" width=\"188\" height=\"300\" srcset=\"https:\/\/violmax.pl\/wp-content\/uploads\/2021\/01\/wedkarskie_karp_karafka_4-188x300.png 188w, https:\/\/violmax.pl\/wp-content\/uploads\/2021\/01\/wedkarskie_karp_karafka_4.png 563w\" sizes=\"(max-width: 188px) 100vw, 188px\" \/><img loading=\"lazy\" class=\"alignnone size-medium wp-image-6647\" src=\"http:\/\/violmax.pl\/wp-content\/uploads\/2021\/01\/wedkarskie_karp_karafka_1-188x300.png\" alt=\"\" width=\"188\" height=\"300\" srcset=\"https:\/\/violmax.pl\/wp-content\/uploads\/2021\/01\/wedkarskie_karp_karafka_1-188x300.png 188w, https:\/\/violmax.pl\/wp-content\/uploads\/2021\/01\/wedkarskie_karp_karafka_1.png 563w\" sizes=\"(max-width: 188px) 100vw, 188px\" \/><\/p>\n<p>Karafka o litra\u017cu 0,75 litra \u2013 wypiaskowana motywem z jednej strony ryby karpia, a z drugiej strony w\u0119dkarzem. Wypiaskowana jest na oko\u0142o, co sprawia \u017ce wygl\u0105da jak by by\u0142a zmro\u017cona. Karafka mo\u017ce s\u0142u\u017cy\u0107 jako nietuzinkowy, szklany prezent lub ozdobny flakon na nalewki, wina, koniaki. Pi\u0119kny, okaza\u0142y prezent ( 26 cm wysoko\u015bci )\u00a0 dla w\u0119dkarza, kt\u00f3ra zachwyci ka\u017cdego. Nadaje si\u0119 do mycia w zmywarce.<\/p>\n","protected":false},"excerpt":{"rendered":"<div class=\"woocommerce-product-details__short-description\">\n<p><img loading=\"lazy\" class=\"alignnone size-medium wp-image-3492\" src=\"http:\/\/violmax.pl\/wp-content\/uploads\/2020\/05\/VIOLMAX_POLSKA-300x28.jpg\" alt=\"\" width=\"300\" height=\"28\" \/><\/p>\n<p>&nbsp;<\/p>\n<p>Karafka o litra\u017cu 0,75 litra \u2013 wypiaskowana motywem z jednej strony ryby karpia, a z drugiej strony w\u0119dkarzem. Wypiaskowana jest na oko\u0142o, co sprawia \u017ce wygl\u0105da jak by by\u0142a zmro\u017cona. Karafka mo\u017ce s\u0142u\u017cy\u0107 jako nietuzinkowy, szklany prezent lub ozdobny flakon na nalewki, wina, koniaki. Pi\u0119kny, okaza\u0142y prezent ( 26 cm wysoko\u015bci )\u00a0 dla w\u0119dkarza, kt\u00f3ra zachwyci ka\u017cdego. Nadaje si\u0119 do mycia w zmywarce.<\/p>\n<p><strong><em>Minimalna ilo\u015b\u0107 zam\u00f3wienia \u2013 1 sztuka (1 opakowanie)<\/em><br \/>\n<\/strong><\/p>\n<h3><strong>CENA ZA SZTUK\u0118.<\/strong><\/h3>\n<h2><strong>\u00a0<\/strong><\/h2>\n<\/div>\n","protected":false},"featured_media":6646,"comment_status":"open","ping_status":"closed","template":"","meta":[],"_links":{"self":[{"href":"https:\/\/violmax.pl\/index.php\/wp-json\/wp\/v2\/product\/6660"}],"collection":[{"href":"https:\/\/violmax.pl\/index.php\/wp-json\/wp\/v2\/product"}],"about":[{"href":"https:\/\/violmax.pl\/index.php\/wp-json\/wp\/v2\/types\/product"}],"replies":[{"embeddable":true,"href":"https:\/\/violmax.pl\/index.php\/wp-json\/wp\/v2\/comments?post=6660"}],"wp:featuredmedia":[{"embeddable":true,"href":"https:\/\/violmax.pl\/index.php\/wp-json\/wp\/v2\/media\/6646"}],"wp:attachment":[{"href":"https:\/\/violmax.pl\/index.php\/wp-json\/wp\/v2\/media?parent=6660"}],"curies":[{"name":"wp","href":"https:\/\/api.w.org\/{rel}","templated":true}]}}