{"id":6657,"date":"2021-01-20T20:43:17","date_gmt":"2021-01-20T19:43:17","guid":{"rendered":"http:\/\/violmax.pl\/?post_type=product&#038;p=6657"},"modified":"2026-01-10T08:27:34","modified_gmt":"2026-01-10T07:27:34","slug":"wedkarskie-ryby-mix-1-kieliszek-stopka-beretti-20-ml","status":"publish","type":"product","link":"https:\/\/violmax.pl\/index.php\/produkt\/wedkarskie-ryby-mix-1-kieliszek-stopka-beretti-20-ml\/","title":{"rendered":"W\u0118DKARSTWO, KIELISZEK DO W\u00d3DKI &#8220;BERETTI&#8221; 20 ML, RYBY SZRON"},"content":{"rendered":"<p><img loading=\"lazy\" class=\"alignnone size-medium wp-image-6651\" src=\"http:\/\/violmax.pl\/wp-content\/uploads\/2021\/01\/wedkarskie_ryby_mix_1_kieliszek_stopka_beretti_20_ml-300x240.png\" alt=\"\" width=\"300\" height=\"240\" srcset=\"https:\/\/violmax.pl\/wp-content\/uploads\/2021\/01\/wedkarskie_ryby_mix_1_kieliszek_stopka_beretti_20_ml-300x240.png 300w, https:\/\/violmax.pl\/wp-content\/uploads\/2021\/01\/wedkarskie_ryby_mix_1_kieliszek_stopka_beretti_20_ml-768x614.png 768w, https:\/\/violmax.pl\/wp-content\/uploads\/2021\/01\/wedkarskie_ryby_mix_1_kieliszek_stopka_beretti_20_ml-320x256.png 320w, https:\/\/violmax.pl\/wp-content\/uploads\/2021\/01\/wedkarskie_ryby_mix_1_kieliszek_stopka_beretti_20_ml-680x544.png 680w, https:\/\/violmax.pl\/wp-content\/uploads\/2021\/01\/wedkarskie_ryby_mix_1_kieliszek_stopka_beretti_20_ml.png 900w\" sizes=\"(max-width: 300px) 100vw, 300px\" \/><img loading=\"lazy\" class=\"alignnone size-medium wp-image-6652\" src=\"http:\/\/violmax.pl\/wp-content\/uploads\/2021\/01\/wedkarskie_ryby_mix_2_kieliszek_stopka_beretti_20_ml-300x240.png\" alt=\"\" width=\"300\" height=\"240\" srcset=\"https:\/\/violmax.pl\/wp-content\/uploads\/2021\/01\/wedkarskie_ryby_mix_2_kieliszek_stopka_beretti_20_ml-300x240.png 300w, https:\/\/violmax.pl\/wp-content\/uploads\/2021\/01\/wedkarskie_ryby_mix_2_kieliszek_stopka_beretti_20_ml-768x614.png 768w, https:\/\/violmax.pl\/wp-content\/uploads\/2021\/01\/wedkarskie_ryby_mix_2_kieliszek_stopka_beretti_20_ml-320x256.png 320w, https:\/\/violmax.pl\/wp-content\/uploads\/2021\/01\/wedkarskie_ryby_mix_2_kieliszek_stopka_beretti_20_ml-680x544.png 680w, https:\/\/violmax.pl\/wp-content\/uploads\/2021\/01\/wedkarskie_ryby_mix_2_kieliszek_stopka_beretti_20_ml.png 900w\" sizes=\"(max-width: 300px) 100vw, 300px\" \/><img loading=\"lazy\" class=\"alignnone size-medium wp-image-6653\" src=\"http:\/\/violmax.pl\/wp-content\/uploads\/2021\/01\/wedkarskie_ryby_mix_3_kieliszek_stopka_beretti_20_ml-300x240.png\" alt=\"\" width=\"300\" height=\"240\" srcset=\"https:\/\/violmax.pl\/wp-content\/uploads\/2021\/01\/wedkarskie_ryby_mix_3_kieliszek_stopka_beretti_20_ml-300x240.png 300w, https:\/\/violmax.pl\/wp-content\/uploads\/2021\/01\/wedkarskie_ryby_mix_3_kieliszek_stopka_beretti_20_ml-768x614.png 768w, https:\/\/violmax.pl\/wp-content\/uploads\/2021\/01\/wedkarskie_ryby_mix_3_kieliszek_stopka_beretti_20_ml-320x256.png 320w, https:\/\/violmax.pl\/wp-content\/uploads\/2021\/01\/wedkarskie_ryby_mix_3_kieliszek_stopka_beretti_20_ml-680x544.png 680w, https:\/\/violmax.pl\/wp-content\/uploads\/2021\/01\/wedkarskie_ryby_mix_3_kieliszek_stopka_beretti_20_ml.png 900w\" sizes=\"(max-width: 300px) 100vw, 300px\" \/><\/p>\n<p>&nbsp;<\/p>\n<p>Kieliszek do w\u00f3dki na stopce Beretti o pojemno\u015bci 20 ml. Elegancki upominek dla w\u0119dkarza. Kieliszek jest wypiaskowany na oko\u0142o , co sprawia \u017ce wygl\u0105da jak by by\u0142 zmro\u017cony. Ozdobiony jest motywem z jednej strony rybami, a z drugiej strony w\u0119dkark\u0105. Wygodny kieliszek o ma\u0142ej pojemno\u015bci, dobrze trzyma si\u0119 w d\u0142oni.\u00a0 Nadaje si\u0119 do mycia w zmywarce.<\/p>\n","protected":false},"excerpt":{"rendered":"<p><img loading=\"lazy\" class=\"alignnone size-medium wp-image-3492\" src=\"http:\/\/violmax.pl\/wp-content\/uploads\/2020\/05\/VIOLMAX_POLSKA-300x28.jpg\" alt=\"\" width=\"300\" height=\"28\" \/><\/p>\n<p>&nbsp;<\/p>\n<p>Kieliszek do w\u00f3dki na stopce Beretti o pojemno\u015bci 20 ml. Elegancki upominek dla w\u0119dkarza. Kieliszek jest wypiaskowany na oko\u0142o , co sprawia \u017ce wygl\u0105da jak by by\u0142 zmro\u017cony. Ozdobiony jest motywem z jednej strony rybami, a z drugiej strony w\u0119dkark\u0105. Wygodny kieliszek o ma\u0142ej pojemno\u015bci, dobrze trzyma si\u0119 w d\u0142oni.\u00a0 Nadaje si\u0119 do mycia w zmywarce.<\/p>\n<p><em><strong>Minimalna ilo\u015b\u0107 zam\u00f3wienia &#8211; 6 sztuk (1 opakowanie)<br \/>\n<\/strong><\/em><\/p>\n<p><strong><em>Towar sprzedawany na opakowania<\/em><\/strong><\/p>\n<h3><span style=\"color: #ff0000;\">PRZY DODAWANIU DO KOSZYKA, NALE\u017bY DODAWA\u0106 KROTNO\u015a\u0106\u00a0 LICZBY 6 &#8211; (1 opak)\u00a0 np: 6 ; 12 ; 18 itd<\/span><\/h3>\n<h3><strong>CENA ZA SZTUK\u0118.<\/strong><\/h3>\n<h2><strong>\u00a0<\/strong><\/h2>\n","protected":false},"featured_media":6663,"comment_status":"open","ping_status":"closed","template":"","meta":[],"_links":{"self":[{"href":"https:\/\/violmax.pl\/index.php\/wp-json\/wp\/v2\/product\/6657"}],"collection":[{"href":"https:\/\/violmax.pl\/index.php\/wp-json\/wp\/v2\/product"}],"about":[{"href":"https:\/\/violmax.pl\/index.php\/wp-json\/wp\/v2\/types\/product"}],"replies":[{"embeddable":true,"href":"https:\/\/violmax.pl\/index.php\/wp-json\/wp\/v2\/comments?post=6657"}],"wp:featuredmedia":[{"embeddable":true,"href":"https:\/\/violmax.pl\/index.php\/wp-json\/wp\/v2\/media\/6663"}],"wp:attachment":[{"href":"https:\/\/violmax.pl\/index.php\/wp-json\/wp\/v2\/media?parent=6657"}],"curies":[{"name":"wp","href":"https:\/\/api.w.org\/{rel}","templated":true}]}}