{"id":6596,"date":"2021-01-10T16:01:12","date_gmt":"2021-01-10T15:01:12","guid":{"rendered":"http:\/\/violmax.pl\/?post_type=product&#038;p=6596"},"modified":"2025-12-02T13:21:20","modified_gmt":"2025-12-02T12:21:20","slug":"poznan-lemon-500-ml-szron-odlew-2d-kolor","status":"publish","type":"product","link":"https:\/\/violmax.pl\/index.php\/produkt\/poznan-lemon-500-ml-szron-odlew-2d-kolor\/","title":{"rendered":"POZNA\u0143, DZBANEK-KUFEL DO ZIMNYCH NAPOIJ\u00d3W ALKOHOLOWYCH &#8220;LEMON&#8221;0,5 LITRA, KOZIO\u0141KI RATUSZ 2D KOLOR + SZRON"},"content":{"rendered":"<p><img loading=\"lazy\" class=\"alignnone size-medium wp-image-6742\" src=\"http:\/\/violmax.pl\/wp-content\/uploads\/2021\/01\/poznan_dzbanek_lemon_500_ml_szron_odlew_2d_kolor-300x240.png\" alt=\"\" width=\"300\" height=\"240\" srcset=\"https:\/\/violmax.pl\/wp-content\/uploads\/2021\/01\/poznan_dzbanek_lemon_500_ml_szron_odlew_2d_kolor-300x240.png 300w, https:\/\/violmax.pl\/wp-content\/uploads\/2021\/01\/poznan_dzbanek_lemon_500_ml_szron_odlew_2d_kolor-768x614.png 768w, https:\/\/violmax.pl\/wp-content\/uploads\/2021\/01\/poznan_dzbanek_lemon_500_ml_szron_odlew_2d_kolor-320x256.png 320w, https:\/\/violmax.pl\/wp-content\/uploads\/2021\/01\/poznan_dzbanek_lemon_500_ml_szron_odlew_2d_kolor-680x544.png 680w, https:\/\/violmax.pl\/wp-content\/uploads\/2021\/01\/poznan_dzbanek_lemon_500_ml_szron_odlew_2d_kolor.png 900w\" sizes=\"(max-width: 300px) 100vw, 300px\" \/><\/p>\n<p>&nbsp;<\/p>\n<p>Dzbanek-kufel do zimnych napoj\u00f3w alkoholowych \u201eLEMON\u201d o litra\u017cu 0,5 litra . Ozdobiony jest okaza\u0142ym metalowym odlewem z motywem kozio\u0142k\u00f3w pozna\u0144skich\u00a0 w kolorze i nazw\u0105 miasta Pozna\u0144. Wypiaskowanie dzbanka sprawia, \u017ce wygl\u0105da on jak by by\u0142 zmro\u017cony,\u00a0 Znakomicie sprawdzi si\u0119 jako dzbanek do codziennego u\u017cytku lub jako \u015bwietna pami\u0105tka z Poznania. Idealny na prezent dla lubuj\u0105cych si\u0119 w piwie lub os\u00f3b, kt\u00f3re ceni\u0105 sobie pami\u0105tki ze smakiem. Ozdobi ka\u017cde wn\u0119trze i zachwyci go\u015bci. Idealna pami\u0105tka z Poznania.<\/p>\n","protected":false},"excerpt":{"rendered":"<p><img loading=\"lazy\" class=\"alignnone size-full wp-image-5364\" src=\"http:\/\/violmax.pl\/wp-content\/uploads\/2020\/10\/VIOLMAX_POLSKA-3.jpg\" alt=\"\" width=\"300\" height=\"28\" \/><\/p>\n<p>&nbsp;<\/p>\n<p>Dzbanek-kufel do zimnych napoj\u00f3w alkoholowych \u201eLEMON\u201d o litra\u017cu 0,5 litra . Ozdobiony jest okaza\u0142ym metalowym odlewem z motywem kozio\u0142k\u00f3w pozna\u0144skich\u00a0 w kolorze i nazw\u0105 miasta Pozna\u0144. Wypiaskowanie dzbanka sprawia, \u017ce wygl\u0105da on jak by by\u0142 zmro\u017cony,\u00a0 Znakomicie sprawdzi si\u0119 jako dzbanek do codziennego u\u017cytku lub jako \u015bwietna pami\u0105tka z Poznania. Idealny na prezent dla lubuj\u0105cych si\u0119 w piwie lub os\u00f3b, kt\u00f3re ceni\u0105 sobie pami\u0105tki ze smakiem. Ozdobi ka\u017cde wn\u0119trze i zachwyci go\u015bci. Idealna pami\u0105tka z Poznania.<\/p>\n<p><strong>Minimalna ilo\u015b\u0107 zam\u00f3wienia &#8211; 6 sztuk (1 opakowanie)<br \/>\n<\/strong><\/p>\n<p><strong><em>Towar sprzedawany na opakowania<\/em><\/strong><\/p>\n<h3><span style=\"color: #ff0000;\">PRZY DODAWANIU DO KOSZYKA, NALE\u017bY DODAWA\u0106 KROTNO\u015a\u0106\u00a0 LICZBY 6 &#8211; (1 opak)\u00a0 np: 6 ; 12 ; 18 itd<\/span><\/h3>\n<h3><strong>CENA ZA SZTUK\u0118.<\/strong><\/h3>\n<h2><strong>\u00a0<\/strong><\/h2>\n","protected":false},"featured_media":6742,"comment_status":"open","ping_status":"closed","template":"","meta":[],"_links":{"self":[{"href":"https:\/\/violmax.pl\/index.php\/wp-json\/wp\/v2\/product\/6596"}],"collection":[{"href":"https:\/\/violmax.pl\/index.php\/wp-json\/wp\/v2\/product"}],"about":[{"href":"https:\/\/violmax.pl\/index.php\/wp-json\/wp\/v2\/types\/product"}],"replies":[{"embeddable":true,"href":"https:\/\/violmax.pl\/index.php\/wp-json\/wp\/v2\/comments?post=6596"}],"wp:featuredmedia":[{"embeddable":true,"href":"https:\/\/violmax.pl\/index.php\/wp-json\/wp\/v2\/media\/6742"}],"wp:attachment":[{"href":"https:\/\/violmax.pl\/index.php\/wp-json\/wp\/v2\/media?parent=6596"}],"curies":[{"name":"wp","href":"https:\/\/api.w.org\/{rel}","templated":true}]}}