{"id":6530,"date":"2021-01-04T22:07:16","date_gmt":"2021-01-04T21:07:16","guid":{"rendered":"http:\/\/violmax.pl\/?post_type=product&#038;p=6530"},"modified":"2025-12-02T13:21:24","modified_gmt":"2025-12-02T12:21:24","slug":"myslistwo-kieliszek-do-wody-lav-375-ml-mysliwy-zwierzeta-szron-karton-1","status":"publish","type":"product","link":"https:\/\/violmax.pl\/index.php\/produkt\/myslistwo-kieliszek-do-wody-lav-375-ml-mysliwy-zwierzeta-szron-karton-1\/","title":{"rendered":"MY\u015aLISTWO, KIELISZEK DO WODY &#8220;LAV 375&#8221; ML, MY\u015aLIWY I ZWIERZ\u0118TA, SZRON, KARTON FIRMOWY"},"content":{"rendered":"<p><img loading=\"lazy\" class=\"alignnone size-medium wp-image-10379\" src=\"http:\/\/violmax.pl\/wp-content\/uploads\/2023\/10\/Myslistwo_kieliszek_do_wody_lav_375_ml_mysliwy_zwierzeta_szron_karton_1-300x250.png\" alt=\"\" width=\"300\" height=\"250\" srcset=\"https:\/\/violmax.pl\/wp-content\/uploads\/2023\/10\/Myslistwo_kieliszek_do_wody_lav_375_ml_mysliwy_zwierzeta_szron_karton_1-300x250.png 300w, https:\/\/violmax.pl\/wp-content\/uploads\/2023\/10\/Myslistwo_kieliszek_do_wody_lav_375_ml_mysliwy_zwierzeta_szron_karton_1-768x640.png 768w, https:\/\/violmax.pl\/wp-content\/uploads\/2023\/10\/Myslistwo_kieliszek_do_wody_lav_375_ml_mysliwy_zwierzeta_szron_karton_1-680x567.png 680w, https:\/\/violmax.pl\/wp-content\/uploads\/2023\/10\/Myslistwo_kieliszek_do_wody_lav_375_ml_mysliwy_zwierzeta_szron_karton_1.png 900w\" sizes=\"(max-width: 300px) 100vw, 300px\" \/><img loading=\"lazy\" class=\"alignnone size-medium wp-image-10380\" src=\"http:\/\/violmax.pl\/wp-content\/uploads\/2023\/10\/Myslistwo_kieliszek_do_wody_lav_375_ml_mysliwy_zwierzeta_szron_karton_2-300x250.png\" alt=\"\" width=\"300\" height=\"250\" srcset=\"https:\/\/violmax.pl\/wp-content\/uploads\/2023\/10\/Myslistwo_kieliszek_do_wody_lav_375_ml_mysliwy_zwierzeta_szron_karton_2-300x250.png 300w, https:\/\/violmax.pl\/wp-content\/uploads\/2023\/10\/Myslistwo_kieliszek_do_wody_lav_375_ml_mysliwy_zwierzeta_szron_karton_2-768x640.png 768w, https:\/\/violmax.pl\/wp-content\/uploads\/2023\/10\/Myslistwo_kieliszek_do_wody_lav_375_ml_mysliwy_zwierzeta_szron_karton_2-680x567.png 680w, https:\/\/violmax.pl\/wp-content\/uploads\/2023\/10\/Myslistwo_kieliszek_do_wody_lav_375_ml_mysliwy_zwierzeta_szron_karton_2.png 900w\" sizes=\"(max-width: 300px) 100vw, 300px\" \/><img loading=\"lazy\" class=\"alignnone size-medium wp-image-10137\" src=\"http:\/\/violmax.pl\/wp-content\/uploads\/2023\/09\/Mysliwskie_szklanka_do_whisky_versailles_350_ml_pudelko_zamkniete-300x250.png\" alt=\"\" width=\"300\" height=\"250\" srcset=\"https:\/\/violmax.pl\/wp-content\/uploads\/2023\/09\/Mysliwskie_szklanka_do_whisky_versailles_350_ml_pudelko_zamkniete-300x250.png 300w, https:\/\/violmax.pl\/wp-content\/uploads\/2023\/09\/Mysliwskie_szklanka_do_whisky_versailles_350_ml_pudelko_zamkniete-768x640.png 768w, https:\/\/violmax.pl\/wp-content\/uploads\/2023\/09\/Mysliwskie_szklanka_do_whisky_versailles_350_ml_pudelko_zamkniete-680x567.png 680w, https:\/\/violmax.pl\/wp-content\/uploads\/2023\/09\/Mysliwskie_szklanka_do_whisky_versailles_350_ml_pudelko_zamkniete.png 900w\" sizes=\"(max-width: 300px) 100vw, 300px\" \/><\/p>\n<p>&nbsp;<\/p>\n<p>Kieliszek do wody &#8220;LAV 375&#8221; pojemno\u015bci 375 ml. Elegancki upominek dla my\u015bliwego. Kieliszek jest wypiaskowany na oko\u0142o , co sprawia \u017ce wygl\u0105da jak by by\u0142 zmro\u017cony. Ozdobiony jest motywem my\u015bliwego oraz zwierz\u0119tami \u0142ownymi. W jednym kartonie znajduj\u0105 si\u0119 3 szt kieliszka. Mo\u017cemy uk\u0142ada\u0107 zwierz\u0119ta pod \u017cyczenie klienta. Wygodny kieliszek o du\u017cej pojemno\u015bci, dobrze trzyma si\u0119 w d\u0142oni.\u00a0 Nadaje si\u0119 do mycia w zmywarce.<\/p>\n","protected":false},"excerpt":{"rendered":"<p><img loading=\"lazy\" class=\"alignnone size-medium wp-image-3492\" src=\"http:\/\/violmax.pl\/wp-content\/uploads\/2020\/05\/VIOLMAX_POLSKA-300x28.jpg\" alt=\"\" width=\"300\" height=\"28\" \/><\/p>\n<p>&nbsp;<\/p>\n<p>Kieliszek do wody &#8220;LAV 375&#8221; pojemno\u015bci 375 ml. Elegancki upominek dla my\u015bliwego. Kieliszek jest wypiaskowany na oko\u0142o , co sprawia \u017ce wygl\u0105da jak by by\u0142 zmro\u017cony. Ozdobiony jest motywem my\u015bliwego oraz zwierz\u0119tami \u0142ownymi. W jednym kartonie znajduj\u0105 si\u0119 3 szt kieliszka. Mo\u017cemy uk\u0142ada\u0107 zwierz\u0119ta pod \u017cyczenie klienta. Wygodny kieliszek o du\u017cej pojemno\u015bci, dobrze trzyma si\u0119 w d\u0142oni.\u00a0 Nadaje si\u0119 do mycia w zmywarce.<\/p>\n<p><em><strong>Minimalna ilo\u015b\u0107 zam\u00f3wienia &#8211; 6 sztuk (1 opakowanie)<br \/>\n<\/strong><\/em><\/p>\n<p><strong><em>Towar sprzedawany na opakowania<\/em><\/strong><\/p>\n<h3><span style=\"color: #ff0000;\">PRZY DODAWANIU DO KOSZYKA, NALE\u017bY DODAWA\u0106 KROTNO\u015a\u0106\u00a0 LICZBY 6 &#8211; (1 opak)\u00a0 np: 6 ; 12 ; 18 itd<\/span><\/h3>\n<h3><strong>CENA ZA SZTUK\u0118.<\/strong><\/h3>\n<h2><strong>\u00a0<\/strong><\/h2>\n","protected":false},"featured_media":10379,"comment_status":"open","ping_status":"closed","template":"","meta":[],"_links":{"self":[{"href":"https:\/\/violmax.pl\/index.php\/wp-json\/wp\/v2\/product\/6530"}],"collection":[{"href":"https:\/\/violmax.pl\/index.php\/wp-json\/wp\/v2\/product"}],"about":[{"href":"https:\/\/violmax.pl\/index.php\/wp-json\/wp\/v2\/types\/product"}],"replies":[{"embeddable":true,"href":"https:\/\/violmax.pl\/index.php\/wp-json\/wp\/v2\/comments?post=6530"}],"wp:featuredmedia":[{"embeddable":true,"href":"https:\/\/violmax.pl\/index.php\/wp-json\/wp\/v2\/media\/10379"}],"wp:attachment":[{"href":"https:\/\/violmax.pl\/index.php\/wp-json\/wp\/v2\/media?parent=6530"}],"curies":[{"name":"wp","href":"https:\/\/api.w.org\/{rel}","templated":true}]}}