{"id":6473,"date":"2021-01-03T21:17:58","date_gmt":"2021-01-03T20:17:58","guid":{"rendered":"http:\/\/violmax.pl\/?post_type=product&#038;p=6473"},"modified":"2026-03-18T19:58:25","modified_gmt":"2026-03-18T18:58:25","slug":"myslistwo-szklanka-do-piwa-gosia-500-ml-jelenie-szron","status":"publish","type":"product","link":"https:\/\/violmax.pl\/index.php\/produkt\/myslistwo-szklanka-do-piwa-gosia-500-ml-jelenie-szron\/","title":{"rendered":"MY\u015aLISTWO, SZKLANKA DO PIWA &#8220;MA\u0141GOSIA&#8221; 500 ML, ZWIERZ\u0118TA \u0141OWNE SZRON"},"content":{"rendered":"<p><img loading=\"lazy\" class=\"alignnone size-medium wp-image-10222\" src=\"http:\/\/violmax.pl\/wp-content\/uploads\/2023\/10\/Myslistwo_szklanka_do_piwa_gosia_500_ml_jelenie_szron-300x300.png\" alt=\"\" width=\"300\" height=\"300\" srcset=\"https:\/\/violmax.pl\/wp-content\/uploads\/2023\/10\/Myslistwo_szklanka_do_piwa_gosia_500_ml_jelenie_szron-300x300.png 300w, https:\/\/violmax.pl\/wp-content\/uploads\/2023\/10\/Myslistwo_szklanka_do_piwa_gosia_500_ml_jelenie_szron-768x768.png 768w, https:\/\/violmax.pl\/wp-content\/uploads\/2023\/10\/Myslistwo_szklanka_do_piwa_gosia_500_ml_jelenie_szron-680x680.png 680w, https:\/\/violmax.pl\/wp-content\/uploads\/2023\/10\/Myslistwo_szklanka_do_piwa_gosia_500_ml_jelenie_szron-100x100.png 100w, https:\/\/violmax.pl\/wp-content\/uploads\/2023\/10\/Myslistwo_szklanka_do_piwa_gosia_500_ml_jelenie_szron.png 900w\" sizes=\"(max-width: 300px) 100vw, 300px\" \/><img loading=\"lazy\" class=\"alignnone size-medium wp-image-10227\" src=\"http:\/\/violmax.pl\/wp-content\/uploads\/2023\/10\/Myslistwo_szklanka_do_piwa_gosia_500_ml_dziki_szron-300x300.png\" alt=\"\" width=\"300\" height=\"300\" srcset=\"https:\/\/violmax.pl\/wp-content\/uploads\/2023\/10\/Myslistwo_szklanka_do_piwa_gosia_500_ml_dziki_szron-300x300.png 300w, https:\/\/violmax.pl\/wp-content\/uploads\/2023\/10\/Myslistwo_szklanka_do_piwa_gosia_500_ml_dziki_szron-768x768.png 768w, https:\/\/violmax.pl\/wp-content\/uploads\/2023\/10\/Myslistwo_szklanka_do_piwa_gosia_500_ml_dziki_szron-680x680.png 680w, https:\/\/violmax.pl\/wp-content\/uploads\/2023\/10\/Myslistwo_szklanka_do_piwa_gosia_500_ml_dziki_szron-100x100.png 100w, https:\/\/violmax.pl\/wp-content\/uploads\/2023\/10\/Myslistwo_szklanka_do_piwa_gosia_500_ml_dziki_szron.png 900w\" sizes=\"(max-width: 300px) 100vw, 300px\" \/><img loading=\"lazy\" class=\"alignnone size-medium wp-image-10226\" src=\"http:\/\/violmax.pl\/wp-content\/uploads\/2023\/10\/Myslistwo_szklanka_do_piwa_gosia_500_ml_bazanty_szron-300x300.png\" alt=\"\" width=\"300\" height=\"300\" srcset=\"https:\/\/violmax.pl\/wp-content\/uploads\/2023\/10\/Myslistwo_szklanka_do_piwa_gosia_500_ml_bazanty_szron-300x300.png 300w, https:\/\/violmax.pl\/wp-content\/uploads\/2023\/10\/Myslistwo_szklanka_do_piwa_gosia_500_ml_bazanty_szron-768x768.png 768w, https:\/\/violmax.pl\/wp-content\/uploads\/2023\/10\/Myslistwo_szklanka_do_piwa_gosia_500_ml_bazanty_szron-680x680.png 680w, https:\/\/violmax.pl\/wp-content\/uploads\/2023\/10\/Myslistwo_szklanka_do_piwa_gosia_500_ml_bazanty_szron-100x100.png 100w, https:\/\/violmax.pl\/wp-content\/uploads\/2023\/10\/Myslistwo_szklanka_do_piwa_gosia_500_ml_bazanty_szron.png 900w\" sizes=\"(max-width: 300px) 100vw, 300px\" \/><img loading=\"lazy\" class=\"alignnone size-medium wp-image-10225\" src=\"http:\/\/violmax.pl\/wp-content\/uploads\/2023\/10\/Myslistwo_szklanka_do_piwa_gosia_500_ml_losie_szron-300x300.png\" alt=\"\" width=\"300\" height=\"300\" srcset=\"https:\/\/violmax.pl\/wp-content\/uploads\/2023\/10\/Myslistwo_szklanka_do_piwa_gosia_500_ml_losie_szron-300x300.png 300w, https:\/\/violmax.pl\/wp-content\/uploads\/2023\/10\/Myslistwo_szklanka_do_piwa_gosia_500_ml_losie_szron-768x768.png 768w, https:\/\/violmax.pl\/wp-content\/uploads\/2023\/10\/Myslistwo_szklanka_do_piwa_gosia_500_ml_losie_szron-680x680.png 680w, https:\/\/violmax.pl\/wp-content\/uploads\/2023\/10\/Myslistwo_szklanka_do_piwa_gosia_500_ml_losie_szron-100x100.png 100w, https:\/\/violmax.pl\/wp-content\/uploads\/2023\/10\/Myslistwo_szklanka_do_piwa_gosia_500_ml_losie_szron.png 900w\" sizes=\"(max-width: 300px) 100vw, 300px\" \/><img loading=\"lazy\" class=\"alignnone size-medium wp-image-10224\" src=\"http:\/\/violmax.pl\/wp-content\/uploads\/2023\/10\/Myslistwo_szklanka_do_piwa_gosia_500_ml_lisy_szron-300x300.png\" alt=\"\" width=\"300\" height=\"300\" srcset=\"https:\/\/violmax.pl\/wp-content\/uploads\/2023\/10\/Myslistwo_szklanka_do_piwa_gosia_500_ml_lisy_szron-300x300.png 300w, https:\/\/violmax.pl\/wp-content\/uploads\/2023\/10\/Myslistwo_szklanka_do_piwa_gosia_500_ml_lisy_szron-768x768.png 768w, https:\/\/violmax.pl\/wp-content\/uploads\/2023\/10\/Myslistwo_szklanka_do_piwa_gosia_500_ml_lisy_szron-680x680.png 680w, https:\/\/violmax.pl\/wp-content\/uploads\/2023\/10\/Myslistwo_szklanka_do_piwa_gosia_500_ml_lisy_szron-100x100.png 100w, https:\/\/violmax.pl\/wp-content\/uploads\/2023\/10\/Myslistwo_szklanka_do_piwa_gosia_500_ml_lisy_szron.png 900w\" sizes=\"(max-width: 300px) 100vw, 300px\" \/><img loading=\"lazy\" class=\"alignnone size-medium wp-image-10223\" src=\"http:\/\/violmax.pl\/wp-content\/uploads\/2023\/10\/Myslistwo_szklanka_do_piwa_gosia_500_ml_kaczki_szron-300x300.png\" alt=\"\" width=\"300\" height=\"300\" srcset=\"https:\/\/violmax.pl\/wp-content\/uploads\/2023\/10\/Myslistwo_szklanka_do_piwa_gosia_500_ml_kaczki_szron-300x300.png 300w, https:\/\/violmax.pl\/wp-content\/uploads\/2023\/10\/Myslistwo_szklanka_do_piwa_gosia_500_ml_kaczki_szron-768x768.png 768w, https:\/\/violmax.pl\/wp-content\/uploads\/2023\/10\/Myslistwo_szklanka_do_piwa_gosia_500_ml_kaczki_szron-680x680.png 680w, https:\/\/violmax.pl\/wp-content\/uploads\/2023\/10\/Myslistwo_szklanka_do_piwa_gosia_500_ml_kaczki_szron-100x100.png 100w, https:\/\/violmax.pl\/wp-content\/uploads\/2023\/10\/Myslistwo_szklanka_do_piwa_gosia_500_ml_kaczki_szron.png 900w\" sizes=\"(max-width: 300px) 100vw, 300px\" \/><\/p>\n<p>&nbsp;<\/p>\n<p>Szklanka do piwa &#8220;MA\u0141GOSIA&#8221; o litra\u017cu 500 ml. Elegancki upominek dla my\u015bliwego. Szklanka jest wypiaskowana , co sprawia \u017ce wygl\u0105da jak by by\u0142a zmro\u017cona. Ozdobiona jest motywem zwierzyny \u0142ownej. W komplecie znajduje si\u0119 6 sztuk szklanek z motywem jelenia, dzika, ba\u017canta, kaczki, lisa oraz \u0142osia. Mamy r\u00f3wnie\u017c komplety szklanek ozdobionych z jednej strony my\u015bliwym a z drugiej zwierz\u0119tami. Szklanki wykonane s\u0105 z wysokiej jako\u015bci szk\u0142a. Wygodna szklanka o du\u017cej pojemno\u015bci, dobrze trzyma si\u0119 w d\u0142oni.\u00a0 Nadaje si\u0119 do mycia w zmywarce<\/p>\n","protected":false},"excerpt":{"rendered":"<p><img loading=\"lazy\" class=\"alignnone size-medium wp-image-3492\" src=\"http:\/\/violmax.pl\/wp-content\/uploads\/2020\/05\/VIOLMAX_POLSKA-300x28.jpg\" alt=\"\" width=\"300\" height=\"28\" \/><\/p>\n<p>Szklanka do piwa &#8220;MA\u0141GOSIA&#8221; o litra\u017cu 500 ml. Elegancki upominek dla my\u015bliwego. Szklanka jest wypiaskowana , co sprawia \u017ce wygl\u0105da jak by by\u0142a zmro\u017cona. Ozdobiona jest motywem zwierzyny \u0142ownej. W komplecie znajduje si\u0119 6 sztuk szklanek z motywem jelenia, dzika, ba\u017canta, kaczki, lisa oraz \u0142osia. Mamy r\u00f3wnie\u017c komplety szklanek ozdobionych z jednej strony my\u015bliwym a z drugiej zwierz\u0119tami. Szklanki wykonane s\u0105 z wysokiej jako\u015bci szk\u0142a. Wygodna szklanka o du\u017cej pojemno\u015bci, dobrze trzyma si\u0119 w d\u0142oni.\u00a0 Nadaje si\u0119 do mycia w zmywarce<\/p>\n<p><em><strong>Minimalna ilo\u015b\u0107 zam\u00f3wienia &#8211; 6 sztuk (1 opakowanie)<br \/>\n<\/strong><\/em><\/p>\n<p><strong><em>Towar sprzedawany na opakowania<\/em><\/strong><\/p>\n<h3><span style=\"color: #ff0000;\">PRZY DODAWANIU DO KOSZYKA, NALE\u017bY DODAWA\u0106 KROTNO\u015a\u0106\u00a0 LICZBY 6 &#8211; (1 opak)\u00a0 np: 6 ; 12 ; 18 itd<\/span><\/h3>\n<h3><strong>CENA ZA SZTUK\u0118.<\/strong><\/h3>\n<h2><strong>\u00a0<\/strong><\/h2>\n","protected":false},"featured_media":10222,"comment_status":"open","ping_status":"closed","template":"","meta":[],"_links":{"self":[{"href":"https:\/\/violmax.pl\/index.php\/wp-json\/wp\/v2\/product\/6473"}],"collection":[{"href":"https:\/\/violmax.pl\/index.php\/wp-json\/wp\/v2\/product"}],"about":[{"href":"https:\/\/violmax.pl\/index.php\/wp-json\/wp\/v2\/types\/product"}],"replies":[{"embeddable":true,"href":"https:\/\/violmax.pl\/index.php\/wp-json\/wp\/v2\/comments?post=6473"}],"wp:featuredmedia":[{"embeddable":true,"href":"https:\/\/violmax.pl\/index.php\/wp-json\/wp\/v2\/media\/10222"}],"wp:attachment":[{"href":"https:\/\/violmax.pl\/index.php\/wp-json\/wp\/v2\/media?parent=6473"}],"curies":[{"name":"wp","href":"https:\/\/api.w.org\/{rel}","templated":true}]}}