{"id":6411,"date":"2020-12-20T18:03:06","date_gmt":"2020-12-20T17:03:06","guid":{"rendered":"http:\/\/violmax.pl\/?post_type=product&#038;p=6411"},"modified":"2025-12-02T13:22:01","modified_gmt":"2025-12-02T12:22:01","slug":"krakow-szklanka-do-piwa-stopka-500-ml-wawel-odlew-kolor-szron","status":"publish","type":"product","link":"https:\/\/violmax.pl\/index.php\/produkt\/krakow-szklanka-do-piwa-stopka-500-ml-wawel-odlew-kolor-szron\/","title":{"rendered":"KRAK\u00d3W, SZKLANKA DO PIWA &#8220;MA\u0141GOSIA&#8221; 500 ML, ZAMEK KR\u00d3LEWSKI NA WAWELU, ODLEW KOLOR + SZRON"},"content":{"rendered":"<p><img loading=\"lazy\" class=\"alignnone size-medium wp-image-6389\" src=\"http:\/\/violmax.pl\/wp-content\/uploads\/2020\/12\/krakow_szklanka_do_piwa_stopka_500_ml_wawel_odlew_kolor_szron-300x300.png\" alt=\"\" width=\"300\" height=\"300\" srcset=\"https:\/\/violmax.pl\/wp-content\/uploads\/2020\/12\/krakow_szklanka_do_piwa_stopka_500_ml_wawel_odlew_kolor_szron-300x300.png 300w, https:\/\/violmax.pl\/wp-content\/uploads\/2020\/12\/krakow_szklanka_do_piwa_stopka_500_ml_wawel_odlew_kolor_szron-150x150.png 150w, https:\/\/violmax.pl\/wp-content\/uploads\/2020\/12\/krakow_szklanka_do_piwa_stopka_500_ml_wawel_odlew_kolor_szron-768x768.png 768w, https:\/\/violmax.pl\/wp-content\/uploads\/2020\/12\/krakow_szklanka_do_piwa_stopka_500_ml_wawel_odlew_kolor_szron-680x680.png 680w, https:\/\/violmax.pl\/wp-content\/uploads\/2020\/12\/krakow_szklanka_do_piwa_stopka_500_ml_wawel_odlew_kolor_szron-100x100.png 100w, https:\/\/violmax.pl\/wp-content\/uploads\/2020\/12\/krakow_szklanka_do_piwa_stopka_500_ml_wawel_odlew_kolor_szron.png 900w\" sizes=\"(max-width: 300px) 100vw, 300px\" \/><\/p>\n<p>&nbsp;<\/p>\n<p>Szklanka do piwa &#8220;MA\u0141GOSIA&#8221; na stopce o pojemno\u015bci 500 ml. Ozdobiona jest metalowym odlewem Zamku Kr\u00f3lewskiego na Wawelu oraz napisem \u201dKrak\u00f3w\u201d. Bardzo wygodnie utrzymuje si\u0119 w d\u0142oni dzi\u0119ki piaskowaniu do po\u0142owy, co sprawia \u017ce wygl\u0105da jak by by\u0142a zmro\u017cona. Idealna pami\u0105tka z Krakowa.<\/p>\n","protected":false},"excerpt":{"rendered":"<div class=\"woocommerce-product-details__short-description\">\n<div class=\"woocommerce-product-details__short-description\">\n<div class=\"woocommerce-product-details__short-description\">\n<div class=\"woocommerce-product-details__short-description\">\n<div class=\"woocommerce-product-details__short-description\">\n<p><img loading=\"lazy\" class=\"alignnone size-medium wp-image-3492\" src=\"http:\/\/violmax.pl\/wp-content\/uploads\/2020\/05\/VIOLMAX_POLSKA-300x28.jpg\" alt=\"\" width=\"300\" height=\"28\" \/><\/p>\n<p>&nbsp;<\/p>\n<p>Szklanka do piwa &#8220;MA\u0141GOSIA&#8221; na stopce o pojemno\u015bci 500 ml. Ozdobiona jest metalowym odlewem Zamku Kr\u00f3lewskiego na Wawelu oraz napisem \u201dKrak\u00f3w\u201d. Bardzo wygodnie utrzymuje si\u0119 w d\u0142oni dzi\u0119ki piaskowaniu do po\u0142owy, co sprawia \u017ce wygl\u0105da jak by by\u0142a zmro\u017cona. Idealna pami\u0105tka z Krakowa.<\/p>\n<p><strong>Minimalna ilo\u015b\u0107 zam\u00f3wienia \u2013 6 sztuk (1 opakowanie)<br \/>\n<\/strong><\/p>\n<p><strong><em>Towar sprzedawany na opakowania<\/em><\/strong><\/p>\n<h3><span style=\"color: #ff0000;\">PRZY DODAWANIU DO KOSZYKA, NALE\u017bY DODAWA\u0106 KROTNO\u015a\u0106\u00a0 LICZBY 6 &#8211; (1 opak)\u00a0 np: 6 ; 12 ; 18 itd<\/span><\/h3>\n<h3><strong>CENA ZA SZTUK\u0118.<\/strong><\/h3>\n<h2><strong>\u00a0<\/strong><\/h2>\n<\/div>\n<\/div>\n<\/div>\n<\/div>\n<\/div>\n","protected":false},"featured_media":6389,"comment_status":"open","ping_status":"closed","template":"","meta":[],"_links":{"self":[{"href":"https:\/\/violmax.pl\/index.php\/wp-json\/wp\/v2\/product\/6411"}],"collection":[{"href":"https:\/\/violmax.pl\/index.php\/wp-json\/wp\/v2\/product"}],"about":[{"href":"https:\/\/violmax.pl\/index.php\/wp-json\/wp\/v2\/types\/product"}],"replies":[{"embeddable":true,"href":"https:\/\/violmax.pl\/index.php\/wp-json\/wp\/v2\/comments?post=6411"}],"wp:featuredmedia":[{"embeddable":true,"href":"https:\/\/violmax.pl\/index.php\/wp-json\/wp\/v2\/media\/6389"}],"wp:attachment":[{"href":"https:\/\/violmax.pl\/index.php\/wp-json\/wp\/v2\/media?parent=6411"}],"curies":[{"name":"wp","href":"https:\/\/api.w.org\/{rel}","templated":true}]}}