{"id":6373,"date":"2020-12-20T12:26:47","date_gmt":"2020-12-20T11:26:47","guid":{"rendered":"http:\/\/violmax.pl\/?post_type=product&#038;p=6373"},"modified":"2025-12-02T13:22:03","modified_gmt":"2025-12-02T12:22:03","slug":"krakow-pin-metalowy","status":"publish","type":"product","link":"https:\/\/violmax.pl\/index.php\/produkt\/krakow-pin-metalowy\/","title":{"rendered":"KRAK\u00d3W, PIN METALOWY"},"content":{"rendered":"<p><img loading=\"lazy\" class=\"alignnone size-medium wp-image-6337\" src=\"http:\/\/violmax.pl\/wp-content\/uploads\/2020\/12\/krakow_pin-300x200.png\" alt=\"\" width=\"300\" height=\"200\" srcset=\"https:\/\/violmax.pl\/wp-content\/uploads\/2020\/12\/krakow_pin-300x200.png 300w, https:\/\/violmax.pl\/wp-content\/uploads\/2020\/12\/krakow_pin-768x512.png 768w, https:\/\/violmax.pl\/wp-content\/uploads\/2020\/12\/krakow_pin-680x453.png 680w, https:\/\/violmax.pl\/wp-content\/uploads\/2020\/12\/krakow_pin.png 900w\" sizes=\"(max-width: 300px) 100vw, 300px\" \/><\/p>\n<p>&nbsp;<\/p>\n<p>Metalowe piny. Ka\u017cdy pin wykonany jest z metalu. Na pinach wy\u017c\u0142obione s\u0105 precyzyjnie niepowtarzalne motywy Krakowskie. Znaczki mo\u017cna zamocowa\u0107 do r\u00f3\u017cnego rodzaju materia\u0142u (ubranie,plecak,torebka) za pomoc\u0105 zapi\u0119cia tzw. \u201dmotylka\u201d, kt\u00f3ry jest na sta\u0142e przymocowany do znaczka. Genialna pami\u0105tka, kt\u00f3ra zawsze znajdzie swoje miejsce i przypomni o Krakowie. Warto zaznaczy\u0107, \u017ce ka\u017cdy motyw widniej\u0105cy na pinach (na wszystkich naszych produktach) to nasz autorski pomys\u0142. Idealna pami\u0105tka z Krakowa.<\/p>\n","protected":false},"excerpt":{"rendered":"<p><img loading=\"lazy\" class=\"alignnone size-full wp-image-5364\" src=\"http:\/\/violmax.pl\/wp-content\/uploads\/2020\/10\/VIOLMAX_POLSKA-3.jpg\" alt=\"\" width=\"300\" height=\"28\" \/><\/p>\n<p>&nbsp;<\/p>\n<p>Metalowe piny. Ka\u017cdy pin wykonany jest z metalu. Na pinach wy\u017c\u0142obione s\u0105 precyzyjnie niepowtarzalne motywy Krakowskie. Znaczki mo\u017cna zamocowa\u0107 do r\u00f3\u017cnego rodzaju materia\u0142u (ubranie,plecak,torebka) za pomoc\u0105 zapi\u0119cia tzw. \u201dmotylka\u201d, kt\u00f3ry jest na sta\u0142e przymocowany do znaczka. Genialna pami\u0105tka, kt\u00f3ra zawsze znajdzie swoje miejsce i przypomni o Krakowie. Warto zaznaczy\u0107, \u017ce ka\u017cdy motyw widniej\u0105cy na pinach (na wszystkich naszych produktach) to nasz autorski pomys\u0142. Idealna pami\u0105tka z Krakowa.<\/p>\n<p><strong><em>minimalna ilo\u015b\u0107 &#8211; 20 szt.<\/em><\/strong><\/p>\n<p><strong><em>Towar sprzedawany na opakowania<\/em><\/strong><\/p>\n<h3><span style=\"color: #ff0000;\">PRZY DODAWANIU DO KOSZYKA, NALE\u017bY DODAWA\u0106 KROTNO\u015a\u0106\u00a0 LICZBY 20 &#8211; (1 opak)\u00a0 np: 20 ; 40 ; 60 itd<\/span><\/h3>\n<h3><strong>CENA ZA SZTUK\u0118.<\/strong><\/h3>\n<h3><strong>\u00a0<\/strong><\/h3>\n<h2><strong>\u00a0<\/strong><\/h2>\n","protected":false},"featured_media":6337,"comment_status":"open","ping_status":"closed","template":"","meta":[],"_links":{"self":[{"href":"https:\/\/violmax.pl\/index.php\/wp-json\/wp\/v2\/product\/6373"}],"collection":[{"href":"https:\/\/violmax.pl\/index.php\/wp-json\/wp\/v2\/product"}],"about":[{"href":"https:\/\/violmax.pl\/index.php\/wp-json\/wp\/v2\/types\/product"}],"replies":[{"embeddable":true,"href":"https:\/\/violmax.pl\/index.php\/wp-json\/wp\/v2\/comments?post=6373"}],"wp:featuredmedia":[{"embeddable":true,"href":"https:\/\/violmax.pl\/index.php\/wp-json\/wp\/v2\/media\/6337"}],"wp:attachment":[{"href":"https:\/\/violmax.pl\/index.php\/wp-json\/wp\/v2\/media?parent=6373"}],"curies":[{"name":"wp","href":"https:\/\/api.w.org\/{rel}","templated":true}]}}