{"id":6361,"date":"2020-12-20T12:01:02","date_gmt":"2020-12-20T11:01:02","guid":{"rendered":"http:\/\/violmax.pl\/?post_type=product&#038;p=6361"},"modified":"2025-12-02T13:22:04","modified_gmt":"2025-12-02T12:22:04","slug":"krakow-kufel-do-piwa-bremen-670-wawel-2d","status":"publish","type":"product","link":"https:\/\/violmax.pl\/index.php\/produkt\/krakow-kufel-do-piwa-bremen-670-wawel-2d\/","title":{"rendered":"KRAK\u00d3W, KUFEL DO PIWA &#8220;BREMEN&#8221; 670 ML, ZAMEK KR\u00d3LEWSKI NA WAWELU 2D"},"content":{"rendered":"<p><img loading=\"lazy\" class=\"alignnone size-medium wp-image-6331\" src=\"http:\/\/violmax.pl\/wp-content\/uploads\/2020\/12\/krakow_kufel_do_piwa_bremen_067_ml_wawel_2d-240x300.png\" alt=\"\" width=\"240\" height=\"300\" srcset=\"https:\/\/violmax.pl\/wp-content\/uploads\/2020\/12\/krakow_kufel_do_piwa_bremen_067_ml_wawel_2d-240x300.png 240w, https:\/\/violmax.pl\/wp-content\/uploads\/2020\/12\/krakow_kufel_do_piwa_bremen_067_ml_wawel_2d-680x850.png 680w, https:\/\/violmax.pl\/wp-content\/uploads\/2020\/12\/krakow_kufel_do_piwa_bremen_067_ml_wawel_2d.png 720w\" sizes=\"(max-width: 240px) 100vw, 240px\" \/><\/p>\n<p>&nbsp;<\/p>\n<p>Kufel do piwa \u201eBremen\u201d o litra\u017cu 670 ml . Ozdobiony jest okaza\u0142ym metalowym odlewem z motywem Zamku Kr\u00f3lewskiego\u00a0 na Wawelu. Znakomicie sprawdzi si\u0119 jako kufel do codziennego u\u017cytku lub jako \u015bwietna pami\u0105tka z Krakowa. Idealny na prezent dla lubuj\u0105cych si\u0119 w piwie lub os\u00f3b, kt\u00f3re ceni\u0105 sobie pami\u0105tki ze smakiem. Ozdobi ka\u017cde wn\u0119trze i zachwyci go\u015bci. Idealna pami\u0105tka z Krakowa.<\/p>\n<p>&nbsp;<\/p>\n","protected":false},"excerpt":{"rendered":"<p><img loading=\"lazy\" class=\"alignnone size-medium wp-image-4074\" src=\"http:\/\/violmax.pl\/wp-content\/uploads\/2020\/05\/VIOLMAX_POLSKA-11-300x28.jpg\" alt=\"\" width=\"300\" height=\"28\" \/><\/p>\n<p>&nbsp;<\/p>\n<p>Kufel do piwa \u201eBremen\u201d o litra\u017cu 670 ml . Ozdobiony jest okaza\u0142ym metalowym odlewem z motywem Zamku Kr\u00f3lewskiego\u00a0 na Wawelu. Znakomicie sprawdzi si\u0119 jako kufel do codziennego u\u017cytku lub jako \u015bwietna pami\u0105tka z Krakowa. Idealny na prezent dla lubuj\u0105cych si\u0119 w piwie lub os\u00f3b, kt\u00f3re ceni\u0105 sobie pami\u0105tki ze smakiem. Ozdobi ka\u017cde wn\u0119trze i zachwyci go\u015bci. Idealna pami\u0105tka z Krakowa.<\/p>\n<p><strong><em>Minimalna ilo\u015b\u0107 zam\u00f3wienia &#8211; 6 sztuk (1 opakowanie)<\/em><br \/>\n<\/strong><\/p>\n<p><strong><em>Towar sprzedawany na opakowania<\/em><\/strong><\/p>\n<h3><span style=\"color: #ff0000;\">PRZY DODAWANIU DO KOSZYKA, NALE\u017bY DODAWA\u0106 KROTNO\u015a\u0106\u00a0 LICZBY 6 &#8211; (1 opak)\u00a0 np: 6 ; 12 ; 18 itd<\/span><\/h3>\n<h3><strong>CENA ZA SZTUK\u0118.<\/strong><\/h3>\n<h2><strong>\u00a0<\/strong><\/h2>\n","protected":false},"featured_media":6331,"comment_status":"open","ping_status":"closed","template":"","meta":[],"_links":{"self":[{"href":"https:\/\/violmax.pl\/index.php\/wp-json\/wp\/v2\/product\/6361"}],"collection":[{"href":"https:\/\/violmax.pl\/index.php\/wp-json\/wp\/v2\/product"}],"about":[{"href":"https:\/\/violmax.pl\/index.php\/wp-json\/wp\/v2\/types\/product"}],"replies":[{"embeddable":true,"href":"https:\/\/violmax.pl\/index.php\/wp-json\/wp\/v2\/comments?post=6361"}],"wp:featuredmedia":[{"embeddable":true,"href":"https:\/\/violmax.pl\/index.php\/wp-json\/wp\/v2\/media\/6331"}],"wp:attachment":[{"href":"https:\/\/violmax.pl\/index.php\/wp-json\/wp\/v2\/media?parent=6361"}],"curies":[{"name":"wp","href":"https:\/\/api.w.org\/{rel}","templated":true}]}}