{"id":6235,"date":"2020-12-12T18:49:01","date_gmt":"2020-12-12T17:49:01","guid":{"rendered":"http:\/\/violmax.pl\/?post_type=product&#038;p=6235"},"modified":"2025-12-02T13:22:10","modified_gmt":"2025-12-02T12:22:10","slug":"mysliwska-szklanka-do-piwa-spirala-500-ml-jelen-1-szron","status":"publish","type":"product","link":"https:\/\/violmax.pl\/index.php\/produkt\/mysliwska-szklanka-do-piwa-spirala-500-ml-jelen-1-szron\/","title":{"rendered":"MY\u015aLISTWO, SZKLANKA DO PIWA &#8220;SPIRALA&#8221; 665 ML, MY\u015aLIWY I ZWIERZ\u0118TA \u0141OWNE SZRON"},"content":{"rendered":"<p><img loading=\"lazy\" class=\"alignnone size-medium wp-image-10238\" src=\"http:\/\/violmax.pl\/wp-content\/uploads\/2023\/10\/Myslistwo_szklanka_do_piwa_spirala_665_ml_mysliwy_los_szron-300x300.png\" alt=\"\" width=\"300\" height=\"300\" srcset=\"https:\/\/violmax.pl\/wp-content\/uploads\/2023\/10\/Myslistwo_szklanka_do_piwa_spirala_665_ml_mysliwy_los_szron-300x300.png 300w, https:\/\/violmax.pl\/wp-content\/uploads\/2023\/10\/Myslistwo_szklanka_do_piwa_spirala_665_ml_mysliwy_los_szron-768x768.png 768w, https:\/\/violmax.pl\/wp-content\/uploads\/2023\/10\/Myslistwo_szklanka_do_piwa_spirala_665_ml_mysliwy_los_szron-680x680.png 680w, https:\/\/violmax.pl\/wp-content\/uploads\/2023\/10\/Myslistwo_szklanka_do_piwa_spirala_665_ml_mysliwy_los_szron-100x100.png 100w, https:\/\/violmax.pl\/wp-content\/uploads\/2023\/10\/Myslistwo_szklanka_do_piwa_spirala_665_ml_mysliwy_los_szron.png 900w\" sizes=\"(max-width: 300px) 100vw, 300px\" \/><img loading=\"lazy\" class=\"alignnone size-medium wp-image-10237\" src=\"http:\/\/violmax.pl\/wp-content\/uploads\/2023\/10\/Myslistwo_szklanka_do_piwa_spirala_665_ml_mysliwy_lisy_szron-300x300.png\" alt=\"\" width=\"300\" height=\"300\" srcset=\"https:\/\/violmax.pl\/wp-content\/uploads\/2023\/10\/Myslistwo_szklanka_do_piwa_spirala_665_ml_mysliwy_lisy_szron-300x300.png 300w, https:\/\/violmax.pl\/wp-content\/uploads\/2023\/10\/Myslistwo_szklanka_do_piwa_spirala_665_ml_mysliwy_lisy_szron-768x768.png 768w, https:\/\/violmax.pl\/wp-content\/uploads\/2023\/10\/Myslistwo_szklanka_do_piwa_spirala_665_ml_mysliwy_lisy_szron-680x680.png 680w, https:\/\/violmax.pl\/wp-content\/uploads\/2023\/10\/Myslistwo_szklanka_do_piwa_spirala_665_ml_mysliwy_lisy_szron-100x100.png 100w, https:\/\/violmax.pl\/wp-content\/uploads\/2023\/10\/Myslistwo_szklanka_do_piwa_spirala_665_ml_mysliwy_lisy_szron.png 900w\" sizes=\"(max-width: 300px) 100vw, 300px\" \/><img loading=\"lazy\" class=\"alignnone size-medium wp-image-10236\" src=\"http:\/\/violmax.pl\/wp-content\/uploads\/2023\/10\/Myslistwo_szklanka_do_piwa_spirala_665_ml_mysliwy_kaczki_szron-300x300.png\" alt=\"\" width=\"300\" height=\"300\" srcset=\"https:\/\/violmax.pl\/wp-content\/uploads\/2023\/10\/Myslistwo_szklanka_do_piwa_spirala_665_ml_mysliwy_kaczki_szron-300x300.png 300w, https:\/\/violmax.pl\/wp-content\/uploads\/2023\/10\/Myslistwo_szklanka_do_piwa_spirala_665_ml_mysliwy_kaczki_szron-768x768.png 768w, https:\/\/violmax.pl\/wp-content\/uploads\/2023\/10\/Myslistwo_szklanka_do_piwa_spirala_665_ml_mysliwy_kaczki_szron-680x680.png 680w, https:\/\/violmax.pl\/wp-content\/uploads\/2023\/10\/Myslistwo_szklanka_do_piwa_spirala_665_ml_mysliwy_kaczki_szron-100x100.png 100w, https:\/\/violmax.pl\/wp-content\/uploads\/2023\/10\/Myslistwo_szklanka_do_piwa_spirala_665_ml_mysliwy_kaczki_szron.png 900w\" sizes=\"(max-width: 300px) 100vw, 300px\" \/><img loading=\"lazy\" class=\"alignnone size-medium wp-image-10235\" src=\"http:\/\/violmax.pl\/wp-content\/uploads\/2023\/10\/Myslistwo_szklanka_do_piwa_spirala_665_ml_mysliwy_jelen1_szron-300x300.png\" alt=\"\" width=\"300\" height=\"300\" srcset=\"https:\/\/violmax.pl\/wp-content\/uploads\/2023\/10\/Myslistwo_szklanka_do_piwa_spirala_665_ml_mysliwy_jelen1_szron-300x300.png 300w, https:\/\/violmax.pl\/wp-content\/uploads\/2023\/10\/Myslistwo_szklanka_do_piwa_spirala_665_ml_mysliwy_jelen1_szron-768x768.png 768w, https:\/\/violmax.pl\/wp-content\/uploads\/2023\/10\/Myslistwo_szklanka_do_piwa_spirala_665_ml_mysliwy_jelen1_szron-680x680.png 680w, https:\/\/violmax.pl\/wp-content\/uploads\/2023\/10\/Myslistwo_szklanka_do_piwa_spirala_665_ml_mysliwy_jelen1_szron-100x100.png 100w, https:\/\/violmax.pl\/wp-content\/uploads\/2023\/10\/Myslistwo_szklanka_do_piwa_spirala_665_ml_mysliwy_jelen1_szron.png 900w\" sizes=\"(max-width: 300px) 100vw, 300px\" \/><img loading=\"lazy\" class=\"alignnone size-medium wp-image-10234\" src=\"http:\/\/violmax.pl\/wp-content\/uploads\/2023\/10\/Myslistwo_szklanka_do_piwa_spirala_665_ml_mysliwy_dzik_szron-300x300.png\" alt=\"\" width=\"300\" height=\"300\" srcset=\"https:\/\/violmax.pl\/wp-content\/uploads\/2023\/10\/Myslistwo_szklanka_do_piwa_spirala_665_ml_mysliwy_dzik_szron-300x300.png 300w, https:\/\/violmax.pl\/wp-content\/uploads\/2023\/10\/Myslistwo_szklanka_do_piwa_spirala_665_ml_mysliwy_dzik_szron-768x768.png 768w, https:\/\/violmax.pl\/wp-content\/uploads\/2023\/10\/Myslistwo_szklanka_do_piwa_spirala_665_ml_mysliwy_dzik_szron-680x680.png 680w, https:\/\/violmax.pl\/wp-content\/uploads\/2023\/10\/Myslistwo_szklanka_do_piwa_spirala_665_ml_mysliwy_dzik_szron-100x100.png 100w, https:\/\/violmax.pl\/wp-content\/uploads\/2023\/10\/Myslistwo_szklanka_do_piwa_spirala_665_ml_mysliwy_dzik_szron.png 900w\" sizes=\"(max-width: 300px) 100vw, 300px\" \/><img loading=\"lazy\" class=\"alignnone size-medium wp-image-10233\" src=\"http:\/\/violmax.pl\/wp-content\/uploads\/2023\/10\/Myslistwo_szklanka_do_piwa_spirala_665_ml_mysliwy_bazanty_szron-300x300.png\" alt=\"\" width=\"300\" height=\"300\" srcset=\"https:\/\/violmax.pl\/wp-content\/uploads\/2023\/10\/Myslistwo_szklanka_do_piwa_spirala_665_ml_mysliwy_bazanty_szron-300x300.png 300w, https:\/\/violmax.pl\/wp-content\/uploads\/2023\/10\/Myslistwo_szklanka_do_piwa_spirala_665_ml_mysliwy_bazanty_szron-768x768.png 768w, https:\/\/violmax.pl\/wp-content\/uploads\/2023\/10\/Myslistwo_szklanka_do_piwa_spirala_665_ml_mysliwy_bazanty_szron-680x680.png 680w, https:\/\/violmax.pl\/wp-content\/uploads\/2023\/10\/Myslistwo_szklanka_do_piwa_spirala_665_ml_mysliwy_bazanty_szron-100x100.png 100w, https:\/\/violmax.pl\/wp-content\/uploads\/2023\/10\/Myslistwo_szklanka_do_piwa_spirala_665_ml_mysliwy_bazanty_szron.png 900w\" sizes=\"(max-width: 300px) 100vw, 300px\" \/><\/p>\n<p>&nbsp;<\/p>\n<p>Szklanka do piwa &#8220;SPIRALA&#8221; o litra\u017cu 665 ml. Elegancki upominek dla my\u015bliwego. Szklanka jest wypiaskowana , co sprawia \u017ce wygl\u0105da jak by by\u0142a zmro\u017cona. Ozdobiona jest motywem my\u015bliwego oraz zwierzyn\u0105 \u0142own\u0105. W komplecie znajduje si\u0119 6 szklanek, ka\u017cda ozdobiona z jednej strony my\u015bliwym a z drugiej strony zwierz\u0119tami. Szklanka wykonana jest z wysokiej jako\u015bci szk\u0142a. Od po\u0142owy w d\u00f3\u0142, ozdobiona jest sko\u015bnymi pr\u0105\u017ckami, co daje dodatkowo efekty \u015bwietlne. Wygodna szklanka o du\u017cej pojemno\u015bci, dobrze trzyma si\u0119 w d\u0142oni.\u00a0 Nadaje si\u0119 do mycia w zmywarce<\/p>\n","protected":false},"excerpt":{"rendered":"<p><img loading=\"lazy\" class=\"alignnone size-medium wp-image-3492\" src=\"http:\/\/violmax.pl\/wp-content\/uploads\/2020\/05\/VIOLMAX_POLSKA-300x28.jpg\" alt=\"\" width=\"300\" height=\"28\" \/><\/p>\n<p>&nbsp;<\/p>\n<p>Szklanka do piwa &#8220;SPIRALA&#8221; o litra\u017cu 665 ml. Elegancki upominek dla my\u015bliwego. Szklanka jest wypiaskowana , co sprawia \u017ce wygl\u0105da jak by by\u0142a zmro\u017cona. Ozdobiona jest motywem my\u015bliwego oraz zwierzyn\u0105 \u0142own\u0105. W komplecie znajduje si\u0119 6 szklanek, ka\u017cda ozdobiona z jednej strony my\u015bliwym a z drugiej strony zwierz\u0119tami. Szklanka wykonana jest z wysokiej jako\u015bci szk\u0142a. Od po\u0142owy w d\u00f3\u0142, ozdobiona jest sko\u015bnymi pr\u0105\u017ckami, co daje dodatkowo efekty \u015bwietlne. Wygodna szklanka o du\u017cej pojemno\u015bci, dobrze trzyma si\u0119 w d\u0142oni.\u00a0 Nadaje si\u0119 do mycia w zmywarce<\/p>\n<p><em><strong>Minimalna ilo\u015b\u0107 zam\u00f3wienia &#8211; 6 sztuk (1 opakowanie)<br \/>\n<\/strong><\/em><\/p>\n<p><strong><em>Towar sprzedawany na opakowania<\/em><\/strong><\/p>\n<h3><span style=\"color: #ff0000;\">PRZY DODAWANIU DO KOSZYKA, NALE\u017bY DODAWA\u0106 KROTNO\u015a\u0106\u00a0 LICZBY 6 &#8211; (1 opak)\u00a0 np: 6 ; 12 ; 18 itd<\/span><\/h3>\n<h3><strong>CENA ZA SZTUK\u0118.<\/strong><\/h3>\n<h2><strong>\u00a0<\/strong><\/h2>\n","protected":false},"featured_media":10238,"comment_status":"open","ping_status":"closed","template":"","meta":[],"_links":{"self":[{"href":"https:\/\/violmax.pl\/index.php\/wp-json\/wp\/v2\/product\/6235"}],"collection":[{"href":"https:\/\/violmax.pl\/index.php\/wp-json\/wp\/v2\/product"}],"about":[{"href":"https:\/\/violmax.pl\/index.php\/wp-json\/wp\/v2\/types\/product"}],"replies":[{"embeddable":true,"href":"https:\/\/violmax.pl\/index.php\/wp-json\/wp\/v2\/comments?post=6235"}],"wp:featuredmedia":[{"embeddable":true,"href":"https:\/\/violmax.pl\/index.php\/wp-json\/wp\/v2\/media\/10238"}],"wp:attachment":[{"href":"https:\/\/violmax.pl\/index.php\/wp-json\/wp\/v2\/media?parent=6235"}],"curies":[{"name":"wp","href":"https:\/\/api.w.org\/{rel}","templated":true}]}}