{"id":6207,"date":"2020-12-07T13:55:34","date_gmt":"2020-12-07T12:55:34","guid":{"rendered":"http:\/\/violmax.pl\/?post_type=product&#038;p=6207"},"modified":"2025-12-02T13:22:11","modified_gmt":"2025-12-02T12:22:11","slug":"karpacz-kubek-sonia-350-ml-obserwatorium-dom-slaski-szron","status":"publish","type":"product","link":"https:\/\/violmax.pl\/index.php\/produkt\/karpacz-kubek-sonia-350-ml-obserwatorium-dom-slaski-szron\/","title":{"rendered":"KARPACZ, KUBEK &#8220;SONIA&#8221; 350 ML, OBSERWATORIUM NA \u015aNIE\u017bCE + DOM \u015aL\u0104SKI, SZRON"},"content":{"rendered":"<p><img loading=\"lazy\" class=\"alignnone size-medium wp-image-6185\" src=\"http:\/\/violmax.pl\/wp-content\/uploads\/2020\/12\/Karpacz_kubek_sonia_350_ml_dom_slaski_szron-300x200.png\" alt=\"\" width=\"300\" height=\"200\" srcset=\"https:\/\/violmax.pl\/wp-content\/uploads\/2020\/12\/Karpacz_kubek_sonia_350_ml_dom_slaski_szron-300x200.png 300w, https:\/\/violmax.pl\/wp-content\/uploads\/2020\/12\/Karpacz_kubek_sonia_350_ml_dom_slaski_szron-768x512.png 768w, https:\/\/violmax.pl\/wp-content\/uploads\/2020\/12\/Karpacz_kubek_sonia_350_ml_dom_slaski_szron-680x453.png 680w, https:\/\/violmax.pl\/wp-content\/uploads\/2020\/12\/Karpacz_kubek_sonia_350_ml_dom_slaski_szron.png 900w\" sizes=\"(max-width: 300px) 100vw, 300px\" \/><\/p>\n<p>&nbsp;<\/p>\n<p>Kubek z uchem \u201d SONIA\u201d o pojemno\u015bci 250 ml z wypiaskowanym motywem obserwatorium na \u015anie\u017cce oraz schroniskiem &#8220;Dom \u015al\u0105ski&#8221;. Kubek wykonany z bardzo trwa\u0142ego, grubego szk\u0142a. Idealny na pami\u0105tk\u0119 dla ka\u017cdego \u2013 do ka\u017cdego rodzaju napoj\u00f3w. Idealna pami\u0105tka z g\u00f3r. Nadaje si\u0119 do mycia w zmywarkach.<\/p>\n","protected":false},"excerpt":{"rendered":"<p><img loading=\"lazy\" class=\"alignnone size-full wp-image-5364\" src=\"http:\/\/violmax.pl\/wp-content\/uploads\/2020\/10\/VIOLMAX_POLSKA-3.jpg\" alt=\"\" width=\"300\" height=\"28\" \/><\/p>\n<p>&nbsp;<\/p>\n<p>Kubek z uchem \u201d SONIA\u201d o pojemno\u015bci 250 ml z wypiaskowanym motywem obserwatorium na \u015anie\u017cce oraz schroniskiem &#8220;Dom \u015al\u0105ski&#8221;. Kubek wykonany z bardzo trwa\u0142ego, grubego szk\u0142a. Idealny na pami\u0105tk\u0119 dla ka\u017cdego \u2013 do ka\u017cdego rodzaju napoj\u00f3w. Idealna pami\u0105tka z g\u00f3r. Nadaje si\u0119 do mycia w zmywarkach.<\/p>\n<p><strong><em>Minimalna ilo\u015b\u0107 zam\u00f3wienia- 6 szt ( 1 opakowanie)<\/em><br \/>\n<\/strong><\/p>\n<p><strong><em>Towar sprzedawany na opakowania<\/em><\/strong><\/p>\n<h3><span style=\"color: #ff0000;\">PRZY DODAWANIU DO KOSZYKA, NALE\u017bY DODAWA\u0106 KROTNO\u015a\u0106\u00a0 LICZBY 6 &#8211; (1 opak)\u00a0 np: 6 ; 12 ; 18 itd<\/span><\/h3>\n<h3><strong>CENA ZA SZTUK\u0118.<\/strong><\/h3>\n<h2><strong>\u00a0<\/strong><\/h2>\n","protected":false},"featured_media":6185,"comment_status":"open","ping_status":"closed","template":"","meta":[],"_links":{"self":[{"href":"https:\/\/violmax.pl\/index.php\/wp-json\/wp\/v2\/product\/6207"}],"collection":[{"href":"https:\/\/violmax.pl\/index.php\/wp-json\/wp\/v2\/product"}],"about":[{"href":"https:\/\/violmax.pl\/index.php\/wp-json\/wp\/v2\/types\/product"}],"replies":[{"embeddable":true,"href":"https:\/\/violmax.pl\/index.php\/wp-json\/wp\/v2\/comments?post=6207"}],"wp:featuredmedia":[{"embeddable":true,"href":"https:\/\/violmax.pl\/index.php\/wp-json\/wp\/v2\/media\/6185"}],"wp:attachment":[{"href":"https:\/\/violmax.pl\/index.php\/wp-json\/wp\/v2\/media?parent=6207"}],"curies":[{"name":"wp","href":"https:\/\/api.w.org\/{rel}","templated":true}]}}