{"id":6178,"date":"2020-12-05T21:35:17","date_gmt":"2020-12-05T20:35:17","guid":{"rendered":"http:\/\/violmax.pl\/?post_type=product&#038;p=6178"},"modified":"2025-12-02T13:22:12","modified_gmt":"2025-12-02T12:22:12","slug":"zakopane-dzbanek-olowych-lemon-500-ml-szron-odlew-kolor-taniec-goralski","status":"publish","type":"product","link":"https:\/\/violmax.pl\/index.php\/produkt\/zakopane-dzbanek-olowych-lemon-500-ml-szron-odlew-kolor-taniec-goralski\/","title":{"rendered":"ZAKOPANE, KUFEL-DZBANEK DO ZIMNYCH NAPOJ\u00d3W ALKOHOLOWYCH  &#8220;LEMON&#8221; 500 ML, SZRON + ODLEW KOLOR TANIEC G\u00d3RALSKI"},"content":{"rendered":"<p><img loading=\"lazy\" class=\"alignnone size-medium wp-image-6739\" src=\"http:\/\/violmax.pl\/wp-content\/uploads\/2021\/01\/zakopane_dzbanek_lemon_500_ml_szron_taniec_kolor-300x240.png\" alt=\"\" width=\"300\" height=\"240\" srcset=\"https:\/\/violmax.pl\/wp-content\/uploads\/2021\/01\/zakopane_dzbanek_lemon_500_ml_szron_taniec_kolor-300x240.png 300w, https:\/\/violmax.pl\/wp-content\/uploads\/2021\/01\/zakopane_dzbanek_lemon_500_ml_szron_taniec_kolor-768x614.png 768w, https:\/\/violmax.pl\/wp-content\/uploads\/2021\/01\/zakopane_dzbanek_lemon_500_ml_szron_taniec_kolor-320x256.png 320w, https:\/\/violmax.pl\/wp-content\/uploads\/2021\/01\/zakopane_dzbanek_lemon_500_ml_szron_taniec_kolor-680x544.png 680w, https:\/\/violmax.pl\/wp-content\/uploads\/2021\/01\/zakopane_dzbanek_lemon_500_ml_szron_taniec_kolor.png 900w\" sizes=\"(max-width: 300px) 100vw, 300px\" \/><\/p>\n<p>&nbsp;<\/p>\n<p>Kufel-dzbanek do zimnych napoj\u00f3w alkoholowych &#8220;LEMON&#8221; o litra\u017cu 500 ml . Ozdobiony jest metalowym motywem ta\u0144ca g\u00f3ralskiego w kolorze . Produkt z wysokiej jako\u015bci szk\u0142a. Znakomicie sprawdzi si\u0119 jako kufel-dzbanek do codziennego u\u017cytku lub jako \u015bwietna pami\u0105tka z g\u00f3r. Idealny na prezent dla lubuj\u0105cych si\u0119 w szkle u\u017cytkowym os\u00f3b, kt\u00f3re ceni\u0105 sobie pami\u0105tki ze smakiem. Ozdobi ka\u017cde wn\u0119trze i zachwyci go\u015bci. Idealna pami\u0105tka z Zakopanego.<\/p>\n","protected":false},"excerpt":{"rendered":"<p><img loading=\"lazy\" class=\"alignnone size-medium wp-image-4222\" src=\"http:\/\/violmax.pl\/wp-content\/uploads\/2020\/05\/VIOLMAX_POLSKA-5-300x28.jpg\" alt=\"\" width=\"300\" height=\"28\" \/><\/p>\n<p>&nbsp;<\/p>\n<p>Kufel-dzbanek do zimnych napoj\u00f3w alkoholowych &#8220;LEMON&#8221; o litra\u017cu 500 ml . Ozdobiony jest metalowym motywem ta\u0144ca g\u00f3ralskiego w kolorze . Produkt z wysokiej jako\u015bci szk\u0142a. Znakomicie sprawdzi si\u0119 jako kufel-dzbanek do codziennego u\u017cytku lub jako \u015bwietna pami\u0105tka z g\u00f3r. Idealny na prezent dla lubuj\u0105cych si\u0119 w szkle u\u017cytkowym os\u00f3b, kt\u00f3re ceni\u0105 sobie pami\u0105tki ze smakiem. Ozdobi ka\u017cde wn\u0119trze i zachwyci go\u015bci. Idealna pami\u0105tka z Zakopanego.<\/p>\n<p><strong><em>Minimalna ilo\u015b\u0107 zam\u00f3wienia &#8211; 6 sztuk (1 opakowanie)<\/em><br \/>\n<\/strong><\/p>\n<p><strong><em>Towar sprzedawany na opakowania<\/em><\/strong><\/p>\n<h3><span style=\"color: #ff0000;\">PRZY DODAWANIU DO KOSZYKA, NALE\u017bY DODAWA\u0106 KROTNO\u015a\u0106\u00a0 LICZBY 6 &#8211; (1 opak)\u00a0 np: 6 ; 12 ; 18 itd<\/span><\/h3>\n<h3><strong>CENA ZA SZTUK\u0118.<\/strong><\/h3>\n<h2><strong>\u00a0<\/strong><\/h2>\n<p>&nbsp;<\/p>\n<p>&nbsp;<\/p>\n","protected":false},"featured_media":6739,"comment_status":"open","ping_status":"closed","template":"","meta":[],"_links":{"self":[{"href":"https:\/\/violmax.pl\/index.php\/wp-json\/wp\/v2\/product\/6178"}],"collection":[{"href":"https:\/\/violmax.pl\/index.php\/wp-json\/wp\/v2\/product"}],"about":[{"href":"https:\/\/violmax.pl\/index.php\/wp-json\/wp\/v2\/types\/product"}],"replies":[{"embeddable":true,"href":"https:\/\/violmax.pl\/index.php\/wp-json\/wp\/v2\/comments?post=6178"}],"wp:featuredmedia":[{"embeddable":true,"href":"https:\/\/violmax.pl\/index.php\/wp-json\/wp\/v2\/media\/6739"}],"wp:attachment":[{"href":"https:\/\/violmax.pl\/index.php\/wp-json\/wp\/v2\/media?parent=6178"}],"curies":[{"name":"wp","href":"https:\/\/api.w.org\/{rel}","templated":true}]}}