{"id":6149,"date":"2020-12-05T19:49:28","date_gmt":"2020-12-05T18:49:28","guid":{"rendered":"http:\/\/violmax.pl\/?post_type=product&#038;p=6149"},"modified":"2025-12-02T13:22:14","modified_gmt":"2025-12-02T12:22:14","slug":"zakopane-kieliszek-do-wodki-shot-40-ml-blaszka-krupowki","status":"publish","type":"product","link":"https:\/\/violmax.pl\/index.php\/produkt\/zakopane-kieliszek-do-wodki-shot-40-ml-blaszka-krupowki\/","title":{"rendered":"ZAKOPANE, KIELISZEK DO W\u00d3DKI &#8220;SHOT 40&#8221; ML, BLASZKA KRUP\u00d3WKI"},"content":{"rendered":"<p><img loading=\"lazy\" class=\"alignnone size-medium wp-image-7315\" src=\"http:\/\/violmax.pl\/wp-content\/uploads\/2021\/03\/zakopane_kieliszek_do_wodki_shot_40_ml_blaszka_krupowki-300x200.png\" alt=\"\" width=\"300\" height=\"200\" srcset=\"https:\/\/violmax.pl\/wp-content\/uploads\/2021\/03\/zakopane_kieliszek_do_wodki_shot_40_ml_blaszka_krupowki-300x200.png 300w, https:\/\/violmax.pl\/wp-content\/uploads\/2021\/03\/zakopane_kieliszek_do_wodki_shot_40_ml_blaszka_krupowki-768x512.png 768w, https:\/\/violmax.pl\/wp-content\/uploads\/2021\/03\/zakopane_kieliszek_do_wodki_shot_40_ml_blaszka_krupowki-680x453.png 680w, https:\/\/violmax.pl\/wp-content\/uploads\/2021\/03\/zakopane_kieliszek_do_wodki_shot_40_ml_blaszka_krupowki.png 900w\" sizes=\"(max-width: 300px) 100vw, 300px\" \/><\/p>\n<p>&nbsp;<\/p>\n<p>Kieliszek do w\u00f3dki SHOT\u00a0 pojemno\u015bci 40ml. Kieliszek jest pi\u0119knie oszroniony do po\u0142owy, na samym \u015brodku umieszczona zosta\u0142a metalowa ozdoba &#8211; Krup\u00f3wki w Zakopanem. Takie pami\u0105tki zawsze robi\u0105 wra\u017cenie. Po\u0142\u0105czenie praktycznej rzeczy z oryginaln\u0105 pami\u0105tk\u0105 i ozdob\u0105 np w kuchennej szafce czy eleganckim barku, w salonie.Idealna pami\u0105tka z g\u00f3r.<\/p>\n","protected":false},"excerpt":{"rendered":"<p><img loading=\"lazy\" class=\"alignnone size-medium wp-image-4222\" src=\"http:\/\/violmax.pl\/wp-content\/uploads\/2020\/05\/VIOLMAX_POLSKA-5-300x28.jpg\" alt=\"\" width=\"300\" height=\"28\" \/><\/p>\n<p>&nbsp;<\/p>\n<p>Kieliszek do w\u00f3dki SHOT\u00a0 pojemno\u015bci 40ml. Kieliszek jest pi\u0119knie oszroniony do po\u0142owy, na samym \u015brodku umieszczona zosta\u0142a metalowa ozdoba &#8211; Krup\u00f3wki w Zakopanem. Takie pami\u0105tki zawsze robi\u0105 wra\u017cenie. Po\u0142\u0105czenie praktycznej rzeczy z oryginaln\u0105 pami\u0105tk\u0105 i ozdob\u0105 np w kuchennej szafce czy eleganckim barku, w salonie.Idealna pami\u0105tka z g\u00f3r.<\/p>\n<p><strong><em>Minimalna ilo\u015b\u0107 zam\u00f3wienia &#8211; 6 sztuk (1 opakowanie)<\/em><br \/>\n<\/strong><\/p>\n<p><strong><em>Towar sprzedawany na opakowania<\/em><\/strong><\/p>\n<h3><span style=\"color: #ff0000;\">PRZY DODAWANIU DO KOSZYKA, NALE\u017bY DODAWA\u0106 KROTNO\u015a\u0106\u00a0 LICZBY 6 &#8211; (1 opak)\u00a0 np: 6 ; 12 ; 18 itd<\/span><\/h3>\n<h3><strong>CENA ZA SZTUK\u0118.<\/strong><\/h3>\n<h2><strong>\u00a0<\/strong><\/h2>\n","protected":false},"featured_media":7315,"comment_status":"open","ping_status":"closed","template":"","meta":[],"_links":{"self":[{"href":"https:\/\/violmax.pl\/index.php\/wp-json\/wp\/v2\/product\/6149"}],"collection":[{"href":"https:\/\/violmax.pl\/index.php\/wp-json\/wp\/v2\/product"}],"about":[{"href":"https:\/\/violmax.pl\/index.php\/wp-json\/wp\/v2\/types\/product"}],"replies":[{"embeddable":true,"href":"https:\/\/violmax.pl\/index.php\/wp-json\/wp\/v2\/comments?post=6149"}],"wp:featuredmedia":[{"embeddable":true,"href":"https:\/\/violmax.pl\/index.php\/wp-json\/wp\/v2\/media\/7315"}],"wp:attachment":[{"href":"https:\/\/violmax.pl\/index.php\/wp-json\/wp\/v2\/media?parent=6149"}],"curies":[{"name":"wp","href":"https:\/\/api.w.org\/{rel}","templated":true}]}}