{"id":6146,"date":"2020-12-05T19:39:35","date_gmt":"2020-12-05T18:39:35","guid":{"rendered":"http:\/\/violmax.pl\/?post_type=product&#038;p=6146"},"modified":"2025-12-02T13:22:14","modified_gmt":"2025-12-02T12:22:14","slug":"zakopane-szklanka-do-piwa-stopka-500-ml-szron-harnas-gory-kolor","status":"publish","type":"product","link":"https:\/\/violmax.pl\/index.php\/produkt\/zakopane-szklanka-do-piwa-stopka-500-ml-szron-harnas-gory-kolor\/","title":{"rendered":"ZAKOPANE, SZKLANKA DO PIWA &#8220;MA\u0141GOSIA&#8221; 500 ML, SZRON HARNA\u015a G\u00d3RY KOLOR"},"content":{"rendered":"<p><img loading=\"lazy\" class=\"alignnone size-medium wp-image-6184\" src=\"http:\/\/violmax.pl\/wp-content\/uploads\/2020\/12\/zakopane_szklanka_do_piwa_stopka_500_ml_szron_harnas_gory_kolor-1-300x300.png\" alt=\"\" width=\"300\" height=\"300\" srcset=\"https:\/\/violmax.pl\/wp-content\/uploads\/2020\/12\/zakopane_szklanka_do_piwa_stopka_500_ml_szron_harnas_gory_kolor-1-300x300.png 300w, https:\/\/violmax.pl\/wp-content\/uploads\/2020\/12\/zakopane_szklanka_do_piwa_stopka_500_ml_szron_harnas_gory_kolor-1-150x150.png 150w, https:\/\/violmax.pl\/wp-content\/uploads\/2020\/12\/zakopane_szklanka_do_piwa_stopka_500_ml_szron_harnas_gory_kolor-1-768x768.png 768w, https:\/\/violmax.pl\/wp-content\/uploads\/2020\/12\/zakopane_szklanka_do_piwa_stopka_500_ml_szron_harnas_gory_kolor-1-680x680.png 680w, https:\/\/violmax.pl\/wp-content\/uploads\/2020\/12\/zakopane_szklanka_do_piwa_stopka_500_ml_szron_harnas_gory_kolor-1-100x100.png 100w, https:\/\/violmax.pl\/wp-content\/uploads\/2020\/12\/zakopane_szklanka_do_piwa_stopka_500_ml_szron_harnas_gory_kolor-1.png 900w\" sizes=\"(max-width: 300px) 100vw, 300px\" \/><\/p>\n<p>&nbsp;<\/p>\n<p>Szklanka do piwa &#8220;MA\u0141GOSIA&#8221; na stopce o litra\u017cu 0,5 l. Elegancka pami\u0105tka z motywem Harnasia odlanego z metalu w kolorze. Szklanka jest wypiaskowana do po\u0142owy, co sprawia wra\u017cenie jak by by\u0142a zmro\u017cona. Bardzo praktyczna pami\u0105tka z Zakopanego, upi\u0119kszy ka\u017cdy barek w domu. Kszta\u0142t szklanki sprawia \u017ce wygodnie trzyma si\u0119 j\u0105 w d\u0142oni .<\/p>\n","protected":false},"excerpt":{"rendered":"<p><img loading=\"lazy\" class=\"alignnone size-full wp-image-5364\" src=\"http:\/\/violmax.pl\/wp-content\/uploads\/2020\/10\/VIOLMAX_POLSKA-3.jpg\" alt=\"\" width=\"300\" height=\"28\" \/><\/p>\n<p>&nbsp;<\/p>\n<p>Szklanka do piwa &#8220;MA\u0141GOSIA&#8221; na stopce o litra\u017cu 0,5 l. Elegancka pami\u0105tka z motywem Harnasia odlanego z metalu w kolorze. Szklanka jest wypiaskowana do po\u0142owy, co sprawia wra\u017cenie jak by by\u0142a zmro\u017cona. Bardzo praktyczna pami\u0105tka z Zakopanego, upi\u0119kszy ka\u017cdy barek w domu. Kszta\u0142t szklanki sprawia \u017ce wygodnie trzyma si\u0119 j\u0105 w d\u0142oni .<\/p>\n<p><strong><em>Minimalna ilo\u015b\u0107 zam\u00f3wienia &#8211; 6 sztuk (1 opakowanie)<\/em><br \/>\n<\/strong><\/p>\n<p><strong><em>Towar sprzedawany na opakowania<\/em><\/strong><\/p>\n<h3><span style=\"color: #ff0000;\">PRZY DODAWANIU DO KOSZYKA, NALE\u017bY DODAWA\u0106 KROTNO\u015a\u0106\u00a0 LICZBY 6 &#8211; (1 opak)\u00a0 np: 6 ; 12 ; 18 itd<\/span><\/h3>\n<h3><strong>CENA ZA SZTUK\u0118.<\/strong><\/h3>\n<h2><strong>\u00a0<\/strong><\/h2>\n","protected":false},"featured_media":6184,"comment_status":"open","ping_status":"closed","template":"","meta":[],"_links":{"self":[{"href":"https:\/\/violmax.pl\/index.php\/wp-json\/wp\/v2\/product\/6146"}],"collection":[{"href":"https:\/\/violmax.pl\/index.php\/wp-json\/wp\/v2\/product"}],"about":[{"href":"https:\/\/violmax.pl\/index.php\/wp-json\/wp\/v2\/types\/product"}],"replies":[{"embeddable":true,"href":"https:\/\/violmax.pl\/index.php\/wp-json\/wp\/v2\/comments?post=6146"}],"wp:featuredmedia":[{"embeddable":true,"href":"https:\/\/violmax.pl\/index.php\/wp-json\/wp\/v2\/media\/6184"}],"wp:attachment":[{"href":"https:\/\/violmax.pl\/index.php\/wp-json\/wp\/v2\/media?parent=6146"}],"curies":[{"name":"wp","href":"https:\/\/api.w.org\/{rel}","templated":true}]}}