{"id":6101,"date":"2020-12-05T11:21:14","date_gmt":"2020-12-05T10:21:14","guid":{"rendered":"http:\/\/violmax.pl\/?post_type=product&#038;p=6101"},"modified":"2025-12-02T13:22:15","modified_gmt":"2025-12-02T12:22:15","slug":"karp-szklanka-do-napoi-splendour-400-ml-szron","status":"publish","type":"product","link":"https:\/\/violmax.pl\/index.php\/produkt\/karp-szklanka-do-napoi-splendour-400-ml-szron\/","title":{"rendered":"W\u0118DKARSTWO, SZKLANKA DO NAPOJ\u00d3W &#8220;SPLENDOUR&#8221; 400 ML, KARP SZRON"},"content":{"rendered":"<p><img loading=\"lazy\" class=\"alignnone size-medium wp-image-6075\" src=\"http:\/\/violmax.pl\/wp-content\/uploads\/2020\/12\/karp_szklanka_do_napoi_splendour_400_ml_szron-300x200.png\" alt=\"\" width=\"300\" height=\"200\" srcset=\"https:\/\/violmax.pl\/wp-content\/uploads\/2020\/12\/karp_szklanka_do_napoi_splendour_400_ml_szron-300x200.png 300w, https:\/\/violmax.pl\/wp-content\/uploads\/2020\/12\/karp_szklanka_do_napoi_splendour_400_ml_szron-768x512.png 768w, https:\/\/violmax.pl\/wp-content\/uploads\/2020\/12\/karp_szklanka_do_napoi_splendour_400_ml_szron-680x453.png 680w, https:\/\/violmax.pl\/wp-content\/uploads\/2020\/12\/karp_szklanka_do_napoi_splendour_400_ml_szron.png 900w\" sizes=\"(max-width: 300px) 100vw, 300px\" \/><\/p>\n<p>&nbsp;<\/p>\n<p>Szklanka do napoj\u00f3w &#8220;SPLENDOUR&#8221; o litra\u017cu 400 ml. Elegancki upominek dla w\u0119dkarza , szklanka jest wypiaskowana , co sprawia \u017ce wygl\u0105da jak by by\u0142a zmro\u017cona. Ozdobiona jest motywem ryby, karpia. Wygodna szklanka o du\u017cej pojemno\u015bci, dobrze trzyma si\u0119 w d\u0142oni.\u00a0 Nadaje si\u0119 do mycia w zmywarce.<\/p>\n","protected":false},"excerpt":{"rendered":"<p><img loading=\"lazy\" class=\"alignnone size-medium wp-image-3492\" src=\"http:\/\/violmax.pl\/wp-content\/uploads\/2020\/05\/VIOLMAX_POLSKA-300x28.jpg\" alt=\"\" width=\"300\" height=\"28\" \/><\/p>\n<p>&nbsp;<\/p>\n<p>Szklanka do napoj\u00f3w &#8220;SPLENDOUR&#8221; o litra\u017cu 400 ml. Elegancki upominek dla w\u0119dkarza , szklanka jest wypiaskowana , co sprawia \u017ce wygl\u0105da jak by by\u0142a zmro\u017cona. Ozdobiona jest motywem ryby, karpia. Wygodna szklanka o du\u017cej pojemno\u015bci, dobrze trzyma si\u0119 w d\u0142oni.\u00a0 Nadaje si\u0119 do mycia w zmywarce.<\/p>\n<p><em><strong>Minimalna ilo\u015b\u0107 zam\u00f3wienia &#8211; 6 sztuk (1 opakowanie)<br \/>\n<\/strong><\/em><\/p>\n<p><strong><em>Towar sprzedawany na opakowania<\/em><\/strong><\/p>\n<h3><span style=\"color: #ff0000;\">PRZY DODAWANIU DO KOSZYKA, NALE\u017bY DODAWA\u0106 KROTNO\u015a\u0106\u00a0 LICZBY 6 &#8211; (1 opak)\u00a0 np: 6 ; 12 ; 18 itd<\/span><\/h3>\n<h3><strong>CENA ZA SZTUK\u0118.<\/strong><\/h3>\n<h2><strong>\u00a0<\/strong><\/h2>\n","protected":false},"featured_media":6075,"comment_status":"open","ping_status":"closed","template":"","meta":[],"_links":{"self":[{"href":"https:\/\/violmax.pl\/index.php\/wp-json\/wp\/v2\/product\/6101"}],"collection":[{"href":"https:\/\/violmax.pl\/index.php\/wp-json\/wp\/v2\/product"}],"about":[{"href":"https:\/\/violmax.pl\/index.php\/wp-json\/wp\/v2\/types\/product"}],"replies":[{"embeddable":true,"href":"https:\/\/violmax.pl\/index.php\/wp-json\/wp\/v2\/comments?post=6101"}],"wp:featuredmedia":[{"embeddable":true,"href":"https:\/\/violmax.pl\/index.php\/wp-json\/wp\/v2\/media\/6075"}],"wp:attachment":[{"href":"https:\/\/violmax.pl\/index.php\/wp-json\/wp\/v2\/media?parent=6101"}],"curies":[{"name":"wp","href":"https:\/\/api.w.org\/{rel}","templated":true}]}}