{"id":6033,"date":"2020-12-01T21:30:37","date_gmt":"2020-12-01T20:30:37","guid":{"rendered":"http:\/\/violmax.pl\/?post_type=product&#038;p=6033"},"modified":"2025-12-02T13:22:17","modified_gmt":"2025-12-02T12:22:17","slug":"zakopane-szklanka-long-drink-300-ml-krupowki-szron","status":"publish","type":"product","link":"https:\/\/violmax.pl\/index.php\/produkt\/zakopane-szklanka-long-drink-300-ml-krupowki-szron\/","title":{"rendered":"ZAKOPANE, SZKLANKA LONG DRINK &#8220;X 300&#8221; ML, KRUP\u00d3WKI SZRON"},"content":{"rendered":"<p><img loading=\"lazy\" class=\"alignnone size-medium wp-image-9157\" src=\"http:\/\/violmax.pl\/wp-content\/uploads\/2022\/06\/Zakopane_szklanka_long_drink_300_ml_krupowki_szron-300x300.png\" alt=\"\" width=\"300\" height=\"300\" srcset=\"https:\/\/violmax.pl\/wp-content\/uploads\/2022\/06\/Zakopane_szklanka_long_drink_300_ml_krupowki_szron-300x300.png 300w, https:\/\/violmax.pl\/wp-content\/uploads\/2022\/06\/Zakopane_szklanka_long_drink_300_ml_krupowki_szron-768x768.png 768w, https:\/\/violmax.pl\/wp-content\/uploads\/2022\/06\/Zakopane_szklanka_long_drink_300_ml_krupowki_szron-680x680.png 680w, https:\/\/violmax.pl\/wp-content\/uploads\/2022\/06\/Zakopane_szklanka_long_drink_300_ml_krupowki_szron-100x100.png 100w, https:\/\/violmax.pl\/wp-content\/uploads\/2022\/06\/Zakopane_szklanka_long_drink_300_ml_krupowki_szron.png 900w\" sizes=\"(max-width: 300px) 100vw, 300px\" \/><\/p>\n<p>&nbsp;<\/p>\n<p>Szklanka &#8221;Long Drink&#8221; 300 ml to zdobione szk\u0142o, wypiaskowane s\u0142u\u017c\u0105ce do drink\u00f3w lub sok\u00f3w, wody. Szklanka jest wypiaskowana i precyzyjnie oszroniona z obu stron. Wykorzystane s\u0105 na szkle motywy typowe dla Zakopanego ( Giewont, Guba\u0142\u00f3wka, parzenica ). Rewelacyjny pomys\u0142 na prezent, pami\u0105tk\u0119 z Zakopanego po\u0142\u0105czon\u0105 ze szklank\u0105 do codziennego u\u017cytku.Idealna pami\u0105tka z g\u00f3r. Nadaje si\u0119 do mycia w zmywarce.<\/p>\n","protected":false},"excerpt":{"rendered":"<p><img loading=\"lazy\" class=\"alignnone size-medium wp-image-4222\" src=\"http:\/\/violmax.pl\/wp-content\/uploads\/2020\/05\/VIOLMAX_POLSKA-5-300x28.jpg\" alt=\"\" width=\"300\" height=\"28\" \/><\/p>\n<p>&nbsp;<\/p>\n<p>Szklanka &#8221;Long Drink&#8221; 300 ml to zdobione szk\u0142o, wypiaskowane s\u0142u\u017c\u0105ce do drink\u00f3w lub sok\u00f3w, wody. Szklanka jest wypiaskowana i precyzyjnie oszroniona z obu stron. Wykorzystane s\u0105 na szkle motywy typowe dla Zakopanego ( Giewont, Guba\u0142\u00f3wka, parzenica ). Rewelacyjny pomys\u0142 na prezent, pami\u0105tk\u0119 z Zakopanego po\u0142\u0105czon\u0105 ze szklank\u0105 do codziennego u\u017cytku.Idealna pami\u0105tka z g\u00f3r. Nadaje si\u0119 do mycia w zmywarce.<\/p>\n<p><strong><em>Minimalna ilo\u015b\u0107 zam\u00f3wienia &#8211; 6 sztuk (1 opakowanie)<\/em><br \/>\n<\/strong><\/p>\n<p><strong><em>Towar sprzedawany na opakowania<\/em><\/strong><\/p>\n<h3><span style=\"color: #ff0000;\">PRZY DODAWANIU DO KOSZYKA, NALE\u017bY DODAWA\u0106 KROTNO\u015a\u0106\u00a0 LICZBY 6 &#8211; (1 opak)\u00a0 np: 6 ; 12 ; 18 itd<\/span><\/h3>\n<h3><strong>CENA ZA SZTUK\u0118.<\/strong><\/h3>\n<h2><strong>\u00a0<\/strong><\/h2>\n","protected":false},"featured_media":9157,"comment_status":"open","ping_status":"closed","template":"","meta":[],"_links":{"self":[{"href":"https:\/\/violmax.pl\/index.php\/wp-json\/wp\/v2\/product\/6033"}],"collection":[{"href":"https:\/\/violmax.pl\/index.php\/wp-json\/wp\/v2\/product"}],"about":[{"href":"https:\/\/violmax.pl\/index.php\/wp-json\/wp\/v2\/types\/product"}],"replies":[{"embeddable":true,"href":"https:\/\/violmax.pl\/index.php\/wp-json\/wp\/v2\/comments?post=6033"}],"wp:featuredmedia":[{"embeddable":true,"href":"https:\/\/violmax.pl\/index.php\/wp-json\/wp\/v2\/media\/9157"}],"wp:attachment":[{"href":"https:\/\/violmax.pl\/index.php\/wp-json\/wp\/v2\/media?parent=6033"}],"curies":[{"name":"wp","href":"https:\/\/api.w.org\/{rel}","templated":true}]}}