{"id":6014,"date":"2020-11-30T18:52:39","date_gmt":"2020-11-30T17:52:39","guid":{"rendered":"http:\/\/violmax.pl\/?post_type=product&#038;p=6014"},"modified":"2025-12-02T13:22:18","modified_gmt":"2025-12-02T12:22:18","slug":"zakopane-kufel-do-piwa-marek-500-ml-szron-gubalowka","status":"publish","type":"product","link":"https:\/\/violmax.pl\/index.php\/produkt\/zakopane-kufel-do-piwa-marek-500-ml-szron-gubalowka\/","title":{"rendered":"ZAKOPANE, KUFEL DO PIWA &#8220;MAREK&#8221; 500 ML, SZRON GUBA\u0141\u00d3WKA"},"content":{"rendered":"<p><img loading=\"lazy\" class=\"alignnone size-medium wp-image-6702\" src=\"http:\/\/violmax.pl\/wp-content\/uploads\/2021\/01\/zakopane_kufel_do_piwa_marek_500_ml_gubalowka_szron-300x240.png\" alt=\"\" width=\"300\" height=\"240\" srcset=\"https:\/\/violmax.pl\/wp-content\/uploads\/2021\/01\/zakopane_kufel_do_piwa_marek_500_ml_gubalowka_szron-300x240.png 300w, https:\/\/violmax.pl\/wp-content\/uploads\/2021\/01\/zakopane_kufel_do_piwa_marek_500_ml_gubalowka_szron-768x614.png 768w, https:\/\/violmax.pl\/wp-content\/uploads\/2021\/01\/zakopane_kufel_do_piwa_marek_500_ml_gubalowka_szron-320x256.png 320w, https:\/\/violmax.pl\/wp-content\/uploads\/2021\/01\/zakopane_kufel_do_piwa_marek_500_ml_gubalowka_szron-680x544.png 680w, https:\/\/violmax.pl\/wp-content\/uploads\/2021\/01\/zakopane_kufel_do_piwa_marek_500_ml_gubalowka_szron.png 900w\" sizes=\"(max-width: 300px) 100vw, 300px\" \/><\/p>\n<p>&nbsp;<\/p>\n<p>Kufel do piwa &#8220;Marek&#8221; o litra\u017cu 500 ml . Ozdobiony jest motywem typowym dla Zakopanego, &#8220;Guba\u0142\u00f3wka&#8221;. Produkt z wysokiej jako\u015bci szk\u0142a.\u00a0 Dzi\u0119ki piaskowaniu kufla, sprawia on wra\u017cenie jak by by\u0142 zmro\u017cony. Znakomicie sprawdzi si\u0119 jako kufel do codziennego u\u017cytku lub jako \u015bwietna pami\u0105tka z g\u00f3r. Idealny na prezent dla lubuj\u0105cych si\u0119 w piwie lub os\u00f3b, kt\u00f3re ceni\u0105 sobie pami\u0105tki ze smakiem. Ozdobi ka\u017cde wn\u0119trze i zachwyci go\u015bci. Idealna pami\u0105tka z Zakopanego. Nadaje si\u0119 do mycia w zmywarkach.<\/p>\n","protected":false},"excerpt":{"rendered":"<p><img loading=\"lazy\" class=\"alignnone size-medium wp-image-3782\" src=\"http:\/\/violmax.pl\/wp-content\/uploads\/2020\/05\/VIOLMAX_POLSKA-6-300x28.jpg\" alt=\"\" width=\"300\" height=\"28\" \/><\/p>\n<p>&nbsp;<\/p>\n<p>Kufel do piwa &#8220;Marek&#8221; o litra\u017cu 500 ml . Ozdobiony jest motywem typowym dla Zakopanego, &#8220;Guba\u0142\u00f3wka&#8221;. Produkt z wysokiej jako\u015bci szk\u0142a.\u00a0 Dzi\u0119ki piaskowaniu kufla, sprawia on wra\u017cenie jak by by\u0142 zmro\u017cony. Znakomicie sprawdzi si\u0119 jako kufel do codziennego u\u017cytku lub jako \u015bwietna pami\u0105tka z g\u00f3r. Idealny na prezent dla lubuj\u0105cych si\u0119 w piwie lub os\u00f3b, kt\u00f3re ceni\u0105 sobie pami\u0105tki ze smakiem. Ozdobi ka\u017cde wn\u0119trze i zachwyci go\u015bci. Idealna pami\u0105tka z Zakopanego. Nadaje si\u0119 do mycia w zmywarkach.<\/p>\n<h4><strong><em>Minimalna ilo\u015b\u0107 zam\u00f3wienia &#8211; 6 sztuk (1 opakowanie)<\/em><br \/>\n<\/strong><\/h4>\n<p><strong><em>Towar sprzedawany na opakowania<\/em><\/strong><\/p>\n<h3><span style=\"color: #ff0000;\">PRZY DODAWANIU DO KOSZYKA, NALE\u017bY DODAWA\u0106 KROTNO\u015a\u0106\u00a0 LICZBY 6 &#8211; (1 opak)\u00a0 np: 6 ; 12 ; 18 itd<\/span><\/h3>\n<h3><strong>CENA ZA SZTUK\u0118.<\/strong><\/h3>\n<h2><strong>\u00a0<\/strong><\/h2>\n<p>&nbsp;<\/p>\n<p>&nbsp;<\/p>\n","protected":false},"featured_media":6702,"comment_status":"open","ping_status":"closed","template":"","meta":[],"_links":{"self":[{"href":"https:\/\/violmax.pl\/index.php\/wp-json\/wp\/v2\/product\/6014"}],"collection":[{"href":"https:\/\/violmax.pl\/index.php\/wp-json\/wp\/v2\/product"}],"about":[{"href":"https:\/\/violmax.pl\/index.php\/wp-json\/wp\/v2\/types\/product"}],"replies":[{"embeddable":true,"href":"https:\/\/violmax.pl\/index.php\/wp-json\/wp\/v2\/comments?post=6014"}],"wp:featuredmedia":[{"embeddable":true,"href":"https:\/\/violmax.pl\/index.php\/wp-json\/wp\/v2\/media\/6702"}],"wp:attachment":[{"href":"https:\/\/violmax.pl\/index.php\/wp-json\/wp\/v2\/media?parent=6014"}],"curies":[{"name":"wp","href":"https:\/\/api.w.org\/{rel}","templated":true}]}}