{"id":5978,"date":"2020-11-29T15:39:09","date_gmt":"2020-11-29T14:39:09","guid":{"rendered":"http:\/\/violmax.pl\/?post_type=product&#038;p=5978"},"modified":"2025-12-02T13:22:20","modified_gmt":"2025-12-02T12:22:20","slug":"zakopane-szklanka-do-whisky-mixology-250-ml-parzenica-szron","status":"publish","type":"product","link":"https:\/\/violmax.pl\/index.php\/produkt\/zakopane-szklanka-do-whisky-mixology-250-ml-parzenica-szron\/","title":{"rendered":"ZAKOPANE, SZKLANKA DO WHISKY &#8220;MIXOLOGY&#8221; 250 ML, PARZENICA SZRON"},"content":{"rendered":"<p><img loading=\"lazy\" class=\"alignnone size-medium wp-image-5966\" src=\"http:\/\/violmax.pl\/wp-content\/uploads\/2020\/11\/Zakopane_szklanka_do_whisky_Mixology_250_ml_parzenica_szron-300x240.png\" alt=\"\" width=\"300\" height=\"240\" srcset=\"https:\/\/violmax.pl\/wp-content\/uploads\/2020\/11\/Zakopane_szklanka_do_whisky_Mixology_250_ml_parzenica_szron-300x240.png 300w, https:\/\/violmax.pl\/wp-content\/uploads\/2020\/11\/Zakopane_szklanka_do_whisky_Mixology_250_ml_parzenica_szron-768x614.png 768w, https:\/\/violmax.pl\/wp-content\/uploads\/2020\/11\/Zakopane_szklanka_do_whisky_Mixology_250_ml_parzenica_szron-320x256.png 320w, https:\/\/violmax.pl\/wp-content\/uploads\/2020\/11\/Zakopane_szklanka_do_whisky_Mixology_250_ml_parzenica_szron-680x544.png 680w, https:\/\/violmax.pl\/wp-content\/uploads\/2020\/11\/Zakopane_szklanka_do_whisky_Mixology_250_ml_parzenica_szron.png 900w\" sizes=\"(max-width: 300px) 100vw, 300px\" \/><\/p>\n<p>&nbsp;<\/p>\n<p>Szklanka do whisky MIXOLOGY o pojemno\u015bci 250 ml. Do po\u0142owy w szronie, z wypiaskowanym motywem typowym dla Zakopanego, &#8220;parzenic\u0105&#8221; . Piaskowanie sprawia \u017ce szklanka sprawia wra\u017cenia jak by by\u0142a zmro\u017cona. Przepi\u0119kna i dostojna pami\u0105tka z robi\u0105cymi wra\u017cenie zdobieniem. Idealna pami\u0105tka z Zakopanego. Nadaje si\u0119 do mycia w zmywarce.<\/p>\n","protected":false},"excerpt":{"rendered":"<p><img loading=\"lazy\" class=\"alignnone size-full wp-image-5364\" src=\"http:\/\/violmax.pl\/wp-content\/uploads\/2020\/10\/VIOLMAX_POLSKA-3.jpg\" alt=\"\" width=\"300\" height=\"28\" \/><\/p>\n<p>&nbsp;<\/p>\n<p>Szklanka do whisky MIXOLOGY o pojemno\u015bci 250 ml. Do po\u0142owy w szronie, z wypiaskowanym motywem typowym dla Zakopanego, &#8220;parzenic\u0105&#8221; . Piaskowanie sprawia \u017ce szklanka sprawia wra\u017cenia jak by by\u0142a zmro\u017cona. Przepi\u0119kna i dostojna pami\u0105tka z robi\u0105cymi wra\u017cenie zdobieniem. Idealna pami\u0105tka z Zakopanego. Nadaje si\u0119 do mycia w zmywarce.<\/p>\n<p><strong><em>Minimalna ilo\u015b\u0107 zam\u00f3wienia &#8211; 6 sztuk (1 opakowanie)<\/em><br \/>\n<\/strong><\/p>\n<p><strong><em>Towar sprzedawany na opakowania<\/em><\/strong><\/p>\n<h3><span style=\"color: #ff0000;\">PRZY DODAWANIU DO KOSZYKA, NALE\u017bY DODAWA\u0106 KROTNO\u015a\u0106\u00a0 LICZBY 6 &#8211; (1 opak)\u00a0 np: 6 ; 12 ; 18 itd<\/span><\/h3>\n<h3><strong>CENA ZA SZTUK\u0118.<\/strong><\/h3>\n<h2><strong>\u00a0<\/strong><\/h2>\n","protected":false},"featured_media":5966,"comment_status":"open","ping_status":"closed","template":"","meta":[],"_links":{"self":[{"href":"https:\/\/violmax.pl\/index.php\/wp-json\/wp\/v2\/product\/5978"}],"collection":[{"href":"https:\/\/violmax.pl\/index.php\/wp-json\/wp\/v2\/product"}],"about":[{"href":"https:\/\/violmax.pl\/index.php\/wp-json\/wp\/v2\/types\/product"}],"replies":[{"embeddable":true,"href":"https:\/\/violmax.pl\/index.php\/wp-json\/wp\/v2\/comments?post=5978"}],"wp:featuredmedia":[{"embeddable":true,"href":"https:\/\/violmax.pl\/index.php\/wp-json\/wp\/v2\/media\/5966"}],"wp:attachment":[{"href":"https:\/\/violmax.pl\/index.php\/wp-json\/wp\/v2\/media?parent=5978"}],"curies":[{"name":"wp","href":"https:\/\/api.w.org\/{rel}","templated":true}]}}