{"id":5868,"date":"2020-11-22T23:25:12","date_gmt":"2020-11-22T22:25:12","guid":{"rendered":"http:\/\/violmax.pl\/?post_type=product&#038;p=5868"},"modified":"2025-12-02T13:22:51","modified_gmt":"2025-12-02T12:22:51","slug":"polska-szklanka-do-whisky-luna-350-ml-szron-orzel-szarfa","status":"publish","type":"product","link":"https:\/\/violmax.pl\/index.php\/produkt\/polska-szklanka-do-whisky-luna-350-ml-szron-orzel-szarfa\/","title":{"rendered":"POLSKA, SZKLANKA DO WHISKY &#8220;LUNA&#8221; 350 ML, SZRON ORZE\u0141 SZARFA"},"content":{"rendered":"<p><img loading=\"lazy\" class=\"alignnone size-medium wp-image-5857\" src=\"http:\/\/violmax.pl\/wp-content\/uploads\/2020\/11\/Polska_szklanka_do_whisky_luna_350_ml_orzel_szarfa-300x300.png\" alt=\"\" width=\"300\" height=\"300\" srcset=\"https:\/\/violmax.pl\/wp-content\/uploads\/2020\/11\/Polska_szklanka_do_whisky_luna_350_ml_orzel_szarfa-300x300.png 300w, https:\/\/violmax.pl\/wp-content\/uploads\/2020\/11\/Polska_szklanka_do_whisky_luna_350_ml_orzel_szarfa-150x150.png 150w, https:\/\/violmax.pl\/wp-content\/uploads\/2020\/11\/Polska_szklanka_do_whisky_luna_350_ml_orzel_szarfa-768x768.png 768w, https:\/\/violmax.pl\/wp-content\/uploads\/2020\/11\/Polska_szklanka_do_whisky_luna_350_ml_orzel_szarfa-680x680.png 680w, https:\/\/violmax.pl\/wp-content\/uploads\/2020\/11\/Polska_szklanka_do_whisky_luna_350_ml_orzel_szarfa-100x100.png 100w, https:\/\/violmax.pl\/wp-content\/uploads\/2020\/11\/Polska_szklanka_do_whisky_luna_350_ml_orzel_szarfa.png 900w\" sizes=\"(max-width: 300px) 100vw, 300px\" \/><\/p>\n<p>&nbsp;<\/p>\n<p>Szklanka do whisky &#8220;LUNA&#8221; o litra\u017cu 350 ml. Elegancka pami\u0105tka , szklanka jest wypiaskowana do po\u0142owy wysoko\u015bci, co sprawia \u017ce wygl\u0105da jak zmro\u017cona.Ozdobiona jest motywem polskiego or\u0142a z metalu , oraz napisem Polska. Wygodna szklanka, dobrze trzyma si\u0119 w d\u0142oni. Idealna pami\u0105tka z Polski, upominek dla ka\u017cdego.<\/p>\n","protected":false},"excerpt":{"rendered":"<p><img loading=\"lazy\" class=\"alignnone size-medium wp-image-3492\" src=\"http:\/\/violmax.pl\/wp-content\/uploads\/2020\/05\/VIOLMAX_POLSKA-300x28.jpg\" alt=\"\" width=\"300\" height=\"28\" \/><\/p>\n<p>&nbsp;<\/p>\n<p>Szklanka do whisky &#8220;LUNA&#8221;o litra\u017cu 350 ml. Elegancka pami\u0105tka , szklanka jest wypiaskowana do po\u0142owy wysoko\u015bci, co sprawia \u017ce wygl\u0105da jak zmro\u017cona.Ozdobiona jest motywem polskiego or\u0142a z metalu , oraz napisem Polska. Wygodna szklanka, dobrze trzyma si\u0119 w d\u0142oni. Idealna pami\u0105tka z Polski, upominek dla ka\u017cdego.<\/p>\n<p><strong><em>Minimalna ilo\u015b\u0107 zam\u00f3wienia &#8211; 6 sztuk (1 opakowanie)<\/em><br \/>\n<\/strong><\/p>\n<p><strong><em>Towar sprzedawany na opakowania<\/em><\/strong><\/p>\n<h3><span style=\"color: #ff0000;\">PRZY DODAWANIU DO KOSZYKA, NALE\u017bY DODAWA\u0106 KROTNO\u015a\u0106\u00a0 LICZBY 6 &#8211; (1 opak)\u00a0 np: 6 ; 12 ; 18 itd<\/span><\/h3>\n<h3><strong>CENA ZA SZTUK\u0118.<\/strong><\/h3>\n<h2><strong>\u00a0<\/strong><\/h2>\n","protected":false},"featured_media":5857,"comment_status":"open","ping_status":"closed","template":"","meta":[],"_links":{"self":[{"href":"https:\/\/violmax.pl\/index.php\/wp-json\/wp\/v2\/product\/5868"}],"collection":[{"href":"https:\/\/violmax.pl\/index.php\/wp-json\/wp\/v2\/product"}],"about":[{"href":"https:\/\/violmax.pl\/index.php\/wp-json\/wp\/v2\/types\/product"}],"replies":[{"embeddable":true,"href":"https:\/\/violmax.pl\/index.php\/wp-json\/wp\/v2\/comments?post=5868"}],"wp:featuredmedia":[{"embeddable":true,"href":"https:\/\/violmax.pl\/index.php\/wp-json\/wp\/v2\/media\/5857"}],"wp:attachment":[{"href":"https:\/\/violmax.pl\/index.php\/wp-json\/wp\/v2\/media?parent=5868"}],"curies":[{"name":"wp","href":"https:\/\/api.w.org\/{rel}","templated":true}]}}