{"id":5825,"date":"2020-11-22T21:14:25","date_gmt":"2020-11-22T20:14:25","guid":{"rendered":"http:\/\/violmax.pl\/?post_type=product&#038;p=5825"},"modified":"2025-12-02T13:22:53","modified_gmt":"2025-12-02T12:22:53","slug":"polska-kieliszek-do-wodki-shot-50-ml","status":"publish","type":"product","link":"https:\/\/violmax.pl\/index.php\/produkt\/polska-kieliszek-do-wodki-shot-50-ml\/","title":{"rendered":"POLSKA, KIELISZEK DO W\u00d3DKI &#8220;SHOT 50&#8221; ML"},"content":{"rendered":"<p><img loading=\"lazy\" class=\"alignnone size-medium wp-image-5823\" src=\"http:\/\/violmax.pl\/wp-content\/uploads\/2020\/11\/Polska_kieliszek_do_wodki_shot_50_ml-300x200.png\" alt=\"\" width=\"300\" height=\"200\" srcset=\"https:\/\/violmax.pl\/wp-content\/uploads\/2020\/11\/Polska_kieliszek_do_wodki_shot_50_ml-300x200.png 300w, https:\/\/violmax.pl\/wp-content\/uploads\/2020\/11\/Polska_kieliszek_do_wodki_shot_50_ml-768x512.png 768w, https:\/\/violmax.pl\/wp-content\/uploads\/2020\/11\/Polska_kieliszek_do_wodki_shot_50_ml-680x453.png 680w, https:\/\/violmax.pl\/wp-content\/uploads\/2020\/11\/Polska_kieliszek_do_wodki_shot_50_ml.png 900w\" sizes=\"(max-width: 300px) 100vw, 300px\" \/><\/p>\n<p>&nbsp;<\/p>\n<p>Kieliszek do w\u00f3dki o pojemno\u015bci 50ml. Kieliszek jest pi\u0119knie ozdobiony \u2013 na samym \u015brodku umieszczona zosta\u0142a metalowa ozdoba \u2013 orze\u0142ek oraz szarfa z napisem \u201dPolska\u201d. Takie pami\u0105tki zawsze robi\u0105 wra\u017cenie. Po\u0142\u0105czenie praktycznej rzeczy z oryginaln\u0105 pami\u0105tk\u0105 i ozdob\u0105 np w kuchennej szafce czy eleganckim barku, w salonie.Idealna pami\u0105tka z Polski, \u015bwietny prezent dla ka\u017cdego.<\/p>\n","protected":false},"excerpt":{"rendered":"<p><img loading=\"lazy\" class=\"alignnone size-medium wp-image-3492\" src=\"http:\/\/violmax.pl\/wp-content\/uploads\/2020\/05\/VIOLMAX_POLSKA-300x28.jpg\" alt=\"\" width=\"300\" height=\"28\" \/><\/p>\n<p>&nbsp;<\/p>\n<p>Kieliszek do w\u00f3dki o pojemno\u015bci 50ml. Kieliszek jest pi\u0119knie ozdobiony \u2013 na samym \u015brodku umieszczona zosta\u0142a metalowa ozdoba \u2013 orze\u0142ek oraz szarfa z napisem \u201dPolska\u201d. Takie pami\u0105tki zawsze robi\u0105 wra\u017cenie. Po\u0142\u0105czenie praktycznej rzeczy z oryginaln\u0105 pami\u0105tk\u0105 i ozdob\u0105 np w kuchennej szafce czy eleganckim barku, w salonie.Idealna pami\u0105tka z Polski, \u015bwietny prezent dla ka\u017cdego.<\/p>\n<p><strong><em>Minimalna ilo\u015b\u0107 zam\u00f3wienia &#8211; 6 sztuk (1 opakowanie)<\/em><br \/>\n<\/strong><\/p>\n<p><strong><em>Towar sprzedawany na opakowania<\/em><\/strong><\/p>\n<h3><span style=\"color: #ff0000;\">PRZY DODAWANIU DO KOSZYKA, NALE\u017bY DODAWA\u0106 KROTNO\u015a\u0106\u00a0 LICZBY 6 &#8211; (1 opak)\u00a0 np: 6 ; 12 ; 18 itd<\/span><\/h3>\n<h3><strong>CENA ZA SZTUK\u0118.<\/strong><\/h3>\n<h2><strong>\u00a0<\/strong><\/h2>\n","protected":false},"featured_media":5823,"comment_status":"open","ping_status":"closed","template":"","meta":[],"_links":{"self":[{"href":"https:\/\/violmax.pl\/index.php\/wp-json\/wp\/v2\/product\/5825"}],"collection":[{"href":"https:\/\/violmax.pl\/index.php\/wp-json\/wp\/v2\/product"}],"about":[{"href":"https:\/\/violmax.pl\/index.php\/wp-json\/wp\/v2\/types\/product"}],"replies":[{"embeddable":true,"href":"https:\/\/violmax.pl\/index.php\/wp-json\/wp\/v2\/comments?post=5825"}],"wp:featuredmedia":[{"embeddable":true,"href":"https:\/\/violmax.pl\/index.php\/wp-json\/wp\/v2\/media\/5823"}],"wp:attachment":[{"href":"https:\/\/violmax.pl\/index.php\/wp-json\/wp\/v2\/media?parent=5825"}],"curies":[{"name":"wp","href":"https:\/\/api.w.org\/{rel}","templated":true}]}}