{"id":5672,"date":"2020-11-18T19:48:39","date_gmt":"2020-11-18T18:48:39","guid":{"rendered":"http:\/\/violmax.pl\/?post_type=product&#038;p=5672"},"modified":"2025-12-02T13:23:01","modified_gmt":"2025-12-02T12:23:01","slug":"gdansk-szklanka-do-whisky-blended-250-ml-lwy-szron","status":"publish","type":"product","link":"https:\/\/violmax.pl\/index.php\/produkt\/gdansk-szklanka-do-whisky-blended-250-ml-lwy-szron\/","title":{"rendered":"GDA\u0143SK, SZKLANKA DO WHISKY &#8220;BLENDED&#8221; 250 ML, LWY GDA\u0143SKIE SZRON"},"content":{"rendered":"<p><img loading=\"lazy\" class=\"alignnone size-medium wp-image-5639\" src=\"http:\/\/violmax.pl\/wp-content\/uploads\/2020\/11\/Gdansk_szklanka_do_whisky_blended_250_ml_lwy_szron-300x240.png\" alt=\"\" width=\"300\" height=\"240\" srcset=\"https:\/\/violmax.pl\/wp-content\/uploads\/2020\/11\/Gdansk_szklanka_do_whisky_blended_250_ml_lwy_szron-300x240.png 300w, https:\/\/violmax.pl\/wp-content\/uploads\/2020\/11\/Gdansk_szklanka_do_whisky_blended_250_ml_lwy_szron-768x614.png 768w, https:\/\/violmax.pl\/wp-content\/uploads\/2020\/11\/Gdansk_szklanka_do_whisky_blended_250_ml_lwy_szron-320x256.png 320w, https:\/\/violmax.pl\/wp-content\/uploads\/2020\/11\/Gdansk_szklanka_do_whisky_blended_250_ml_lwy_szron-680x544.png 680w, https:\/\/violmax.pl\/wp-content\/uploads\/2020\/11\/Gdansk_szklanka_do_whisky_blended_250_ml_lwy_szron.png 900w\" sizes=\"(max-width: 300px) 100vw, 300px\" \/><\/p>\n<p>&nbsp;<\/p>\n<p>Szklanka do whisky BLENDED o pojemno\u015bci 250 ml. Ozdobiona jest motywem Lw\u00f3w Gda\u0144skich oraz napisem \u201dGda\u0144sk\u201d. Bardzo wygodnie utrzymuje si\u0119 w d\u0142oni. Dzi\u0119ki piaskowaniu sprawia wra\u017cenie jak by by\u0142a zmro\u017cona. Idealna pami\u0105tka z Gda\u0144ska. Nadaje si\u0119 do mycia w zmywarkach.<\/p>\n","protected":false},"excerpt":{"rendered":"<div class=\"woocommerce-product-details__short-description\">\n<div class=\"woocommerce-product-details__short-description\">\n<div class=\"woocommerce-product-details__short-description\">\n<div class=\"woocommerce-product-details__short-description\">\n<div class=\"woocommerce-product-details__short-description\">\n<p><img loading=\"lazy\" class=\"alignnone size-medium wp-image-3492\" src=\"http:\/\/violmax.pl\/wp-content\/uploads\/2020\/05\/VIOLMAX_POLSKA-300x28.jpg\" alt=\"\" width=\"300\" height=\"28\" \/><\/p>\n<p>&nbsp;<\/p>\n<p>Szklanka do whisky BLENDED o pojemno\u015bci 250 ml. Ozdobiona jest motywem Lw\u00f3w Gda\u0144skich oraz napisem \u201dGda\u0144sk\u201d. Bardzo wygodnie utrzymuje si\u0119 w d\u0142oni. Dzi\u0119ki piaskowaniu sprawia wra\u017cenie jak by by\u0142a zmro\u017cona. Idealna pami\u0105tka z Gda\u0144ska. Nadaje si\u0119 do mycia w zmywarkach.<\/p>\n<p><strong><em>Minimalna ilo\u015b\u0107 zam\u00f3wienia \u2013 6 sztuk (1 opakowanie)<\/em><br \/>\n<\/strong><\/p>\n<p><strong><em>Towar sprzedawany na opakowania<\/em><\/strong><\/p>\n<h3><span style=\"color: #ff0000;\">PRZY DODAWANIU DO KOSZYKA, NALE\u017bY DODAWA\u0106 KROTNO\u015a\u0106\u00a0 LICZBY 6 &#8211; (1 opak)\u00a0 np: 6 ; 12 ; 18 itd<\/span><\/h3>\n<h3><strong>CENA ZA SZTUK\u0118.<\/strong><\/h3>\n<h2><strong>\u00a0<\/strong><\/h2>\n<\/div>\n<\/div>\n<\/div>\n<\/div>\n<\/div>\n","protected":false},"featured_media":5639,"comment_status":"open","ping_status":"closed","template":"","meta":[],"_links":{"self":[{"href":"https:\/\/violmax.pl\/index.php\/wp-json\/wp\/v2\/product\/5672"}],"collection":[{"href":"https:\/\/violmax.pl\/index.php\/wp-json\/wp\/v2\/product"}],"about":[{"href":"https:\/\/violmax.pl\/index.php\/wp-json\/wp\/v2\/types\/product"}],"replies":[{"embeddable":true,"href":"https:\/\/violmax.pl\/index.php\/wp-json\/wp\/v2\/comments?post=5672"}],"wp:featuredmedia":[{"embeddable":true,"href":"https:\/\/violmax.pl\/index.php\/wp-json\/wp\/v2\/media\/5639"}],"wp:attachment":[{"href":"https:\/\/violmax.pl\/index.php\/wp-json\/wp\/v2\/media?parent=5672"}],"curies":[{"name":"wp","href":"https:\/\/api.w.org\/{rel}","templated":true}]}}