{"id":5620,"date":"2020-11-17T21:25:14","date_gmt":"2020-11-17T20:25:14","guid":{"rendered":"http:\/\/violmax.pl\/?post_type=product&#038;p=5620"},"modified":"2025-12-02T13:23:04","modified_gmt":"2025-12-02T12:23:04","slug":"gdansk-dzbanek-lemon-05-litra-odlew-kolor-zuraw-szron","status":"publish","type":"product","link":"https:\/\/violmax.pl\/index.php\/produkt\/gdansk-dzbanek-lemon-05-litra-odlew-kolor-zuraw-szron\/","title":{"rendered":"GDA\u0143SK, KUFEL &#8211; DZBANEK DO ZIMNYCH NAPOJ\u00d3W ALKOHOLOWYCH &#8220;LEMON&#8221; 0,5 LITRA, SZRON + \u017bURAW GDA\u0143SKI KOLOR"},"content":{"rendered":"<p><img loading=\"lazy\" class=\"alignnone size-medium wp-image-6729\" src=\"http:\/\/violmax.pl\/wp-content\/uploads\/2021\/01\/gdansk_dzbanek_lemon_500_ml_szron_odlew_kolor_zuraw-300x240.png\" alt=\"\" width=\"300\" height=\"240\" srcset=\"https:\/\/violmax.pl\/wp-content\/uploads\/2021\/01\/gdansk_dzbanek_lemon_500_ml_szron_odlew_kolor_zuraw-300x240.png 300w, https:\/\/violmax.pl\/wp-content\/uploads\/2021\/01\/gdansk_dzbanek_lemon_500_ml_szron_odlew_kolor_zuraw-768x615.png 768w, https:\/\/violmax.pl\/wp-content\/uploads\/2021\/01\/gdansk_dzbanek_lemon_500_ml_szron_odlew_kolor_zuraw-320x256.png 320w, https:\/\/violmax.pl\/wp-content\/uploads\/2021\/01\/gdansk_dzbanek_lemon_500_ml_szron_odlew_kolor_zuraw-680x544.png 680w, https:\/\/violmax.pl\/wp-content\/uploads\/2021\/01\/gdansk_dzbanek_lemon_500_ml_szron_odlew_kolor_zuraw.png 811w\" sizes=\"(max-width: 300px) 100vw, 300px\" \/><\/p>\n<p>&nbsp;<\/p>\n<p>Kufel &#8211; dzbanek do zimnych napoj\u00f3w alkoholowych \u201eLEMON\u201d o litra\u017cu 500 ml . Ozdobiony jest metalowym odlewem w kolorze z motywem \u017burawia Gda\u0144skiego i nazw\u0105 miasta Gda\u0144sk. Piaskowanie sprawia, \u017ce kufel wygl\u0105da jak by by\u0142 zmro\u017cony. Znakomicie sprawdzi si\u0119 jako kufel do codziennego u\u017cytku lub jako \u015bwietna pami\u0105tka znad morza. Idealny na prezent dla lubuj\u0105cych si\u0119 w piwie lub os\u00f3b, kt\u00f3re ceni\u0105 sobie pami\u0105tki ze smakiem. Ozdobi ka\u017cde wn\u0119trze i zachwyci go\u015bci.Idealna pami\u0105tka z Gda\u0144ska.<\/p>\n","protected":false},"excerpt":{"rendered":"<p><img loading=\"lazy\" class=\"alignnone size-medium wp-image-3492\" src=\"http:\/\/violmax.pl\/wp-content\/uploads\/2020\/05\/VIOLMAX_POLSKA-300x28.jpg\" alt=\"\" width=\"300\" height=\"28\" \/><\/p>\n<p>&nbsp;<\/p>\n<p>Kufel &#8211; dzbanek do zimnych napoj\u00f3w alkoholowych \u201eLEMON\u201d o litra\u017cu 500 ml . Ozdobiony jest metalowym odlewem w kolorze z motywem \u017burawia Gda\u0144skiego i nazw\u0105 miasta Gda\u0144sk. Piaskowanie sprawia, \u017ce kufel wygl\u0105da jak by by\u0142 zmro\u017cony. Znakomicie sprawdzi si\u0119 jako kufel do codziennego u\u017cytku lub jako \u015bwietna pami\u0105tka znad morza. Idealny na prezent dla lubuj\u0105cych si\u0119 w piwie lub os\u00f3b, kt\u00f3re ceni\u0105 sobie pami\u0105tki ze smakiem. Ozdobi ka\u017cde wn\u0119trze i zachwyci go\u015bci.Idealna pami\u0105tka z Gda\u0144ska.<\/p>\n<p><strong><em>Minimalna ilo\u015b\u0107 zam\u00f3wienia &#8211; 6 sztuk (1 opakowanie)<\/em><br \/>\n<\/strong><\/p>\n<p><strong><em>Towar sprzedawany na opakowania<\/em><\/strong><\/p>\n<h3><span style=\"color: #ff0000;\">PRZY DODAWANIU DO KOSZYKA, NALE\u017bY DODAWA\u0106 KROTNO\u015a\u0106\u00a0 LICZBY 6 &#8211; (1 opak)\u00a0 np: 6 ; 12 ; 18 itd<\/span><\/h3>\n<h3><strong>CENA ZA SZTUK\u0118.<\/strong><\/h3>\n<h2><strong>\u00a0<\/strong><\/h2>\n","protected":false},"featured_media":6729,"comment_status":"open","ping_status":"closed","template":"","meta":[],"_links":{"self":[{"href":"https:\/\/violmax.pl\/index.php\/wp-json\/wp\/v2\/product\/5620"}],"collection":[{"href":"https:\/\/violmax.pl\/index.php\/wp-json\/wp\/v2\/product"}],"about":[{"href":"https:\/\/violmax.pl\/index.php\/wp-json\/wp\/v2\/types\/product"}],"replies":[{"embeddable":true,"href":"https:\/\/violmax.pl\/index.php\/wp-json\/wp\/v2\/comments?post=5620"}],"wp:featuredmedia":[{"embeddable":true,"href":"https:\/\/violmax.pl\/index.php\/wp-json\/wp\/v2\/media\/6729"}],"wp:attachment":[{"href":"https:\/\/violmax.pl\/index.php\/wp-json\/wp\/v2\/media?parent=5620"}],"curies":[{"name":"wp","href":"https:\/\/api.w.org\/{rel}","templated":true}]}}