{"id":5608,"date":"2020-11-17T21:08:08","date_gmt":"2020-11-17T20:08:08","guid":{"rendered":"http:\/\/violmax.pl\/?post_type=product&#038;p=5608"},"modified":"2025-12-02T13:23:04","modified_gmt":"2025-12-02T12:23:04","slug":"gdansk-kufel-do-piwa-bremen-067-litra-owal-neptun-szron","status":"publish","type":"product","link":"https:\/\/violmax.pl\/index.php\/produkt\/gdansk-kufel-do-piwa-bremen-067-litra-owal-neptun-szron\/","title":{"rendered":"GDA\u0143SK, KUFEL DO PIWA &#8220;BREMEN&#8221; 0,67 LITRA, SZRON + OWAL NEPTUN"},"content":{"rendered":"<p><img loading=\"lazy\" class=\"alignnone size-medium wp-image-5690\" src=\"http:\/\/violmax.pl\/wp-content\/uploads\/2020\/11\/Gdansk_kufel_do_piwa_Bremen_670_ml_szron_owal_neptun-1-240x300.png\" alt=\"\" width=\"240\" height=\"300\" srcset=\"https:\/\/violmax.pl\/wp-content\/uploads\/2020\/11\/Gdansk_kufel_do_piwa_Bremen_670_ml_szron_owal_neptun-1-240x300.png 240w, https:\/\/violmax.pl\/wp-content\/uploads\/2020\/11\/Gdansk_kufel_do_piwa_Bremen_670_ml_szron_owal_neptun-1.png 618w\" sizes=\"(max-width: 240px) 100vw, 240px\" \/><\/p>\n<p>&nbsp;<\/p>\n<p>Kufel do piwa \u201eBremen\u201d o litra\u017cu 0,67 . Ozdobiony jest okaza\u0142\u0105, metalow\u0105, owaln\u0105 blach\u0105 z motywem Neptuna i nazw\u0105 miasta Gda\u0144sk. Piaskowanie sprawia, \u017ce kufel wygl\u0105da jak by by\u0142 zmro\u017cony. Znakomicie sprawdzi si\u0119 jako kufel do codziennego u\u017cytku lub jako \u015bwietna pami\u0105tka znad morza. Idealny na prezent dla lubuj\u0105cych si\u0119 w piwie lub os\u00f3b, kt\u00f3re ceni\u0105 sobie pami\u0105tki ze smakiem. Ozdobi ka\u017cde wn\u0119trze i zachwyci go\u015bci.Idealna pami\u0105tka z Gda\u0144ska.<\/p>\n","protected":false},"excerpt":{"rendered":"<p><img loading=\"lazy\" class=\"alignnone size-medium wp-image-3492\" src=\"http:\/\/violmax.pl\/wp-content\/uploads\/2020\/05\/VIOLMAX_POLSKA-300x28.jpg\" alt=\"\" width=\"300\" height=\"28\" \/><\/p>\n<p>&nbsp;<\/p>\n<p>Kufel do piwa \u201eBremen\u201d o litra\u017cu 0,67 . Ozdobiony jest okaza\u0142\u0105, metalow\u0105, owaln\u0105 blach\u0105 z motywem Neptuna i nazw\u0105 miasta Gda\u0144sk. Piaskowanie sprawia, \u017ce kufel wygl\u0105da jak by by\u0142 zmro\u017cony. Znakomicie sprawdzi si\u0119 jako kufel do codziennego u\u017cytku lub jako \u015bwietna pami\u0105tka znad morza. Idealny na prezent dla lubuj\u0105cych si\u0119 w piwie lub os\u00f3b, kt\u00f3re ceni\u0105 sobie pami\u0105tki ze smakiem. Ozdobi ka\u017cde wn\u0119trze i zachwyci go\u015bci.Idealna pami\u0105tka z Gda\u0144ska.<\/p>\n<p><strong><em>Minimalna ilo\u015b\u0107 zam\u00f3wienia &#8211; 6 sztuk (1 opakowanie)<\/em><br \/>\n<\/strong><\/p>\n<p><strong><em>Towar sprzedawany na opakowania<\/em><\/strong><\/p>\n<h3><span style=\"color: #ff0000;\">PRZY DODAWANIU DO KOSZYKA, NALE\u017bY DODAWA\u0106 KROTNO\u015a\u0106\u00a0 LICZBY 6 &#8211; (1 opak)\u00a0 np: 6 ; 12 ; 18 itd<\/span><\/h3>\n<h3><strong>CENA ZA SZTUK\u0118.<\/strong><\/h3>\n<h2><strong>\u00a0<\/strong><\/h2>\n","protected":false},"featured_media":5690,"comment_status":"open","ping_status":"closed","template":"","meta":[],"_links":{"self":[{"href":"https:\/\/violmax.pl\/index.php\/wp-json\/wp\/v2\/product\/5608"}],"collection":[{"href":"https:\/\/violmax.pl\/index.php\/wp-json\/wp\/v2\/product"}],"about":[{"href":"https:\/\/violmax.pl\/index.php\/wp-json\/wp\/v2\/types\/product"}],"replies":[{"embeddable":true,"href":"https:\/\/violmax.pl\/index.php\/wp-json\/wp\/v2\/comments?post=5608"}],"wp:featuredmedia":[{"embeddable":true,"href":"https:\/\/violmax.pl\/index.php\/wp-json\/wp\/v2\/media\/5690"}],"wp:attachment":[{"href":"https:\/\/violmax.pl\/index.php\/wp-json\/wp\/v2\/media?parent=5608"}],"curies":[{"name":"wp","href":"https:\/\/api.w.org\/{rel}","templated":true}]}}