{"id":5586,"date":"2020-11-17T20:31:43","date_gmt":"2020-11-17T19:31:43","guid":{"rendered":"http:\/\/violmax.pl\/?post_type=product&#038;p=5586"},"modified":"2025-12-02T13:23:06","modified_gmt":"2025-12-02T12:23:06","slug":"gdansk-szklanka-do-piwa-stopka-500-ml-szron-lwy","status":"publish","type":"product","link":"https:\/\/violmax.pl\/index.php\/produkt\/gdansk-szklanka-do-piwa-stopka-500-ml-szron-lwy\/","title":{"rendered":"GDA\u0143SK, SZKLANKA DO PIWA &#8220;MA\u0141GOSIA&#8221; 500 ML, SZRON + LWY GDA\u0143SKIE ODLEW KOLOR"},"content":{"rendered":"<p><img loading=\"lazy\" class=\"alignnone size-medium wp-image-5574\" src=\"http:\/\/violmax.pl\/wp-content\/uploads\/2020\/11\/Gdansk_szklanka_do_piwa_Stopka_500_ml_szron_odlew_kolor_lwy-300x300.png\" alt=\"\" width=\"300\" height=\"300\" srcset=\"https:\/\/violmax.pl\/wp-content\/uploads\/2020\/11\/Gdansk_szklanka_do_piwa_Stopka_500_ml_szron_odlew_kolor_lwy-300x300.png 300w, https:\/\/violmax.pl\/wp-content\/uploads\/2020\/11\/Gdansk_szklanka_do_piwa_Stopka_500_ml_szron_odlew_kolor_lwy-150x150.png 150w, https:\/\/violmax.pl\/wp-content\/uploads\/2020\/11\/Gdansk_szklanka_do_piwa_Stopka_500_ml_szron_odlew_kolor_lwy-768x768.png 768w, https:\/\/violmax.pl\/wp-content\/uploads\/2020\/11\/Gdansk_szklanka_do_piwa_Stopka_500_ml_szron_odlew_kolor_lwy-680x680.png 680w, https:\/\/violmax.pl\/wp-content\/uploads\/2020\/11\/Gdansk_szklanka_do_piwa_Stopka_500_ml_szron_odlew_kolor_lwy-100x100.png 100w, https:\/\/violmax.pl\/wp-content\/uploads\/2020\/11\/Gdansk_szklanka_do_piwa_Stopka_500_ml_szron_odlew_kolor_lwy.png 900w\" sizes=\"(max-width: 300px) 100vw, 300px\" \/><\/p>\n<p>&nbsp;<\/p>\n<p>Szklanka do piwa &#8220;MA\u0141GOSIA&#8221; na stopce o pojemno\u015bci 500 ml. Ozdobiona jest metalowym odlewem Lw\u00f3w Gda\u0144skich oraz napisem \u201dGda\u0144sk\u201d. Bardzo wygodnie utrzymuje si\u0119 w d\u0142oni dzi\u0119ki piaskowaniu do po\u0142owy, co sprawia \u017ce wygl\u0105da jak by by\u0142a zmro\u017cona. Idealna pami\u0105tka z Gda\u0144ska.<\/p>\n","protected":false},"excerpt":{"rendered":"<div class=\"woocommerce-product-details__short-description\">\n<div class=\"woocommerce-product-details__short-description\">\n<div class=\"woocommerce-product-details__short-description\">\n<div class=\"woocommerce-product-details__short-description\">\n<div class=\"woocommerce-product-details__short-description\">\n<p><img loading=\"lazy\" class=\"alignnone size-medium wp-image-3492\" src=\"http:\/\/violmax.pl\/wp-content\/uploads\/2020\/05\/VIOLMAX_POLSKA-300x28.jpg\" alt=\"\" width=\"300\" height=\"28\" \/><\/p>\n<p>&nbsp;<\/p>\n<p>Szklanka do piwa &#8220;MA\u0141GOSIA&#8221; na stopce o pojemno\u015bci 500 ml. Ozdobiona jest metalowym odlewem Lw\u00f3w Gda\u0144skich oraz napisem \u201dGda\u0144sk\u201d. Bardzo wygodnie utrzymuje si\u0119 w d\u0142oni dzi\u0119ki piaskowaniu do po\u0142owy, co sprawia \u017ce wygl\u0105da jak by by\u0142a zmro\u017cona. Idealna pami\u0105tka z Gda\u0144ska.<\/p>\n<p><strong><em>Minimalna ilo\u015b\u0107 zam\u00f3wienia \u2013 6 sztuk (1 opakowanie)<\/em><br \/>\n<\/strong><\/p>\n<p><strong><em>Towar sprzedawany na opakowania<\/em><\/strong><\/p>\n<h3><span style=\"color: #ff0000;\">PRZY DODAWANIU DO KOSZYKA, NALE\u017bY DODAWA\u0106 KROTNO\u015a\u0106\u00a0 LICZBY 6 &#8211; (1 opak)\u00a0 np: 6 ; 12 ; 18 itd<\/span><\/h3>\n<h3><strong>CENA ZA SZTUK\u0118.<\/strong><\/h3>\n<h2><strong>\u00a0<\/strong><\/h2>\n<\/div>\n<\/div>\n<\/div>\n<\/div>\n<\/div>\n","protected":false},"featured_media":5574,"comment_status":"open","ping_status":"closed","template":"","meta":[],"_links":{"self":[{"href":"https:\/\/violmax.pl\/index.php\/wp-json\/wp\/v2\/product\/5586"}],"collection":[{"href":"https:\/\/violmax.pl\/index.php\/wp-json\/wp\/v2\/product"}],"about":[{"href":"https:\/\/violmax.pl\/index.php\/wp-json\/wp\/v2\/types\/product"}],"replies":[{"embeddable":true,"href":"https:\/\/violmax.pl\/index.php\/wp-json\/wp\/v2\/comments?post=5586"}],"wp:featuredmedia":[{"embeddable":true,"href":"https:\/\/violmax.pl\/index.php\/wp-json\/wp\/v2\/media\/5574"}],"wp:attachment":[{"href":"https:\/\/violmax.pl\/index.php\/wp-json\/wp\/v2\/media?parent=5586"}],"curies":[{"name":"wp","href":"https:\/\/api.w.org\/{rel}","templated":true}]}}