{"id":5556,"date":"2020-11-17T20:04:21","date_gmt":"2020-11-17T19:04:21","guid":{"rendered":"http:\/\/violmax.pl\/?post_type=product&#038;p=5556"},"modified":"2025-12-02T13:23:07","modified_gmt":"2025-12-02T12:23:07","slug":"polska-szklanka-do-piwa-na-stopce-05-litra-szron-orzel-szarfa","status":"publish","type":"product","link":"https:\/\/violmax.pl\/index.php\/produkt\/polska-szklanka-do-piwa-na-stopce-05-litra-szron-orzel-szarfa\/","title":{"rendered":"POLSKA, SZKLANKA DO PIWA NA &#8220;MA\u0141GOSIA&#8221; 0,5 LITRA, ORZE\u0141 SZARFA + SZRON"},"content":{"rendered":"<p><img loading=\"lazy\" class=\"alignnone size-medium wp-image-5555\" src=\"http:\/\/violmax.pl\/wp-content\/uploads\/2020\/11\/Polska_szklanka_do_piwa_Stopka_500_ml_szron_orzel_szarfa-300x300.png\" alt=\"\" width=\"300\" height=\"300\" srcset=\"https:\/\/violmax.pl\/wp-content\/uploads\/2020\/11\/Polska_szklanka_do_piwa_Stopka_500_ml_szron_orzel_szarfa-300x300.png 300w, https:\/\/violmax.pl\/wp-content\/uploads\/2020\/11\/Polska_szklanka_do_piwa_Stopka_500_ml_szron_orzel_szarfa-150x150.png 150w, https:\/\/violmax.pl\/wp-content\/uploads\/2020\/11\/Polska_szklanka_do_piwa_Stopka_500_ml_szron_orzel_szarfa-768x768.png 768w, https:\/\/violmax.pl\/wp-content\/uploads\/2020\/11\/Polska_szklanka_do_piwa_Stopka_500_ml_szron_orzel_szarfa-680x680.png 680w, https:\/\/violmax.pl\/wp-content\/uploads\/2020\/11\/Polska_szklanka_do_piwa_Stopka_500_ml_szron_orzel_szarfa-100x100.png 100w, https:\/\/violmax.pl\/wp-content\/uploads\/2020\/11\/Polska_szklanka_do_piwa_Stopka_500_ml_szron_orzel_szarfa.png 900w\" sizes=\"(max-width: 300px) 100vw, 300px\" \/><\/p>\n<p>&nbsp;<\/p>\n<p>Szklanka do piwa &#8220;MA\u0141GOSIA&#8221; na stopce o litra\u017cu 0,5 l. Szklanka jest do po\u0142owy wypiaskowana, co sprawia \u017ce wygl\u0105da jak by by\u0142a zmro\u017cona. Przyzdobiona jest metalowym odlewem or\u0142a, oraz\u00a0 napisem Polska. Dobrze trzyma si\u0119 w d\u0142oni. Idealna pami\u0105tka z Polski,upominek dla ka\u017cdego.<\/p>\n","protected":false},"excerpt":{"rendered":"<p><img loading=\"lazy\" class=\"alignnone size-medium wp-image-3492\" src=\"http:\/\/violmax.pl\/wp-content\/uploads\/2020\/05\/VIOLMAX_POLSKA-300x28.jpg\" alt=\"\" width=\"300\" height=\"28\" \/><\/p>\n<p>&nbsp;<\/p>\n<p>Szklanka do piwa &#8220;MA\u0141GOSIA&#8221; na stopce o litra\u017cu 0,5 l. Szklanka jest do po\u0142owy wypiaskowana, co sprawia \u017ce wygl\u0105da jak by by\u0142a zmro\u017cona. Przyzdobiona jest metalowym odlewem or\u0142a, oraz\u00a0 napisem Polska. Dobrze trzyma si\u0119 w d\u0142oni. Idealna pami\u0105tka z Polski,upominek dla ka\u017cdego<\/p>\n<p><strong><em>Minimalna ilo\u015b\u0107 zam\u00f3wienia &#8211; 6 sztuk (1 opakowanie)<\/em><br \/>\n<\/strong><\/p>\n<p><strong><em>Towar sprzedawany na opakowania<\/em><\/strong><\/p>\n<h3><span style=\"color: #ff0000;\">PRZY DODAWANIU DO KOSZYKA, NALE\u017bY DODAWA\u0106 KROTNO\u015a\u0106\u00a0 LICZBY 6 &#8211; (1 opak)\u00a0 np: 6 ; 12 ; 18 itd<\/span><\/h3>\n<h3><strong>CENA ZA SZTUK\u0118.<\/strong><\/h3>\n<h2><strong>\u00a0<\/strong><\/h2>\n","protected":false},"featured_media":5555,"comment_status":"open","ping_status":"closed","template":"","meta":[],"_links":{"self":[{"href":"https:\/\/violmax.pl\/index.php\/wp-json\/wp\/v2\/product\/5556"}],"collection":[{"href":"https:\/\/violmax.pl\/index.php\/wp-json\/wp\/v2\/product"}],"about":[{"href":"https:\/\/violmax.pl\/index.php\/wp-json\/wp\/v2\/types\/product"}],"replies":[{"embeddable":true,"href":"https:\/\/violmax.pl\/index.php\/wp-json\/wp\/v2\/comments?post=5556"}],"wp:featuredmedia":[{"embeddable":true,"href":"https:\/\/violmax.pl\/index.php\/wp-json\/wp\/v2\/media\/5555"}],"wp:attachment":[{"href":"https:\/\/violmax.pl\/index.php\/wp-json\/wp\/v2\/media?parent=5556"}],"curies":[{"name":"wp","href":"https:\/\/api.w.org\/{rel}","templated":true}]}}