{"id":5511,"date":"2020-11-03T13:29:11","date_gmt":"2020-11-03T12:29:11","guid":{"rendered":"http:\/\/violmax.pl\/?post_type=product&#038;p=5511"},"modified":"2025-12-02T13:23:08","modified_gmt":"2025-12-02T12:23:08","slug":"karpacz-kufel-do-piwa-bremen-670-ml-szron-odlew-kolor-miasto","status":"publish","type":"product","link":"https:\/\/violmax.pl\/index.php\/produkt\/karpacz-kufel-do-piwa-bremen-670-ml-szron-odlew-kolor-miasto\/","title":{"rendered":"KARPACZ, KUFEL DO PIWA &#8220;BREMEN&#8221; 0,67 LITRA, ODLEW KOLOR MIASTO + SZRON"},"content":{"rendered":"<p><img loading=\"lazy\" class=\"alignnone size-medium wp-image-5987\" src=\"http:\/\/violmax.pl\/wp-content\/uploads\/2020\/11\/Karpacz_kufel_do_piwa_Bremen_670_ml_szron_odlew_kolor_miasto-1-240x300.png\" alt=\"\" width=\"240\" height=\"300\" \/><\/p>\n<p>&nbsp;<\/p>\n<p>Kufel do piwa &#8221;Bremen&#8221; o litra\u017cu 0,67 l. Ca\u0142y kufel jest wypiaskowany do po\u0142owy. Kufel jest ozdobiony metalowym odlewem w kolorze , z motywem miasta na tle \u015anie\u017cki. Zadbali\u015bmy o najmniejsze detale.Znakomicie sprawdzi si\u0119 jako kufel do codziennego u\u017cytku lub jako \u015bwietna pami\u0105tka z Karpacza. Idealny na prezent dla lubuj\u0105cych si\u0119 w piwie lub os\u00f3b, kt\u00f3re ceni\u0105 sobie pami\u0105tki ze smakiem. Ozdobi ka\u017cde wn\u0119trze i zachwyci go\u015bci.Idealna pami\u0105tka z g\u00f3r.<\/p>\n","protected":false},"excerpt":{"rendered":"<p><img loading=\"lazy\" class=\"alignnone size-full wp-image-5364\" src=\"http:\/\/violmax.pl\/wp-content\/uploads\/2020\/10\/VIOLMAX_POLSKA-3.jpg\" alt=\"\" width=\"300\" height=\"28\" \/><\/p>\n<p>&nbsp;<\/p>\n<p>Kufel do piwa &#8221;Bremen&#8221; o litra\u017cu 0,67 l. Ca\u0142y kufel jest wypiaskowany do po\u0142owy. Kufel jest ozdobiony metalowym odlewem w kolorze , z motywem miasta na tle \u015anie\u017cki. Zadbali\u015bmy o najmniejsze detale.Znakomicie sprawdzi si\u0119 jako kufel do codziennego u\u017cytku lub jako \u015bwietna pami\u0105tka z Karpacza. Idealny na prezent dla lubuj\u0105cych si\u0119 w piwie lub os\u00f3b, kt\u00f3re ceni\u0105 sobie pami\u0105tki ze smakiem. Ozdobi ka\u017cde wn\u0119trze i zachwyci go\u015bci.Idealna pami\u0105tka z g\u00f3r.<\/p>\n<p><em><strong>Minimalna ilo\u015b\u0107 zam\u00f3wienia &#8211; 6<\/strong><\/em><strong><em> sztuk (1 opakowanie)<\/em><br \/>\n<\/strong><\/p>\n<p><strong><em>Towar sprzedawany na opakowania<\/em><\/strong><\/p>\n<h3><span style=\"color: #ff0000;\">PRZY DODAWANIU DO KOSZYKA, NALE\u017bY DODAWA\u0106 KROTNO\u015a\u0106\u00a0 LICZBY 6 &#8211; (1 opak)\u00a0 np: 6 ; 12 ; 18 itd<\/span><\/h3>\n<h3><strong>CENA ZA SZTUK\u0118.<\/strong><\/h3>\n<h2><strong>\u00a0<\/strong><\/h2>\n","protected":false},"featured_media":5987,"comment_status":"open","ping_status":"closed","template":"","meta":[],"_links":{"self":[{"href":"https:\/\/violmax.pl\/index.php\/wp-json\/wp\/v2\/product\/5511"}],"collection":[{"href":"https:\/\/violmax.pl\/index.php\/wp-json\/wp\/v2\/product"}],"about":[{"href":"https:\/\/violmax.pl\/index.php\/wp-json\/wp\/v2\/types\/product"}],"replies":[{"embeddable":true,"href":"https:\/\/violmax.pl\/index.php\/wp-json\/wp\/v2\/comments?post=5511"}],"wp:featuredmedia":[{"embeddable":true,"href":"https:\/\/violmax.pl\/index.php\/wp-json\/wp\/v2\/media\/5987"}],"wp:attachment":[{"href":"https:\/\/violmax.pl\/index.php\/wp-json\/wp\/v2\/media?parent=5511"}],"curies":[{"name":"wp","href":"https:\/\/api.w.org\/{rel}","templated":true}]}}