{"id":5479,"date":"2020-11-02T21:48:20","date_gmt":"2020-11-02T20:48:20","guid":{"rendered":"http:\/\/violmax.pl\/?post_type=product&#038;p=5479"},"modified":"2025-12-02T13:23:10","modified_gmt":"2025-12-02T12:23:10","slug":"karpacz-szklanka-do-piwa-05-litra-szron-taniec-goralski","status":"publish","type":"product","link":"https:\/\/violmax.pl\/index.php\/produkt\/karpacz-szklanka-do-piwa-05-litra-szron-taniec-goralski\/","title":{"rendered":"KARPACZ, SZKLANKA DO PIWA &#8220;KROSNO&#8221; 0,5 LITRA, SZRON + TANIEC G\u00d3RALSKI"},"content":{"rendered":"<p><img loading=\"lazy\" class=\"alignnone size-medium wp-image-5467\" src=\"http:\/\/violmax.pl\/wp-content\/uploads\/2020\/11\/Karpacz_szklanka_do_piwa_500_ml_szron_taniec_goralski_kolor-240x300.png\" alt=\"\" width=\"240\" height=\"300\" srcset=\"https:\/\/violmax.pl\/wp-content\/uploads\/2020\/11\/Karpacz_szklanka_do_piwa_500_ml_szron_taniec_goralski_kolor-240x300.png 240w, https:\/\/violmax.pl\/wp-content\/uploads\/2020\/11\/Karpacz_szklanka_do_piwa_500_ml_szron_taniec_goralski_kolor-680x850.png 680w, https:\/\/violmax.pl\/wp-content\/uploads\/2020\/11\/Karpacz_szklanka_do_piwa_500_ml_szron_taniec_goralski_kolor.png 720w\" sizes=\"(max-width: 240px) 100vw, 240px\" \/><\/p>\n<p>&nbsp;<\/p>\n<p>Szklanka do piwa o pojemno\u015bci 0,5 litra jest wypiaskowana do po\u0142owy oraz z metalowym odlewem z motywem g\u00f3ralskim &#8211; &#8220;Ta\u0144cem g\u00f3ralskim&#8221;. Na szklance widnieje napis \u201dKarpacz\u201d. Zwyk\u0142a szklanka dzi\u0119ki precyzyjnemu piaskowaniu nabra\u0142a oryginalno\u015bci. Idealna pami\u0105tka z g\u00f3r.<\/p>\n","protected":false},"excerpt":{"rendered":"<p><img loading=\"lazy\" class=\"alignnone size-full wp-image-5364\" src=\"http:\/\/violmax.pl\/wp-content\/uploads\/2020\/10\/VIOLMAX_POLSKA-3.jpg\" alt=\"\" width=\"300\" height=\"28\" \/><\/p>\n<p>&nbsp;<\/p>\n<p>Szklanka do piwa o pojemno\u015bci 0,5 litra jest wypiaskowana do po\u0142owy oraz z metalowym odlewem z motywem g\u00f3ralskim &#8211; &#8220;Ta\u0144cem g\u00f3ralskim&#8221;. Na szklance widnieje napis \u201dKarpacz\u201d. Zwyk\u0142a szklanka dzi\u0119ki precyzyjnemu piaskowaniu nabra\u0142a oryginalno\u015bci. Idealna pami\u0105tka z g\u00f3r.<\/p>\n<p><strong><em>Minimalna ilo\u015b\u0107 zam\u00f3wienia &#8211; 6 sztuk (1 opakowanie)<\/em><br \/>\n<\/strong><\/p>\n<p><strong><em>Towar sprzedawany na opakowania<\/em><\/strong><\/p>\n<h3><span style=\"color: #ff0000;\">PRZY DODAWANIU DO KOSZYKA, NALE\u017bY DODAWA\u0106 KROTNO\u015a\u0106\u00a0 LICZBY 6 &#8211; (1 opak)\u00a0 np: 6 ; 12 ; 18 itd<\/span><\/h3>\n<h3><strong>CENA ZA SZTUK\u0118.<\/strong><\/h3>\n<h2><strong>\u00a0<\/strong><\/h2>\n","protected":false},"featured_media":5467,"comment_status":"open","ping_status":"closed","template":"","meta":[],"_links":{"self":[{"href":"https:\/\/violmax.pl\/index.php\/wp-json\/wp\/v2\/product\/5479"}],"collection":[{"href":"https:\/\/violmax.pl\/index.php\/wp-json\/wp\/v2\/product"}],"about":[{"href":"https:\/\/violmax.pl\/index.php\/wp-json\/wp\/v2\/types\/product"}],"replies":[{"embeddable":true,"href":"https:\/\/violmax.pl\/index.php\/wp-json\/wp\/v2\/comments?post=5479"}],"wp:featuredmedia":[{"embeddable":true,"href":"https:\/\/violmax.pl\/index.php\/wp-json\/wp\/v2\/media\/5467"}],"wp:attachment":[{"href":"https:\/\/violmax.pl\/index.php\/wp-json\/wp\/v2\/media?parent=5479"}],"curies":[{"name":"wp","href":"https:\/\/api.w.org\/{rel}","templated":true}]}}