{"id":546,"date":"2019-08-30T15:41:41","date_gmt":"2019-08-30T13:41:41","guid":{"rendered":"http:\/\/violmax.wroclaw.pl\/?post_type=product&#038;p=546"},"modified":"2025-12-02T13:30:07","modified_gmt":"2025-12-02T12:30:07","slug":"karpacz-kubek-sonia-350-ml-obserwatorium-wilk-szron","status":"publish","type":"product","link":"https:\/\/violmax.pl\/index.php\/produkt\/karpacz-kubek-sonia-350-ml-obserwatorium-wilk-szron\/","title":{"rendered":"KARPACZ, KUBEK &#8220;SONIA&#8221; 350 ML, OBSERWATORIUM NA \u015aNIE\u017bCE + WILK SZRON"},"content":{"rendered":"<p><img loading=\"lazy\" class=\"alignnone size-medium wp-image-6186\" src=\"http:\/\/violmax.pl\/wp-content\/uploads\/2020\/12\/Karpacz_kubek_sonia_350_ml_obserwatorium_wilk_szron-300x200.png\" alt=\"\" width=\"300\" height=\"200\" srcset=\"https:\/\/violmax.pl\/wp-content\/uploads\/2020\/12\/Karpacz_kubek_sonia_350_ml_obserwatorium_wilk_szron-300x200.png 300w, https:\/\/violmax.pl\/wp-content\/uploads\/2020\/12\/Karpacz_kubek_sonia_350_ml_obserwatorium_wilk_szron-768x512.png 768w, https:\/\/violmax.pl\/wp-content\/uploads\/2020\/12\/Karpacz_kubek_sonia_350_ml_obserwatorium_wilk_szron-680x453.png 680w, https:\/\/violmax.pl\/wp-content\/uploads\/2020\/12\/Karpacz_kubek_sonia_350_ml_obserwatorium_wilk_szron.png 900w\" sizes=\"(max-width: 300px) 100vw, 300px\" \/><\/p>\n<p>&nbsp;<\/p>\n<p>Kubek z uchem \u201d SONIA\u201d o pojemno\u015bci 250 ml z wypiaskowanym motywem obserwatorium na \u015anie\u017cce. Kubek wykonany z bardzo trwa\u0142ego, grubego szk\u0142a. Idealny na pami\u0105tk\u0119 dla ka\u017cdego \u2013 do ka\u017cdego rodzaju napoj\u00f3w. Idealna pami\u0105tka z g\u00f3r. Nadaje si\u0119 do mycia w zmywarkach.<\/p>\n","protected":false},"excerpt":{"rendered":"<p><img loading=\"lazy\" class=\"alignnone size-full wp-image-5364\" src=\"http:\/\/violmax.pl\/wp-content\/uploads\/2020\/10\/VIOLMAX_POLSKA-3.jpg\" alt=\"\" width=\"300\" height=\"28\" \/><\/p>\n<p>&nbsp;<\/p>\n<p>Kubek z uchem \u201d SONIA\u201d o pojemno\u015bci 250 ml z wypiaskowanym motywem obserwatorium na \u015anie\u017cce. Kubek wykonany z bardzo trwa\u0142ego, grubego szk\u0142a. Idealny na pami\u0105tk\u0119 dla ka\u017cdego \u2013 do ka\u017cdego rodzaju napoj\u00f3w. Idealna pami\u0105tka z g\u00f3r. Nadaje si\u0119 do mycia w zmywarkach.<\/p>\n<p><strong><em>Minimalna ilo\u015b\u0107 zam\u00f3wienia &#8211; 6 szt (1 opakowanie)<\/em><br \/>\n<\/strong><\/p>\n<p><strong><em>Towar sprzedawany na opakowania<\/em><\/strong><\/p>\n<h3><span style=\"color: #ff0000;\">PRZY DODAWANIU DO KOSZYKA, NALE\u017bY DODAWA\u0106 KROTNO\u015a\u0106\u00a0 LICZBY 6 &#8211; (1 opak)\u00a0 np: 6 ; 12 ; 18 itd<\/span><\/h3>\n<h3><strong>CENA ZA SZTUK\u0118.<\/strong><\/h3>\n","protected":false},"featured_media":6186,"comment_status":"open","ping_status":"closed","template":"","meta":[],"_links":{"self":[{"href":"https:\/\/violmax.pl\/index.php\/wp-json\/wp\/v2\/product\/546"}],"collection":[{"href":"https:\/\/violmax.pl\/index.php\/wp-json\/wp\/v2\/product"}],"about":[{"href":"https:\/\/violmax.pl\/index.php\/wp-json\/wp\/v2\/types\/product"}],"replies":[{"embeddable":true,"href":"https:\/\/violmax.pl\/index.php\/wp-json\/wp\/v2\/comments?post=546"}],"wp:featuredmedia":[{"embeddable":true,"href":"https:\/\/violmax.pl\/index.php\/wp-json\/wp\/v2\/media\/6186"}],"wp:attachment":[{"href":"https:\/\/violmax.pl\/index.php\/wp-json\/wp\/v2\/media?parent=546"}],"curies":[{"name":"wp","href":"https:\/\/api.w.org\/{rel}","templated":true}]}}