{"id":5454,"date":"2020-11-01T19:20:08","date_gmt":"2020-11-01T18:20:08","guid":{"rendered":"http:\/\/violmax.pl\/?post_type=product&#038;p=5454"},"modified":"2025-12-02T13:23:11","modified_gmt":"2025-12-02T12:23:11","slug":"karpacz-kubek-szymek-220-ml-obserwatorium-szron","status":"publish","type":"product","link":"https:\/\/violmax.pl\/index.php\/produkt\/karpacz-kubek-szymek-220-ml-obserwatorium-szron\/","title":{"rendered":"KARPACZ, KUBEK &#8220;SZYMEK&#8221; 220 ML, OBSERWATORIUM NA \u015aNIE\u017bCE SZRON"},"content":{"rendered":"<p><img loading=\"lazy\" class=\"alignnone size-medium wp-image-5424\" src=\"http:\/\/violmax.pl\/wp-content\/uploads\/2020\/11\/Karpacz_kubek_Szymek_220_ml_obserwatorium_szron-300x240.png\" alt=\"\" width=\"300\" height=\"240\" srcset=\"https:\/\/violmax.pl\/wp-content\/uploads\/2020\/11\/Karpacz_kubek_Szymek_220_ml_obserwatorium_szron-300x240.png 300w, https:\/\/violmax.pl\/wp-content\/uploads\/2020\/11\/Karpacz_kubek_Szymek_220_ml_obserwatorium_szron-768x614.png 768w, https:\/\/violmax.pl\/wp-content\/uploads\/2020\/11\/Karpacz_kubek_Szymek_220_ml_obserwatorium_szron-320x256.png 320w, https:\/\/violmax.pl\/wp-content\/uploads\/2020\/11\/Karpacz_kubek_Szymek_220_ml_obserwatorium_szron-680x544.png 680w, https:\/\/violmax.pl\/wp-content\/uploads\/2020\/11\/Karpacz_kubek_Szymek_220_ml_obserwatorium_szron.png 900w\" sizes=\"(max-width: 300px) 100vw, 300px\" \/><\/p>\n<p>&nbsp;<\/p>\n<p>Kubek Szymek o litra\u017cu 220 ml z wypiaskowanym motywem obserwatorium na \u015anie\u017cce, oraz z ty\u0142u napisem&#8221;Karpacz&#8221;. Kubek wykonany z najwy\u017cszej jako\u015bci szk\u0142a, bardzo wygodny w u\u017cyciu. Sprawdzi si\u0119 jako kubek do gor\u0105cych napoj\u00f3w, grzanego wina lub jako pami\u0105tka z Karpacza. Ten nie du\u017cy kubek pozwoli na delektowanie si\u0119 wybranym trunkiem i wspomnienie o pobycie w g\u00f3rach. Nadaje si\u0119 do mycia w zmywarce.<\/p>\n<p>&nbsp;<\/p>\n","protected":false},"excerpt":{"rendered":"<p><img loading=\"lazy\" class=\"alignnone size-medium wp-image-3660\" src=\"http:\/\/violmax.pl\/wp-content\/uploads\/2020\/05\/VIOLMAX_POLSKA-2-300x28.jpg\" alt=\"\" width=\"300\" height=\"28\" \/><\/p>\n<p>&nbsp;<\/p>\n<p>Kubek Szymek o litra\u017cu 220 ml z wypiaskowanym motywem obserwatorium na \u015anie\u017cce, oraz z ty\u0142u napisem&#8221;Karpacz&#8221;. Kubek wykonany z najwy\u017cszej jako\u015bci szk\u0142a, bardzo wygodny w u\u017cyciu. Sprawdzi si\u0119 jako kubek do gor\u0105cych napoj\u00f3w, grzanego wina lub jako pami\u0105tka z Karpacza. Ten nie du\u017cy kubek pozwoli na delektowanie si\u0119 wybranym trunkiem i wspomnienie o pobycie w g\u00f3rach. Nadaje si\u0119 do mycia w zmywarce.<\/p>\n<p><strong><em>Minimalna ilo\u015b\u0107 zam\u00f3wienia &#8211; 12 sztuk (1 opakowanie)<\/em><br \/>\n<\/strong><\/p>\n<p><strong><em>Towar sprzedawany na opakowania<\/em><\/strong><\/p>\n<h3><span style=\"color: #ff0000;\">PRZY DODAWANIU DO KOSZYKA, NALE\u017bY DODAWA\u0106 KROTNO\u015a\u0106\u00a0 LICZBY 12 &#8211; (1 opak)\u00a0 np: 12 ; 24 ; 36 itd<\/span><\/h3>\n<h3><strong>CENA ZA SZTUK\u0118.<\/strong><\/h3>\n<h2><strong>\u00a0<\/strong><\/h2>\n","protected":false},"featured_media":5424,"comment_status":"open","ping_status":"closed","template":"","meta":[],"_links":{"self":[{"href":"https:\/\/violmax.pl\/index.php\/wp-json\/wp\/v2\/product\/5454"}],"collection":[{"href":"https:\/\/violmax.pl\/index.php\/wp-json\/wp\/v2\/product"}],"about":[{"href":"https:\/\/violmax.pl\/index.php\/wp-json\/wp\/v2\/types\/product"}],"replies":[{"embeddable":true,"href":"https:\/\/violmax.pl\/index.php\/wp-json\/wp\/v2\/comments?post=5454"}],"wp:featuredmedia":[{"embeddable":true,"href":"https:\/\/violmax.pl\/index.php\/wp-json\/wp\/v2\/media\/5424"}],"wp:attachment":[{"href":"https:\/\/violmax.pl\/index.php\/wp-json\/wp\/v2\/media?parent=5454"}],"curies":[{"name":"wp","href":"https:\/\/api.w.org\/{rel}","templated":true}]}}