{"id":5451,"date":"2020-11-01T19:16:08","date_gmt":"2020-11-01T18:16:08","guid":{"rendered":"http:\/\/violmax.pl\/?post_type=product&#038;p=5451"},"modified":"2025-12-02T13:23:11","modified_gmt":"2025-12-02T12:23:11","slug":"karpacz-kufel-do-piwa-marek-05-litra-dom-slaski-szron","status":"publish","type":"product","link":"https:\/\/violmax.pl\/index.php\/produkt\/karpacz-kufel-do-piwa-marek-05-litra-dom-slaski-szron\/","title":{"rendered":"KARPACZ, KUFEL DO PIWA &#8220;MAREK&#8221; 0,5 LITRA, DOM \u015aL\u0104SKI SZRON"},"content":{"rendered":"<p><img loading=\"lazy\" class=\"alignnone size-medium wp-image-6715\" src=\"http:\/\/violmax.pl\/wp-content\/uploads\/2021\/01\/Karpacz_kufel_do_piwa_marek_500_ml_Obserwatorium_Dom_Slaski_szron-300x240.png\" alt=\"\" width=\"300\" height=\"240\" srcset=\"https:\/\/violmax.pl\/wp-content\/uploads\/2021\/01\/Karpacz_kufel_do_piwa_marek_500_ml_Obserwatorium_Dom_Slaski_szron-300x240.png 300w, https:\/\/violmax.pl\/wp-content\/uploads\/2021\/01\/Karpacz_kufel_do_piwa_marek_500_ml_Obserwatorium_Dom_Slaski_szron-768x614.png 768w, https:\/\/violmax.pl\/wp-content\/uploads\/2021\/01\/Karpacz_kufel_do_piwa_marek_500_ml_Obserwatorium_Dom_Slaski_szron-320x256.png 320w, https:\/\/violmax.pl\/wp-content\/uploads\/2021\/01\/Karpacz_kufel_do_piwa_marek_500_ml_Obserwatorium_Dom_Slaski_szron-680x544.png 680w, https:\/\/violmax.pl\/wp-content\/uploads\/2021\/01\/Karpacz_kufel_do_piwa_marek_500_ml_Obserwatorium_Dom_Slaski_szron.png 900w\" sizes=\"(max-width: 300px) 100vw, 300px\" \/><\/p>\n<p>&nbsp;<\/p>\n<p>Kufel do piwa &#8221;Marek&#8221; o litra\u017cu 0,5 l. Ca\u0142y kufel jest precyzyjnie wypiaskowany. W tym modelu widzimy motyw Dom \u015al\u0105ski w drodze na\u00a0 \u015anie\u017ck\u0119. Kufel jest wypiaskowany ca\u0142y &#8211; na oko\u0142o. Ca\u0142o\u015b\u0107 jest bardzo szczeg\u00f3\u0142owo wypiaskowana.Zadbali\u015bmy o najmniejsze detale.Znakomicie sprawdzi si\u0119 jako kufel do codziennego u\u017cytku lub jako \u015bwietna pami\u0105tka z Karpacza. Idealny na prezent dla lubuj\u0105cych si\u0119 w piwie lub os\u00f3b, kt\u00f3re ceni\u0105 sobie pami\u0105tki ze smakiem. Ozdobi ka\u017cde wn\u0119trze i zachwyci go\u015bci.Idealna pami\u0105tka z g\u00f3r.Nadaje si\u0119 do mycia w zmywarkach.<\/p>\n","protected":false},"excerpt":{"rendered":"<p><img loading=\"lazy\" class=\"alignnone size-full wp-image-5364\" src=\"http:\/\/violmax.pl\/wp-content\/uploads\/2020\/10\/VIOLMAX_POLSKA-3.jpg\" alt=\"\" width=\"300\" height=\"28\" \/><\/p>\n<p>&nbsp;<\/p>\n<p>Kufel do piwa &#8221;Marek&#8221; o litra\u017cu 0,5 l. Ca\u0142y kufel jest precyzyjnie wypiaskowany. W tym modelu widzimy motyw Dom \u015al\u0105ski w drodze na\u00a0 \u015anie\u017ck\u0119. Kufel jest wypiaskowany ca\u0142y &#8211; na oko\u0142o. Ca\u0142o\u015b\u0107 jest bardzo szczeg\u00f3\u0142owo wypiaskowana.Zadbali\u015bmy o najmniejsze detale.Znakomicie sprawdzi si\u0119 jako kufel do codziennego u\u017cytku lub jako \u015bwietna pami\u0105tka z Karpacza. Idealny na prezent dla lubuj\u0105cych si\u0119 w piwie lub os\u00f3b, kt\u00f3re ceni\u0105 sobie pami\u0105tki ze smakiem. Ozdobi ka\u017cde wn\u0119trze i zachwyci go\u015bci.Idealna pami\u0105tka z g\u00f3r.Nadaje si\u0119 do mycia w zmywarkach.<\/p>\n<p><em><strong>Minimalna ilo\u015b\u0107 zam\u00f3wienia &#8211; 6<\/strong><\/em><strong><em> sztuk (1 opakowanie)<\/em><br \/>\n<\/strong><\/p>\n<p><strong><em>Towar sprzedawany na opakowania<\/em><\/strong><\/p>\n<h3><span style=\"color: #ff0000;\">PRZY DODAWANIU DO KOSZYKA, NALE\u017bY DODAWA\u0106 KROTNO\u015a\u0106\u00a0 LICZBY 6 &#8211; (1 opak)\u00a0 np: 6 ; 12 ; 18 itd<\/span><\/h3>\n<h3><strong>CENA ZA SZTUK\u0118.<\/strong><\/h3>\n<h2><strong>\u00a0<\/strong><\/h2>\n","protected":false},"featured_media":6715,"comment_status":"open","ping_status":"closed","template":"","meta":[],"_links":{"self":[{"href":"https:\/\/violmax.pl\/index.php\/wp-json\/wp\/v2\/product\/5451"}],"collection":[{"href":"https:\/\/violmax.pl\/index.php\/wp-json\/wp\/v2\/product"}],"about":[{"href":"https:\/\/violmax.pl\/index.php\/wp-json\/wp\/v2\/types\/product"}],"replies":[{"embeddable":true,"href":"https:\/\/violmax.pl\/index.php\/wp-json\/wp\/v2\/comments?post=5451"}],"wp:featuredmedia":[{"embeddable":true,"href":"https:\/\/violmax.pl\/index.php\/wp-json\/wp\/v2\/media\/6715"}],"wp:attachment":[{"href":"https:\/\/violmax.pl\/index.php\/wp-json\/wp\/v2\/media?parent=5451"}],"curies":[{"name":"wp","href":"https:\/\/api.w.org\/{rel}","templated":true}]}}