{"id":5399,"date":"2020-10-31T20:14:30","date_gmt":"2020-10-31T19:14:30","guid":{"rendered":"http:\/\/violmax.pl\/?post_type=product&#038;p=5399"},"modified":"2025-12-02T13:23:13","modified_gmt":"2025-12-02T12:23:13","slug":"karpacz-szklanka-do-piwa-05-litra-szron-sniezka-2d","status":"publish","type":"product","link":"https:\/\/violmax.pl\/index.php\/produkt\/karpacz-szklanka-do-piwa-05-litra-szron-sniezka-2d\/","title":{"rendered":"KARPACZ, SZKLANKA DO PIWA &#8220;KROSNO&#8221; 0,5 LITRA, SZRON + \u015aNIE\u017bKA 2D"},"content":{"rendered":"<p><img loading=\"lazy\" class=\"alignnone size-medium wp-image-5392\" src=\"http:\/\/violmax.pl\/wp-content\/uploads\/2020\/10\/Karpacz_szklanka_do_piwa_500_ml_szron_sniezka_2d-300x300.png\" alt=\"\" width=\"300\" height=\"300\" srcset=\"https:\/\/violmax.pl\/wp-content\/uploads\/2020\/10\/Karpacz_szklanka_do_piwa_500_ml_szron_sniezka_2d-300x300.png 300w, https:\/\/violmax.pl\/wp-content\/uploads\/2020\/10\/Karpacz_szklanka_do_piwa_500_ml_szron_sniezka_2d-150x150.png 150w, https:\/\/violmax.pl\/wp-content\/uploads\/2020\/10\/Karpacz_szklanka_do_piwa_500_ml_szron_sniezka_2d-768x768.png 768w, https:\/\/violmax.pl\/wp-content\/uploads\/2020\/10\/Karpacz_szklanka_do_piwa_500_ml_szron_sniezka_2d-680x680.png 680w, https:\/\/violmax.pl\/wp-content\/uploads\/2020\/10\/Karpacz_szklanka_do_piwa_500_ml_szron_sniezka_2d-100x100.png 100w, https:\/\/violmax.pl\/wp-content\/uploads\/2020\/10\/Karpacz_szklanka_do_piwa_500_ml_szron_sniezka_2d.png 900w\" sizes=\"(max-width: 300px) 100vw, 300px\" \/><\/p>\n<p>&nbsp;<\/p>\n<p>Szklanka do piwa o pojemno\u015bci 0,5 litra jest wypiaskowana do po\u0142owy oraz z metalowym odlewem z motywem charakterystycznym dla Karpacza &#8211; &#8221; Obserwatorium na \u015anie\u017cce&#8221;. Na szklance widnieje napis \u201dKarpacz\u201d. Zwyk\u0142a szklanka dzi\u0119ki precyzyjnemu piaskowaniu nabra\u0142a oryginalno\u015bci. Idealna pami\u0105tka z g\u00f3r.<\/p>\n","protected":false},"excerpt":{"rendered":"<p><img loading=\"lazy\" class=\"alignnone size-full wp-image-5364\" src=\"http:\/\/violmax.pl\/wp-content\/uploads\/2020\/10\/VIOLMAX_POLSKA-3.jpg\" alt=\"\" width=\"300\" height=\"28\" \/><\/p>\n<p>&nbsp;<\/p>\n<p>Szklanka do piwa o pojemno\u015bci 0,5 litra jest wypiaskowana do po\u0142owy oraz z metalowym odlewem z motywem charakterystycznym dla Karpacza &#8211; &#8221; Obserwatorium na \u015anie\u017cce&#8221;. Na szklance widnieje napis \u201dKarpacz\u201d. Zwyk\u0142a szklanka dzi\u0119ki precyzyjnemu piaskowaniu nabra\u0142a oryginalno\u015bci. Idealna pami\u0105tka z g\u00f3r.<\/p>\n<p><strong><em>Minimalna ilo\u015b\u0107 zam\u00f3wienia &#8211; 6 sztuk (1 opakowanie)<\/em><br \/>\n<\/strong><\/p>\n<p><strong><em>Towar sprzedawany na opakowania<\/em><\/strong><\/p>\n<h3><span style=\"color: #ff0000;\">PRZY DODAWANIU DO KOSZYKA, NALE\u017bY DODAWA\u0106 KROTNO\u015a\u0106\u00a0 LICZBY 6 &#8211; (1 opak)\u00a0 np: 6 ; 12 ; 18 itd<\/span><\/h3>\n<h3><strong>CENA ZA SZTUK\u0118.<\/strong><\/h3>\n<h2><strong>\u00a0<\/strong><\/h2>\n","protected":false},"featured_media":5392,"comment_status":"open","ping_status":"closed","template":"","meta":[],"_links":{"self":[{"href":"https:\/\/violmax.pl\/index.php\/wp-json\/wp\/v2\/product\/5399"}],"collection":[{"href":"https:\/\/violmax.pl\/index.php\/wp-json\/wp\/v2\/product"}],"about":[{"href":"https:\/\/violmax.pl\/index.php\/wp-json\/wp\/v2\/types\/product"}],"replies":[{"embeddable":true,"href":"https:\/\/violmax.pl\/index.php\/wp-json\/wp\/v2\/comments?post=5399"}],"wp:featuredmedia":[{"embeddable":true,"href":"https:\/\/violmax.pl\/index.php\/wp-json\/wp\/v2\/media\/5392"}],"wp:attachment":[{"href":"https:\/\/violmax.pl\/index.php\/wp-json\/wp\/v2\/media?parent=5399"}],"curies":[{"name":"wp","href":"https:\/\/api.w.org\/{rel}","templated":true}]}}