{"id":5396,"date":"2020-10-31T20:08:06","date_gmt":"2020-10-31T19:08:06","guid":{"rendered":"http:\/\/violmax.pl\/?post_type=product&#038;p=5396"},"modified":"2025-12-02T13:23:14","modified_gmt":"2025-12-02T12:23:14","slug":"karpacz-szklanka-long-drink-splendour-480-ml-szron-harnas-ciupaga","status":"publish","type":"product","link":"https:\/\/violmax.pl\/index.php\/produkt\/karpacz-szklanka-long-drink-splendour-480-ml-szron-harnas-ciupaga\/","title":{"rendered":"KARPACZ, SZKLANKA DO NAPOJ\u00d3W &#8220;SPLENDOUR&#8221; 480 ML, SZRON + HARNA\u015a CIUPAGA"},"content":{"rendered":"<p><img loading=\"lazy\" class=\"alignnone size-medium wp-image-5393\" src=\"http:\/\/violmax.pl\/wp-content\/uploads\/2020\/10\/Karpacz_szklanka_long_drink_Splendour_480_ml_szron_harnas_ciupaga-300x300.png\" alt=\"\" width=\"300\" height=\"300\" srcset=\"https:\/\/violmax.pl\/wp-content\/uploads\/2020\/10\/Karpacz_szklanka_long_drink_Splendour_480_ml_szron_harnas_ciupaga-300x300.png 300w, https:\/\/violmax.pl\/wp-content\/uploads\/2020\/10\/Karpacz_szklanka_long_drink_Splendour_480_ml_szron_harnas_ciupaga-150x150.png 150w, https:\/\/violmax.pl\/wp-content\/uploads\/2020\/10\/Karpacz_szklanka_long_drink_Splendour_480_ml_szron_harnas_ciupaga-768x768.png 768w, https:\/\/violmax.pl\/wp-content\/uploads\/2020\/10\/Karpacz_szklanka_long_drink_Splendour_480_ml_szron_harnas_ciupaga-680x680.png 680w, https:\/\/violmax.pl\/wp-content\/uploads\/2020\/10\/Karpacz_szklanka_long_drink_Splendour_480_ml_szron_harnas_ciupaga-100x100.png 100w, https:\/\/violmax.pl\/wp-content\/uploads\/2020\/10\/Karpacz_szklanka_long_drink_Splendour_480_ml_szron_harnas_ciupaga.png 900w\" sizes=\"(max-width: 300px) 100vw, 300px\" \/><\/p>\n<p>&nbsp;<\/p>\n<p>Szklanka do napoj\u00f3w &#8220;SPLENDOUR&#8221; o pojemno\u015bci 480 ml w oryginalnym kszta\u0142cie . Szklanka wypiaskowana jest do po\u0142owy i naklejony jest metalowy odlew Harnasia w kolorze oraz napis miejscowo\u015bci &#8211; &#8220;Karpacz&#8221;. Ka\u017cdy detal jest zachowany. Dzi\u0119ki pe\u0142nemu piaskowaniu, szklanka trzyma si\u0119 pewnie w d\u0142oni. Idealna pami\u0105tka z Karpacza.<\/p>\n","protected":false},"excerpt":{"rendered":"<p><img loading=\"lazy\" class=\"alignnone size-medium wp-image-4666\" src=\"http:\/\/violmax.pl\/wp-content\/uploads\/2020\/06\/VIOLMAX_POLSKA-5-300x28.jpg\" alt=\"\" width=\"300\" height=\"28\" \/><\/p>\n<p>&nbsp;<\/p>\n<p>Szklanka do napoj\u00f3w &#8220;SPLENDOUR&#8221; o pojemno\u015bci 480 ml w oryginalnym kszta\u0142cie . Szklanka wypiaskowana jest do po\u0142owy i naklejony jest metalowy odlew Harnasia w kolorze oraz napis miejscowo\u015bci &#8211; &#8220;Karpacz&#8221;. Ka\u017cdy detal jest zachowany. Dzi\u0119ki pe\u0142nemu piaskowaniu, szklanka trzyma si\u0119 pewnie w d\u0142oni. Idealna pami\u0105tka z Karpacza.<\/p>\n<p><strong><em>Minimalne zam\u00f3wienie &#8211; 6 sztuk (1 opakowanie)<\/em><br \/>\n<\/strong><\/p>\n<p><strong><em>Towar sprzedawany na opakowania<\/em><\/strong><\/p>\n<h3><span style=\"color: #ff0000;\">PRZY DODAWANIU DO KOSZYKA, NALE\u017bY DODAWA\u0106 KROTNO\u015a\u0106\u00a0 LICZBY 6 &#8211; (1 opak)\u00a0 np: 6 ; 12 ; 18 itd<\/span><\/h3>\n<h3><strong>CENA ZA SZTUK\u0118.<\/strong><\/h3>\n<h2><strong>\u00a0<\/strong><\/h2>\n","protected":false},"featured_media":5393,"comment_status":"open","ping_status":"closed","template":"","meta":[],"_links":{"self":[{"href":"https:\/\/violmax.pl\/index.php\/wp-json\/wp\/v2\/product\/5396"}],"collection":[{"href":"https:\/\/violmax.pl\/index.php\/wp-json\/wp\/v2\/product"}],"about":[{"href":"https:\/\/violmax.pl\/index.php\/wp-json\/wp\/v2\/types\/product"}],"replies":[{"embeddable":true,"href":"https:\/\/violmax.pl\/index.php\/wp-json\/wp\/v2\/comments?post=5396"}],"wp:featuredmedia":[{"embeddable":true,"href":"https:\/\/violmax.pl\/index.php\/wp-json\/wp\/v2\/media\/5393"}],"wp:attachment":[{"href":"https:\/\/violmax.pl\/index.php\/wp-json\/wp\/v2\/media?parent=5396"}],"curies":[{"name":"wp","href":"https:\/\/api.w.org\/{rel}","templated":true}]}}