{"id":5377,"date":"2020-10-30T21:55:20","date_gmt":"2020-10-30T20:55:20","guid":{"rendered":"http:\/\/violmax.pl\/?post_type=product&#038;p=5377"},"modified":"2025-12-02T13:23:14","modified_gmt":"2025-12-02T12:23:14","slug":"karpacz-szklanka-do-piwa-spirala-05-litra-obserwatorium-na-sniezce-szron","status":"publish","type":"product","link":"https:\/\/violmax.pl\/index.php\/produkt\/karpacz-szklanka-do-piwa-spirala-05-litra-obserwatorium-na-sniezce-szron\/","title":{"rendered":"KARPACZ, SZKLANKA DO PIWA &#8220;SPIRALA&#8221; 665 ML, OBSERWATORIUM NA \u015aNIE\u017bCE SZRON"},"content":{"rendered":"<p><img loading=\"lazy\" class=\"alignnone size-medium wp-image-5366\" src=\"http:\/\/violmax.pl\/wp-content\/uploads\/2020\/10\/Karpacz_szklanka_do_piwa_Spirala_500_ml_Obserwatorium_szron-240x300.png\" alt=\"\" width=\"240\" height=\"300\" srcset=\"https:\/\/violmax.pl\/wp-content\/uploads\/2020\/10\/Karpacz_szklanka_do_piwa_Spirala_500_ml_Obserwatorium_szron-240x300.png 240w, https:\/\/violmax.pl\/wp-content\/uploads\/2020\/10\/Karpacz_szklanka_do_piwa_Spirala_500_ml_Obserwatorium_szron-680x850.png 680w, https:\/\/violmax.pl\/wp-content\/uploads\/2020\/10\/Karpacz_szklanka_do_piwa_Spirala_500_ml_Obserwatorium_szron.png 720w\" sizes=\"(max-width: 240px) 100vw, 240px\" \/><\/p>\n<p>&nbsp;<\/p>\n<p>Szklanka do piwa &#8220;SPIRALA&#8221; o pojemno\u015bci 0,665 litra z wypiaskowanym motywem charakterystycznym dla Karpacza &#8211; &#8220;obserwatorium na \u015anie\u017cce&#8221; oraz jest do po\u0142owy w szronie. Na szklance widnieje napis \u201dKarpacz\u201d . Zdj\u0119cie przedstawia jedn\u0105 szklank\u0119, z przodu i z ty\u0142u. Wykonana jest z wysokiej jako\u015bci szk\u0142a i posiada w dolnej cz\u0119\u015bci uko\u015bne zdobienia. Jej dno jest grube, przez co szklanka pomimo \u017ce jest wysoka, zachowuje si\u0119 stabilnie na blacie sto\u0142u. Szklanka dzi\u0119ki precyzyjnemu piaskowaniu nabra\u0142a oryginalno\u015bci. Piaskowanie sprawia wra\u017cenie jak by szklanka by\u0142a zmro\u017cona a technika piaskowania sprawia, \u017ce szklanka nie boi si\u0119 mycia w zmywarkach. Zachwyci nie tylko samego obdarowanego ale i go\u015bci. Idealna pami\u0105tka z g\u00f3r. Nadaje si\u0119 do mycia w zmywarce.<\/p>\n<p>&nbsp;<\/p>\n","protected":false},"excerpt":{"rendered":"<p><img loading=\"lazy\" class=\"alignnone size-medium wp-image-3660\" src=\"http:\/\/violmax.pl\/wp-content\/uploads\/2020\/05\/VIOLMAX_POLSKA-2-300x28.jpg\" alt=\"\" width=\"300\" height=\"28\" \/><\/p>\n<p>&nbsp;<\/p>\n<p>Szklanka do piwa &#8220;SPIRALA&#8221; o pojemno\u015bci 0,665 litra z wypiaskowanym motywem charakterystycznym dla Karpacza &#8211; &#8220;obserwatorium na \u015anie\u017cce&#8221; oraz jest do po\u0142owy w szronie. Na szklance widnieje napis \u201dKarpacz\u201d . Zdj\u0119cie przedstawia jedn\u0105 szklank\u0119, z przodu i z ty\u0142u. Wykonana jest z wysokiej jako\u015bci szk\u0142a i posiada w dolnej cz\u0119\u015bci uko\u015bne zdobienia. Jej dno jest grube, przez co szklanka pomimo \u017ce jest wysoka, zachowuje si\u0119 stabilnie na blacie sto\u0142u. Szklanka dzi\u0119ki precyzyjnemu piaskowaniu nabra\u0142a oryginalno\u015bci. Piaskowanie sprawia wra\u017cenie jak by szklanka by\u0142a zmro\u017cona a technika piaskowania sprawia, \u017ce szklanka nie boi si\u0119 mycia w zmywarkach. Zachwyci nie tylko samego obdarowanego ale i go\u015bci. Idealna pami\u0105tka z g\u00f3r. Nadaje si\u0119 do mycia w zmywarce.<\/p>\n<p><strong><em>Minimalna ilo\u015b\u0107 zam\u00f3wienia &#8211; 6 sztuk (1 opakowanie)<\/em><br \/>\n<\/strong><\/p>\n<p><strong><em>Towar sprzedawany na opakowania<\/em><\/strong><\/p>\n<h3><span style=\"color: #ff0000;\">PRZY DODAWANIU DO KOSZYKA, NALE\u017bY DODAWA\u0106 KROTNO\u015a\u0106\u00a0 LICZBY 6 &#8211; (1 opak)\u00a0 np: 6 ; 12 ; 18 itd<\/span><\/h3>\n<h3><strong>CENA ZA SZTUK\u0118.<\/strong><\/h3>\n<h2><strong>\u00a0<\/strong><\/h2>\n","protected":false},"featured_media":5366,"comment_status":"open","ping_status":"closed","template":"","meta":[],"_links":{"self":[{"href":"https:\/\/violmax.pl\/index.php\/wp-json\/wp\/v2\/product\/5377"}],"collection":[{"href":"https:\/\/violmax.pl\/index.php\/wp-json\/wp\/v2\/product"}],"about":[{"href":"https:\/\/violmax.pl\/index.php\/wp-json\/wp\/v2\/types\/product"}],"replies":[{"embeddable":true,"href":"https:\/\/violmax.pl\/index.php\/wp-json\/wp\/v2\/comments?post=5377"}],"wp:featuredmedia":[{"embeddable":true,"href":"https:\/\/violmax.pl\/index.php\/wp-json\/wp\/v2\/media\/5366"}],"wp:attachment":[{"href":"https:\/\/violmax.pl\/index.php\/wp-json\/wp\/v2\/media?parent=5377"}],"curies":[{"name":"wp","href":"https:\/\/api.w.org\/{rel}","templated":true}]}}