{"id":5372,"date":"2020-10-30T21:45:43","date_gmt":"2020-10-30T20:45:43","guid":{"rendered":"http:\/\/violmax.pl\/?post_type=product&#038;p=5372"},"modified":"2025-12-02T13:23:38","modified_gmt":"2025-12-02T12:23:38","slug":"karpacz-szklanka-do-whisky-kwadrat-250-ml-obserwatorium-szron","status":"publish","type":"product","link":"https:\/\/violmax.pl\/index.php\/produkt\/karpacz-szklanka-do-whisky-kwadrat-250-ml-obserwatorium-szron\/","title":{"rendered":"KARPACZ, SZKLANKA DO WHISKY &#8220;KWADRAT&#8221; 250 ML, OBSERWATORIUM NA \u015aNIE\u017bCE SZRON"},"content":{"rendered":"<p><img loading=\"lazy\" class=\"alignnone size-medium wp-image-5368\" src=\"http:\/\/violmax.pl\/wp-content\/uploads\/2020\/10\/Karpacz_szklanka_do_whisky_Kwadrat_250_ml_Obserwatorium_szron-300x240.png\" alt=\"\" width=\"300\" height=\"240\" srcset=\"https:\/\/violmax.pl\/wp-content\/uploads\/2020\/10\/Karpacz_szklanka_do_whisky_Kwadrat_250_ml_Obserwatorium_szron-300x240.png 300w, https:\/\/violmax.pl\/wp-content\/uploads\/2020\/10\/Karpacz_szklanka_do_whisky_Kwadrat_250_ml_Obserwatorium_szron-768x614.png 768w, https:\/\/violmax.pl\/wp-content\/uploads\/2020\/10\/Karpacz_szklanka_do_whisky_Kwadrat_250_ml_Obserwatorium_szron-320x256.png 320w, https:\/\/violmax.pl\/wp-content\/uploads\/2020\/10\/Karpacz_szklanka_do_whisky_Kwadrat_250_ml_Obserwatorium_szron-680x544.png 680w, https:\/\/violmax.pl\/wp-content\/uploads\/2020\/10\/Karpacz_szklanka_do_whisky_Kwadrat_250_ml_Obserwatorium_szron.png 900w\" sizes=\"(max-width: 300px) 100vw, 300px\" \/><\/p>\n<p>&nbsp;<\/p>\n<p>Szklanka do whisky o pojemno\u015bci 250 ml w kszta\u0142cie kwadratu . Szklanka wypiaskowana jest ca\u0142a w motyw typowy dla Karpacza &#8211; &#8220;Obserwatorium na \u015anie\u017cce&#8221;. Ka\u017cdy detal jest zachowany. Dzi\u0119ki pe\u0142nemu piaskowaniu, szklanka trzyma si\u0119 pewnie w d\u0142oni. Idealna pami\u0105tka z Karpacza. Nadaje si\u0119 do mycia w zmywarce.<\/p>\n","protected":false},"excerpt":{"rendered":"<p><img loading=\"lazy\" class=\"alignnone size-medium wp-image-4666\" src=\"http:\/\/violmax.pl\/wp-content\/uploads\/2020\/06\/VIOLMAX_POLSKA-5-300x28.jpg\" alt=\"\" width=\"300\" height=\"28\" \/><\/p>\n<p>&nbsp;<\/p>\n<p>Szklanka do whisky o pojemno\u015bci 250 ml w kszta\u0142cie kwadratu . Szklanka wypiaskowana jest ca\u0142a w motyw typowy dla Karpacza &#8211; &#8220;Obserwatorium na \u015anie\u017cce&#8221;. Ka\u017cdy detal jest zachowany. Dzi\u0119ki pe\u0142nemu piaskowaniu, szklanka trzyma si\u0119 pewnie w d\u0142oni. Idealna pami\u0105tka z Karpacza. Nadaje si\u0119 do mycia w zmywarce.<\/p>\n<p><strong><em>Minimalne zam\u00f3wienie &#8211; 6 sztuk (1 opakowanie)<\/em><br \/>\n<\/strong><\/p>\n<p><strong><em>Towar sprzedawany na opakowania<\/em><\/strong><\/p>\n<h3><span style=\"color: #ff0000;\">PRZY DODAWANIU DO KOSZYKA, NALE\u017bY DODAWA\u0106 KROTNO\u015a\u0106\u00a0 LICZBY 6 &#8211; (1 opak)\u00a0 np: 6 ; 12 ; 18 itd<\/span><\/h3>\n<h3><strong>CENA ZA SZTUK\u0118.<\/strong><\/h3>\n<h2><strong>\u00a0<\/strong><\/h2>\n","protected":false},"featured_media":5368,"comment_status":"open","ping_status":"closed","template":"","meta":[],"_links":{"self":[{"href":"https:\/\/violmax.pl\/index.php\/wp-json\/wp\/v2\/product\/5372"}],"collection":[{"href":"https:\/\/violmax.pl\/index.php\/wp-json\/wp\/v2\/product"}],"about":[{"href":"https:\/\/violmax.pl\/index.php\/wp-json\/wp\/v2\/types\/product"}],"replies":[{"embeddable":true,"href":"https:\/\/violmax.pl\/index.php\/wp-json\/wp\/v2\/comments?post=5372"}],"wp:featuredmedia":[{"embeddable":true,"href":"https:\/\/violmax.pl\/index.php\/wp-json\/wp\/v2\/media\/5368"}],"wp:attachment":[{"href":"https:\/\/violmax.pl\/index.php\/wp-json\/wp\/v2\/media?parent=5372"}],"curies":[{"name":"wp","href":"https:\/\/api.w.org\/{rel}","templated":true}]}}