{"id":534,"date":"2019-08-30T15:23:55","date_gmt":"2019-08-30T13:23:55","guid":{"rendered":"http:\/\/violmax.wroclaw.pl\/?post_type=product&#038;p=534"},"modified":"2025-12-02T13:30:08","modified_gmt":"2025-12-02T12:30:08","slug":"karpacz-szklanka-do-piwa-500-ml-obserwatorium-szron","status":"publish","type":"product","link":"https:\/\/violmax.pl\/index.php\/produkt\/karpacz-szklanka-do-piwa-500-ml-obserwatorium-szron\/","title":{"rendered":"KARPACZ, SZKLANKA DO PIWA &#8220;KROSNO&#8221; 0,5 LITRA, OBSERWATORIUM NA \u015aNIE\u017bCE SZRON"},"content":{"rendered":"<p><img loading=\"lazy\" class=\"alignnone size-medium wp-image-5431\" src=\"http:\/\/violmax.pl\/wp-content\/uploads\/2020\/11\/Karpacz_szklanka_do_piwa_500_ml_obserwatorium_szron-300x300.png\" alt=\"\" width=\"300\" height=\"300\" srcset=\"https:\/\/violmax.pl\/wp-content\/uploads\/2020\/11\/Karpacz_szklanka_do_piwa_500_ml_obserwatorium_szron-300x300.png 300w, https:\/\/violmax.pl\/wp-content\/uploads\/2020\/11\/Karpacz_szklanka_do_piwa_500_ml_obserwatorium_szron-150x150.png 150w, https:\/\/violmax.pl\/wp-content\/uploads\/2020\/11\/Karpacz_szklanka_do_piwa_500_ml_obserwatorium_szron-768x768.png 768w, https:\/\/violmax.pl\/wp-content\/uploads\/2020\/11\/Karpacz_szklanka_do_piwa_500_ml_obserwatorium_szron-680x680.png 680w, https:\/\/violmax.pl\/wp-content\/uploads\/2020\/11\/Karpacz_szklanka_do_piwa_500_ml_obserwatorium_szron-100x100.png 100w, https:\/\/violmax.pl\/wp-content\/uploads\/2020\/11\/Karpacz_szklanka_do_piwa_500_ml_obserwatorium_szron.png 900w\" sizes=\"(max-width: 300px) 100vw, 300px\" \/><\/p>\n<p>&nbsp;<\/p>\n<p>Szklanka do piwa o pojemno\u015bci 0,5 litra z wypiaskowanym motywem charakterystycznym dla Karpacza &#8211; &#8220;obserwatorium na \u015anie\u017cce&#8221;oraz do po\u0142owy w szronie. Na szklance widnieje napis \u201dKarpacz\u201d. Zwyk\u0142a szklanka dzi\u0119ki precyzyjnemu piaskowaniu nabra\u0142a oryginalno\u015bci. Idealna pami\u0105tka z g\u00f3r. Nadaje si\u0119 do mycia w zmywarkach.<\/p>\n","protected":false},"excerpt":{"rendered":"<p><img loading=\"lazy\" class=\"alignnone size-full wp-image-5364\" src=\"http:\/\/violmax.pl\/wp-content\/uploads\/2020\/10\/VIOLMAX_POLSKA-3.jpg\" alt=\"\" width=\"300\" height=\"28\" \/><\/p>\n<p>&nbsp;<\/p>\n<p>Szklanka do piwa o pojemno\u015bci 0,5 litra z wypiaskowanym motywem charakterystycznym dla Karpacza &#8211; &#8220;obserwatorium na \u015anie\u017cce&#8221;oraz do po\u0142owy w szronie. Na szklance widnieje napis \u201dKarpacz\u201d. Zwyk\u0142a szklanka dzi\u0119ki precyzyjnemu piaskowaniu nabra\u0142a oryginalno\u015bci. Idealna pami\u0105tka z g\u00f3r. Nadaje si\u0119 do mycia w zmywarkach.<\/p>\n<p><strong><em>Minimalna ilo\u015b\u0107 zam\u00f3wienia &#8211; 6 sztuk (1 opakowanie)<\/em><br \/>\n<\/strong><\/p>\n<p><strong><em>Towar sprzedawany na opakowania<\/em><\/strong><\/p>\n<h3><span style=\"color: #ff0000;\">PRZY DODAWANIU DO KOSZYKA, NALE\u017bY DODAWA\u0106 KROTNO\u015a\u0106\u00a0 LICZBY 6 &#8211; (1 opak)\u00a0 np: 6 ; 12 ; 18 itd<\/span><\/h3>\n<h3><strong>CENA ZA SZTUK\u0118.<\/strong><\/h3>\n","protected":false},"featured_media":5431,"comment_status":"open","ping_status":"closed","template":"","meta":[],"_links":{"self":[{"href":"https:\/\/violmax.pl\/index.php\/wp-json\/wp\/v2\/product\/534"}],"collection":[{"href":"https:\/\/violmax.pl\/index.php\/wp-json\/wp\/v2\/product"}],"about":[{"href":"https:\/\/violmax.pl\/index.php\/wp-json\/wp\/v2\/types\/product"}],"replies":[{"embeddable":true,"href":"https:\/\/violmax.pl\/index.php\/wp-json\/wp\/v2\/comments?post=534"}],"wp:featuredmedia":[{"embeddable":true,"href":"https:\/\/violmax.pl\/index.php\/wp-json\/wp\/v2\/media\/5431"}],"wp:attachment":[{"href":"https:\/\/violmax.pl\/index.php\/wp-json\/wp\/v2\/media?parent=534"}],"curies":[{"name":"wp","href":"https:\/\/api.w.org\/{rel}","templated":true}]}}