{"id":5317,"date":"2020-10-28T23:20:16","date_gmt":"2020-10-28T22:20:16","guid":{"rendered":"http:\/\/violmax.pl\/?post_type=product&#038;p=5317"},"modified":"2025-12-02T13:23:40","modified_gmt":"2025-12-02T12:23:40","slug":"szklarska-poreba-kieliszek-do-wody-580-ml-szrenica-szron","status":"publish","type":"product","link":"https:\/\/violmax.pl\/index.php\/produkt\/szklarska-poreba-kieliszek-do-wody-580-ml-szrenica-szron\/","title":{"rendered":"SZKLARSKA POR\u0118BA, KIELISZEK DO WODY &#8220;LAV 580&#8221; ml, SZRENICA SZRON"},"content":{"rendered":"<p><img loading=\"lazy\" class=\"alignnone size-medium wp-image-5251\" src=\"http:\/\/violmax.pl\/wp-content\/uploads\/2020\/10\/Szklarska_Poreba_kieliszek_do_wody_590_ml_Szrenica_szron-240x300.png\" alt=\"\" width=\"240\" height=\"300\" srcset=\"https:\/\/violmax.pl\/wp-content\/uploads\/2020\/10\/Szklarska_Poreba_kieliszek_do_wody_590_ml_Szrenica_szron-240x300.png 240w, https:\/\/violmax.pl\/wp-content\/uploads\/2020\/10\/Szklarska_Poreba_kieliszek_do_wody_590_ml_Szrenica_szron-680x850.png 680w, https:\/\/violmax.pl\/wp-content\/uploads\/2020\/10\/Szklarska_Poreba_kieliszek_do_wody_590_ml_Szrenica_szron.png 720w\" sizes=\"(max-width: 240px) 100vw, 240px\" \/><\/p>\n<p>Kieliszek do wody o pojemno\u015bci 580 ml. To porz\u0105dny kieliszek, wykonany z grubego, mocnego szk\u0142a. Ozdobiony jest motywem Szrenicy oraz nazw\u0105 miejscowo\u015bci Szklarska Por\u0119ba.Wypiaskowany do po\u0142owy, sprawia wra\u017cenie \u017ce jest zmro\u017cony. \u015awietna i praktyczna pami\u0105tka ze Szklarskiej Por\u0119by. Ozdobi w domu barek.<\/p>\n","protected":false},"excerpt":{"rendered":"<p><img loading=\"lazy\" class=\"alignnone size-medium wp-image-4222\" src=\"http:\/\/violmax.pl\/wp-content\/uploads\/2020\/05\/VIOLMAX_POLSKA-5-300x28.jpg\" alt=\"\" width=\"300\" height=\"28\" \/><\/p>\n<p>&nbsp;<\/p>\n<p>Kieliszek do wody o pojemno\u015bci 580 ml. To porz\u0105dny kieliszek, wykonany z grubego, mocnego szk\u0142a. Ozdobiony jest motywem Szrenicy oraz nazw\u0105 miejscowo\u015bci Szklarska Por\u0119ba.Wypiaskowany do po\u0142owy, sprawia wra\u017cenie \u017ce jest zmro\u017cony. \u015awietna i praktyczna pami\u0105tka ze Szklarskiej Por\u0119by. Ozdobi w domu barek.<\/p>\n<p><strong><em>Minimalna ilo\u015b\u0107 zam\u00f3wienia &#8211; 6 sztuk (1 opakowanie)<\/em><br \/>\n<\/strong><\/p>\n<p><strong><em>Towar sprzedawany na opakowania<\/em><\/strong><\/p>\n<h3><span style=\"color: #ff0000;\">PRZY DODAWANIU DO KOSZYKA, NALE\u017bY DODAWA\u0106 KROTNO\u015a\u0106\u00a0 LICZBY 6 &#8211; (1 opak)\u00a0 np: 6 ; 12 ; 18 itd<\/span><\/h3>\n<h3><strong>CENA ZA SZTUK\u0118.<\/strong><\/h3>\n<h2><strong>\u00a0<\/strong><\/h2>\n","protected":false},"featured_media":5251,"comment_status":"open","ping_status":"closed","template":"","meta":[],"_links":{"self":[{"href":"https:\/\/violmax.pl\/index.php\/wp-json\/wp\/v2\/product\/5317"}],"collection":[{"href":"https:\/\/violmax.pl\/index.php\/wp-json\/wp\/v2\/product"}],"about":[{"href":"https:\/\/violmax.pl\/index.php\/wp-json\/wp\/v2\/types\/product"}],"replies":[{"embeddable":true,"href":"https:\/\/violmax.pl\/index.php\/wp-json\/wp\/v2\/comments?post=5317"}],"wp:featuredmedia":[{"embeddable":true,"href":"https:\/\/violmax.pl\/index.php\/wp-json\/wp\/v2\/media\/5251"}],"wp:attachment":[{"href":"https:\/\/violmax.pl\/index.php\/wp-json\/wp\/v2\/media?parent=5317"}],"curies":[{"name":"wp","href":"https:\/\/api.w.org\/{rel}","templated":true}]}}