{"id":530,"date":"2019-08-30T15:08:55","date_gmt":"2019-08-30T13:08:55","guid":{"rendered":"http:\/\/violmax.wroclaw.pl\/?post_type=product&#038;p=530"},"modified":"2025-12-02T13:30:09","modified_gmt":"2025-12-02T12:30:09","slug":"karpacz-kubek-apollo-350-ml-obserwatorium-szron","status":"publish","type":"product","link":"https:\/\/violmax.pl\/index.php\/produkt\/karpacz-kubek-apollo-350-ml-obserwatorium-szron\/","title":{"rendered":"KARPACZ, KUBEK &#8220;APOLLO&#8221; 350 ML, OBSERWATORIUM SZRON"},"content":{"rendered":"<p><img loading=\"lazy\" class=\"alignnone size-medium wp-image-5423\" src=\"http:\/\/violmax.pl\/wp-content\/uploads\/2020\/11\/Karpacz_kubek_Apollo_400_ml_obserwatorium_szron-300x240.png\" alt=\"\" width=\"300\" height=\"240\" srcset=\"https:\/\/violmax.pl\/wp-content\/uploads\/2020\/11\/Karpacz_kubek_Apollo_400_ml_obserwatorium_szron-300x240.png 300w, https:\/\/violmax.pl\/wp-content\/uploads\/2020\/11\/Karpacz_kubek_Apollo_400_ml_obserwatorium_szron-768x614.png 768w, https:\/\/violmax.pl\/wp-content\/uploads\/2020\/11\/Karpacz_kubek_Apollo_400_ml_obserwatorium_szron-320x256.png 320w, https:\/\/violmax.pl\/wp-content\/uploads\/2020\/11\/Karpacz_kubek_Apollo_400_ml_obserwatorium_szron-680x544.png 680w, https:\/\/violmax.pl\/wp-content\/uploads\/2020\/11\/Karpacz_kubek_Apollo_400_ml_obserwatorium_szron.png 900w\" sizes=\"(max-width: 300px) 100vw, 300px\" \/><\/p>\n<p>&nbsp;<\/p>\n<p>Kubek o pojemno\u015bci 350 ml o ciekawym kszta\u0142cie (niski z uchem). Nadaje si\u0119 generalnie do ka\u017cdego rodzaju napoj\u00f3w (woda,soki,herbata,napoje gor\u0105ce). Pi\u0119kne zdobienia (obserwatorium,g\u00f3ralska chata ) \u2013 wypiaskowane dodaj\u0105 kubkowi niepowtarzalnego uroku.Na kubku wypiaskowane\u00a0 jest obserwatorium na \u015anie\u017cce oraz nazwa miejscowo\u015bci \u201dKarpacz\u201d. Ka\u017cdy szczeg\u00f3\u0142 wykonany jest z precyzyjn\u0105 dok\u0142adno\u015bci\u0105. Na pami\u0105tce wida\u0107 nawet najmniejsze elementy dzi\u0119ki czemu zwyk\u0142y kubek nabra\u0142 oryginalnego wygl\u0105du. Idealna pami\u0105tka z g\u00f3r. Nadaje si\u0119 do mycia w zmywarkach.<\/p>\n","protected":false},"excerpt":{"rendered":"<p><img loading=\"lazy\" class=\"alignnone size-full wp-image-5364\" src=\"http:\/\/violmax.pl\/wp-content\/uploads\/2020\/10\/VIOLMAX_POLSKA-3.jpg\" alt=\"\" width=\"300\" height=\"28\" \/><\/p>\n<p>&nbsp;<\/p>\n<p>Kubek o pojemno\u015bci 350 ml o ciekawym kszta\u0142cie (niski z uchem). Nadaje si\u0119 generalnie do ka\u017cdego rodzaju napoj\u00f3w (woda,soki,herbata,napoje gor\u0105ce). Pi\u0119kne zdobienia (obserwatorium,g\u00f3ralska chata ) \u2013 wypiaskowane dodaj\u0105 kubkowi niepowtarzalnego uroku.Na kubku wypiaskowane\u00a0 jest obserwatorium na \u015anie\u017cce oraz nazwa miejscowo\u015bci \u201dKarpacz\u201d. Ka\u017cdy szczeg\u00f3\u0142 wykonany jest z precyzyjn\u0105 dok\u0142adno\u015bci\u0105. Na pami\u0105tce wida\u0107 nawet najmniejsze elementy dzi\u0119ki czemu zwyk\u0142y kubek nabra\u0142 oryginalnego wygl\u0105du. Idealna pami\u0105tka z g\u00f3r. Nadaje si\u0119 do mycia w zmywarkach.<\/p>\n<p><strong><em>Minimalna ilo\u015b\u0107 zam\u00f3wienia &#8211; 9 szt (1 opakowanie)<\/em><br \/>\n<\/strong><\/p>\n<p><strong><em>Towar sprzedawany na opakowania<\/em><\/strong><\/p>\n<h3><span style=\"color: #ff0000;\">PRZY DODAWANIU DO KOSZYKA, NALE\u017bY DODAWA\u0106 KROTNO\u015a\u0106\u00a0 LICZBY 9 &#8211; (1 opak)\u00a0 np: 9 ; 18 ; 27 itd<\/span><\/h3>\n<h3><strong>CENA ZA SZTUK\u0118.<\/strong><\/h3>\n","protected":false},"featured_media":5423,"comment_status":"open","ping_status":"closed","template":"","meta":[],"_links":{"self":[{"href":"https:\/\/violmax.pl\/index.php\/wp-json\/wp\/v2\/product\/530"}],"collection":[{"href":"https:\/\/violmax.pl\/index.php\/wp-json\/wp\/v2\/product"}],"about":[{"href":"https:\/\/violmax.pl\/index.php\/wp-json\/wp\/v2\/types\/product"}],"replies":[{"embeddable":true,"href":"https:\/\/violmax.pl\/index.php\/wp-json\/wp\/v2\/comments?post=530"}],"wp:featuredmedia":[{"embeddable":true,"href":"https:\/\/violmax.pl\/index.php\/wp-json\/wp\/v2\/media\/5423"}],"wp:attachment":[{"href":"https:\/\/violmax.pl\/index.php\/wp-json\/wp\/v2\/media?parent=530"}],"curies":[{"name":"wp","href":"https:\/\/api.w.org\/{rel}","templated":true}]}}