{"id":5299,"date":"2020-10-28T22:41:50","date_gmt":"2020-10-28T21:41:50","guid":{"rendered":"http:\/\/violmax.pl\/?post_type=product&#038;p=5299"},"modified":"2025-12-02T13:23:42","modified_gmt":"2025-12-02T12:23:42","slug":"szklarska-poreba-dzbanek-lemon-05-litra-szron-szrenica-2d","status":"publish","type":"product","link":"https:\/\/violmax.pl\/index.php\/produkt\/szklarska-poreba-dzbanek-lemon-05-litra-szron-szrenica-2d\/","title":{"rendered":"SZKLARSKA POR\u0118BA, KUFEL-DZBANEK DO ZIMNYCH NAPOJ\u00d3W ALKOHOLOWYCH  &#8220;LEMON&#8221; 0,5 LITRA, SZRON + SZRENICA 2D"},"content":{"rendered":"<p><img loading=\"lazy\" class=\"alignnone size-medium wp-image-6736\" src=\"http:\/\/violmax.pl\/wp-content\/uploads\/2021\/01\/Szklarska_Poreba_dzbanek_lemon_500_ml_szron_Szrenica2D-300x240.png\" alt=\"\" width=\"300\" height=\"240\" srcset=\"https:\/\/violmax.pl\/wp-content\/uploads\/2021\/01\/Szklarska_Poreba_dzbanek_lemon_500_ml_szron_Szrenica2D-300x240.png 300w, https:\/\/violmax.pl\/wp-content\/uploads\/2021\/01\/Szklarska_Poreba_dzbanek_lemon_500_ml_szron_Szrenica2D-768x614.png 768w, https:\/\/violmax.pl\/wp-content\/uploads\/2021\/01\/Szklarska_Poreba_dzbanek_lemon_500_ml_szron_Szrenica2D-320x256.png 320w, https:\/\/violmax.pl\/wp-content\/uploads\/2021\/01\/Szklarska_Poreba_dzbanek_lemon_500_ml_szron_Szrenica2D-680x544.png 680w, https:\/\/violmax.pl\/wp-content\/uploads\/2021\/01\/Szklarska_Poreba_dzbanek_lemon_500_ml_szron_Szrenica2D.png 900w\" sizes=\"(max-width: 300px) 100vw, 300px\" \/><\/p>\n<p>&nbsp;<\/p>\n<p>Kufel -dzbanek do zimnych napoj\u00f3w alkoholowych \u201dLEMON\u201d o litra\u017cu 0,5 litra. Na \u015brodku umieszczony zosta\u0142 odlew Szrenicy\u00a0 oraz sam kufel-dzbanek zosta\u0142 wypiaskowany co sprawia \u017ce wygl\u0105da jak zmro\u017cony. Ca\u0142a ozdoba na pami\u0105tce wykonana jest z metalu. Motyw metalowy robi ogromne wra\u017cenie. Idealna pami\u0105tka z g\u00f3r.<\/p>\n","protected":false},"excerpt":{"rendered":"<p><img loading=\"lazy\" class=\"alignnone size-medium wp-image-4871\" src=\"http:\/\/violmax.pl\/wp-content\/uploads\/2020\/06\/VIOLMAX_POLSKA-6-300x28.jpg\" alt=\"\" width=\"300\" height=\"28\" \/><\/p>\n<p>&nbsp;<\/p>\n<p>Kufel -dzbanek do zimnych napoj\u00f3w alkoholowych \u201dLEMON\u201d o litra\u017cu 0,5 litra. Na \u015brodku umieszczony zosta\u0142 odlew Szrenicy\u00a0 oraz sam kufel-dzbanek zosta\u0142 wypiaskowany co sprawia \u017ce wygl\u0105da jak zmro\u017cony. Ca\u0142a ozdoba na pami\u0105tce wykonana jest z metalu. Motyw metalowy robi ogromne wra\u017cenie. Idealna pami\u0105tka z g\u00f3r.<\/p>\n<p><strong><em>Minimalna ilo\u015b\u0107 zam\u00f3wienia &#8211; 6 sztuk (1 opakowanie)<\/em><br \/>\n<\/strong><\/p>\n<p><strong><em>Towar sprzedawany na opakowania<\/em><\/strong><\/p>\n<h3><span style=\"color: #ff0000;\">PRZY DODAWANIU DO KOSZYKA, NALE\u017bY DODAWA\u0106 KROTNO\u015a\u0106\u00a0 LICZBY 6 &#8211; (1 opak)\u00a0 np: 6 ; 12 ; 18 itd<\/span><\/h3>\n<h3><strong>CENA ZA SZTUK\u0118.<\/strong><\/h3>\n<h2><strong>\u00a0<\/strong><\/h2>\n","protected":false},"featured_media":6736,"comment_status":"open","ping_status":"closed","template":"","meta":[],"_links":{"self":[{"href":"https:\/\/violmax.pl\/index.php\/wp-json\/wp\/v2\/product\/5299"}],"collection":[{"href":"https:\/\/violmax.pl\/index.php\/wp-json\/wp\/v2\/product"}],"about":[{"href":"https:\/\/violmax.pl\/index.php\/wp-json\/wp\/v2\/types\/product"}],"replies":[{"embeddable":true,"href":"https:\/\/violmax.pl\/index.php\/wp-json\/wp\/v2\/comments?post=5299"}],"wp:featuredmedia":[{"embeddable":true,"href":"https:\/\/violmax.pl\/index.php\/wp-json\/wp\/v2\/media\/6736"}],"wp:attachment":[{"href":"https:\/\/violmax.pl\/index.php\/wp-json\/wp\/v2\/media?parent=5299"}],"curies":[{"name":"wp","href":"https:\/\/api.w.org\/{rel}","templated":true}]}}