{"id":527,"date":"2019-08-30T15:03:15","date_gmt":"2019-08-30T13:03:15","guid":{"rendered":"http:\/\/violmax.wroclaw.pl\/?post_type=product&#038;p=527"},"modified":"2025-12-02T13:30:09","modified_gmt":"2025-12-02T12:30:09","slug":"karpacz-szklanka-do-napojow-lav-335ml-obserwatorium-glowa-wilka-szron","status":"publish","type":"product","link":"https:\/\/violmax.pl\/index.php\/produkt\/karpacz-szklanka-do-napojow-lav-335ml-obserwatorium-glowa-wilka-szron\/","title":{"rendered":"KARPACZ, SZKLANKA DO NAPOJ\u00d3W &#8220;LAV 335&#8221; ML, OBSERWATORIUM + G\u0141OWA WILKA, SZRON"},"content":{"rendered":"<p><img loading=\"lazy\" class=\"alignnone size-medium wp-image-11664\" src=\"https:\/\/violmax.pl\/wp-content\/uploads\/2025\/01\/karpacz_szklanka_do_napojow_lav_335ml_obserwatorium_glowa_wilka_szron-500x500.jpg\" alt=\"\" width=\"500\" height=\"500\" srcset=\"https:\/\/violmax.pl\/wp-content\/uploads\/2025\/01\/karpacz_szklanka_do_napojow_lav_335ml_obserwatorium_glowa_wilka_szron-500x500.jpg 500w, https:\/\/violmax.pl\/wp-content\/uploads\/2025\/01\/karpacz_szklanka_do_napojow_lav_335ml_obserwatorium_glowa_wilka_szron-400x400.jpg 400w, https:\/\/violmax.pl\/wp-content\/uploads\/2025\/01\/karpacz_szklanka_do_napojow_lav_335ml_obserwatorium_glowa_wilka_szron-768x768.jpg 768w, https:\/\/violmax.pl\/wp-content\/uploads\/2025\/01\/karpacz_szklanka_do_napojow_lav_335ml_obserwatorium_glowa_wilka_szron-680x680.jpg 680w, https:\/\/violmax.pl\/wp-content\/uploads\/2025\/01\/karpacz_szklanka_do_napojow_lav_335ml_obserwatorium_glowa_wilka_szron-100x100.jpg 100w, https:\/\/violmax.pl\/wp-content\/uploads\/2025\/01\/karpacz_szklanka_do_napojow_lav_335ml_obserwatorium_glowa_wilka_szron.jpg 950w\" sizes=\"(max-width: 500px) 100vw, 500px\" \/><\/p>\n<p>&nbsp;<\/p>\n<p>Szklanka do napoj\u00f3w &#8220;LAV&#8221; 335 ml z niecodziennymi wy\u017c\u0142obieniami w szkle na dole, cz\u0119\u015bciowo wypiaskowana. Na szklance wypiaskowany zosta\u0142 motyw OBSERWATORIUM NA NIE\u017bCE, nazwa miejscowo\u015bci KARPACZ , g\u00f3ry. Zdj\u0119cie przedstawia jedn\u0105 szklank\u0119, z przodu i z ty\u0142u. Zdobienie metod\u0105 piaskowania sprawia \u017ce szklanka wygl\u0105da jak by by\u0142a zmro\u017cona, poza tym jest to zdobienie trwa\u0142e i nie boi si\u0119 mycia w\u00a0 zmywarkach. Bardzo praktyczna pami\u0105tka do ka\u017cdego rodzaju napoj\u00f3w. Idealna pami\u0105tka dla ka\u017cdego z Karpacza. Nadaje si\u0119 do mycia w zmywarce.<\/p>\n","protected":false},"excerpt":{"rendered":"<p><img loading=\"lazy\" class=\"alignnone size-full wp-image-5364\" src=\"http:\/\/violmax.pl\/wp-content\/uploads\/2020\/10\/VIOLMAX_POLSKA-3.jpg\" alt=\"\" width=\"300\" height=\"28\" \/><\/p>\n<p>&nbsp;<\/p>\n<p>Szklanka do napoj\u00f3w &#8220;LAV&#8221; 335 ml z niecodziennymi wy\u017c\u0142obieniami w szkle na dole, cz\u0119\u015bciowo wypiaskowana. Na szklance wypiaskowany zosta\u0142 motyw OBSERWATORIUM NA NIE\u017bCE, nazwa miejscowo\u015bci KARPACZ , g\u00f3ry. Zdj\u0119cie przedstawia jedn\u0105 szklank\u0119, z przodu i z ty\u0142u. Zdobienie metod\u0105 piaskowania sprawia \u017ce szklanka wygl\u0105da jak by by\u0142a zmro\u017cona, poza tym jest to zdobienie trwa\u0142e i nie boi si\u0119 mycia w\u00a0 zmywarkach. Bardzo praktyczna pami\u0105tka do ka\u017cdego rodzaju napoj\u00f3w. Idealna pami\u0105tka dla ka\u017cdego z Karpacza. Nadaje si\u0119 do mycia w zmywarce.<\/p>\n<p><strong><em>Minimalne zam\u00f3wienie 6 szt (1 opakowanie)<\/em><br \/>\n<\/strong><\/p>\n<p><strong><em>Towar sprzedawany na opakowania<\/em><\/strong><\/p>\n<h3><span style=\"color: #ff0000;\">PRZY DODAWANIU DO KOSZYKA, NALE\u017bY DODAWA\u0106 KROTNO\u015a\u0106\u00a0 LICZBY 6 &#8211; (1 opak)\u00a0 np: 6 ; 12 ; 18 itd<\/span><\/h3>\n<h3><strong>CENA ZA SZTUK\u0118.<\/strong><\/h3>\n<p>&nbsp;<\/p>\n","protected":false},"featured_media":11664,"comment_status":"open","ping_status":"closed","template":"","meta":[],"_links":{"self":[{"href":"https:\/\/violmax.pl\/index.php\/wp-json\/wp\/v2\/product\/527"}],"collection":[{"href":"https:\/\/violmax.pl\/index.php\/wp-json\/wp\/v2\/product"}],"about":[{"href":"https:\/\/violmax.pl\/index.php\/wp-json\/wp\/v2\/types\/product"}],"replies":[{"embeddable":true,"href":"https:\/\/violmax.pl\/index.php\/wp-json\/wp\/v2\/comments?post=527"}],"wp:featuredmedia":[{"embeddable":true,"href":"https:\/\/violmax.pl\/index.php\/wp-json\/wp\/v2\/media\/11664"}],"wp:attachment":[{"href":"https:\/\/violmax.pl\/index.php\/wp-json\/wp\/v2\/media?parent=527"}],"curies":[{"name":"wp","href":"https:\/\/api.w.org\/{rel}","templated":true}]}}