{"id":5241,"date":"2020-10-27T20:03:21","date_gmt":"2020-10-27T19:03:21","guid":{"rendered":"http:\/\/violmax.pl\/?post_type=product&#038;p=5241"},"modified":"2025-12-02T13:23:45","modified_gmt":"2025-12-02T12:23:45","slug":"szklarska-poreba-szklanka-do-whisky-splendour-400-ml-schronisko-kamienczyka-szron","status":"publish","type":"product","link":"https:\/\/violmax.pl\/index.php\/produkt\/szklarska-poreba-szklanka-do-whisky-splendour-400-ml-schronisko-kamienczyka-szron\/","title":{"rendered":"SZKLARSKA POR\u0118BA, SZKLANKA DO NAPOJ\u00d3W &#8220;SPLENDOUR&#8221; 400 ML, SCHRONISKO KAMIE\u0143CZYKA SZRON"},"content":{"rendered":"<p><img loading=\"lazy\" class=\"alignnone size-medium wp-image-5233\" src=\"http:\/\/violmax.pl\/wp-content\/uploads\/2020\/10\/Szklarska_Poreba_szklanka_Splendour_400_ml_whisky_Schronisko_Kamienczyka_szron-300x240.png\" alt=\"\" width=\"300\" height=\"240\" srcset=\"https:\/\/violmax.pl\/wp-content\/uploads\/2020\/10\/Szklarska_Poreba_szklanka_Splendour_400_ml_whisky_Schronisko_Kamienczyka_szron-300x240.png 300w, https:\/\/violmax.pl\/wp-content\/uploads\/2020\/10\/Szklarska_Poreba_szklanka_Splendour_400_ml_whisky_Schronisko_Kamienczyka_szron-768x614.png 768w, https:\/\/violmax.pl\/wp-content\/uploads\/2020\/10\/Szklarska_Poreba_szklanka_Splendour_400_ml_whisky_Schronisko_Kamienczyka_szron-320x256.png 320w, https:\/\/violmax.pl\/wp-content\/uploads\/2020\/10\/Szklarska_Poreba_szklanka_Splendour_400_ml_whisky_Schronisko_Kamienczyka_szron-680x544.png 680w, https:\/\/violmax.pl\/wp-content\/uploads\/2020\/10\/Szklarska_Poreba_szklanka_Splendour_400_ml_whisky_Schronisko_Kamienczyka_szron.png 900w\" sizes=\"(max-width: 300px) 100vw, 300px\" \/><\/p>\n<p>Szklanka do napoj\u00f3w &#8220;SPLENDOUR&#8221; o pojemno\u015bci 400 ml w oryginalnym kszta\u0142cie . Szklanka wypiaskowana jest ca\u0142a w motyw typowy dla Szklarskiej Por\u0119by &#8211; &#8220;Schronisko Kamie\u0144czyka&#8221;. Ka\u017cdy detal jest zachowany. Dzi\u0119ki pe\u0142nemu piaskowaniu, szklanka trzyma si\u0119 pewnie w d\u0142oni. Idealna pami\u0105tka ze Szklarskiej Por\u0119by. Nadaje si\u0119 do mycia w zmywarce.<\/p>\n","protected":false},"excerpt":{"rendered":"<p><img loading=\"lazy\" class=\"alignnone size-medium wp-image-4666\" src=\"http:\/\/violmax.pl\/wp-content\/uploads\/2020\/06\/VIOLMAX_POLSKA-5-300x28.jpg\" alt=\"\" width=\"300\" height=\"28\" \/><\/p>\n<p>&nbsp;<\/p>\n<p>Szklanka do napoj\u00f3w &#8220;SPLENDOUR&#8221; o pojemno\u015bci 400 ml w oryginalnym kszta\u0142cie . Szklanka wypiaskowana jest ca\u0142a w motyw typowy dla Szklarskiej Por\u0119by &#8211; &#8220;Schronisko Kamie\u0144czyka&#8221;. Ka\u017cdy detal jest zachowany. Dzi\u0119ki pe\u0142nemu piaskowaniu, szklanka trzyma si\u0119 pewnie w d\u0142oni. Idealna pami\u0105tka ze Szklarskiej Por\u0119by. Nadaje si\u0119 do mycia w zmywarce.<\/p>\n<p><strong><em>Minimalne zam\u00f3wienie &#8211; 6 sztuk (1 opakowanie)<\/em><br \/>\n<\/strong><\/p>\n<p><strong><em>Towar sprzedawany na opakowania<\/em><\/strong><\/p>\n<h3><span style=\"color: #ff0000;\">PRZY DODAWANIU DO KOSZYKA, NALE\u017bY DODAWA\u0106 KROTNO\u015a\u0106\u00a0 LICZBY 6 &#8211; (1 opak)\u00a0 np: 6 ; 12 ; 18 itd<\/span><\/h3>\n<h3><strong>CENA ZA SZTUK\u0118.<\/strong><\/h3>\n<h2><strong>\u00a0<\/strong><\/h2>\n","protected":false},"featured_media":5233,"comment_status":"open","ping_status":"closed","template":"","meta":[],"_links":{"self":[{"href":"https:\/\/violmax.pl\/index.php\/wp-json\/wp\/v2\/product\/5241"}],"collection":[{"href":"https:\/\/violmax.pl\/index.php\/wp-json\/wp\/v2\/product"}],"about":[{"href":"https:\/\/violmax.pl\/index.php\/wp-json\/wp\/v2\/types\/product"}],"replies":[{"embeddable":true,"href":"https:\/\/violmax.pl\/index.php\/wp-json\/wp\/v2\/comments?post=5241"}],"wp:featuredmedia":[{"embeddable":true,"href":"https:\/\/violmax.pl\/index.php\/wp-json\/wp\/v2\/media\/5233"}],"wp:attachment":[{"href":"https:\/\/violmax.pl\/index.php\/wp-json\/wp\/v2\/media?parent=5241"}],"curies":[{"name":"wp","href":"https:\/\/api.w.org\/{rel}","templated":true}]}}