{"id":5162,"date":"2020-10-10T22:03:30","date_gmt":"2020-10-10T20:03:30","guid":{"rendered":"http:\/\/violmax.pl\/?post_type=product&#038;p=5162"},"modified":"2025-12-02T13:23:50","modified_gmt":"2025-12-02T12:23:50","slug":"kudowa-zdroj-szklanka-do-whisky-mixology-250-ml-szron-pijalnia-wody","status":"publish","type":"product","link":"https:\/\/violmax.pl\/index.php\/produkt\/kudowa-zdroj-szklanka-do-whisky-mixology-250-ml-szron-pijalnia-wody\/","title":{"rendered":"KUDOWA ZDR\u00d3J, SZKLANKA DO WHISKY &#8220;MIXOLOGY&#8221; 250 ML, SZRON PIJALNIA WODY"},"content":{"rendered":"<p><img loading=\"lazy\" class=\"alignnone size-medium wp-image-5165\" src=\"http:\/\/violmax.pl\/wp-content\/uploads\/2020\/10\/Kudowa_Zdroj_szklanka_Mixology_250_ml_szron_pijalnia_A-300x214.png\" alt=\"\" width=\"300\" height=\"214\" srcset=\"https:\/\/violmax.pl\/wp-content\/uploads\/2020\/10\/Kudowa_Zdroj_szklanka_Mixology_250_ml_szron_pijalnia_A-300x214.png 300w, https:\/\/violmax.pl\/wp-content\/uploads\/2020\/10\/Kudowa_Zdroj_szklanka_Mixology_250_ml_szron_pijalnia_A-768x549.png 768w, https:\/\/violmax.pl\/wp-content\/uploads\/2020\/10\/Kudowa_Zdroj_szklanka_Mixology_250_ml_szron_pijalnia_A.png 900w, https:\/\/violmax.pl\/wp-content\/uploads\/2020\/10\/Kudowa_Zdroj_szklanka_Mixology_250_ml_szron_pijalnia_A-680x486.png 680w\" sizes=\"(max-width: 300px) 100vw, 300px\" \/><img loading=\"lazy\" class=\"alignnone wp-image-5160\" src=\"http:\/\/violmax.pl\/wp-content\/uploads\/2020\/10\/Kudowa_Zdroj_szklanka_Mixology_250_ml_szron_pijalnia_B-270x300.png\" alt=\"\" width=\"192\" height=\"213\" srcset=\"https:\/\/violmax.pl\/wp-content\/uploads\/2020\/10\/Kudowa_Zdroj_szklanka_Mixology_250_ml_szron_pijalnia_B-270x300.png 270w, https:\/\/violmax.pl\/wp-content\/uploads\/2020\/10\/Kudowa_Zdroj_szklanka_Mixology_250_ml_szron_pijalnia_B-768x853.png 768w, https:\/\/violmax.pl\/wp-content\/uploads\/2020\/10\/Kudowa_Zdroj_szklanka_Mixology_250_ml_szron_pijalnia_B-680x756.png 680w, https:\/\/violmax.pl\/wp-content\/uploads\/2020\/10\/Kudowa_Zdroj_szklanka_Mixology_250_ml_szron_pijalnia_B.png 810w\" sizes=\"(max-width: 192px) 100vw, 192px\" \/><img loading=\"lazy\" class=\"alignnone wp-image-5161\" src=\"http:\/\/violmax.pl\/wp-content\/uploads\/2020\/10\/Kudowa_Zdroj_szklanka_Mixology_250_ml_szron_pijalnia_C-270x300.png\" alt=\"\" width=\"189\" height=\"210\" srcset=\"https:\/\/violmax.pl\/wp-content\/uploads\/2020\/10\/Kudowa_Zdroj_szklanka_Mixology_250_ml_szron_pijalnia_C-270x300.png 270w, https:\/\/violmax.pl\/wp-content\/uploads\/2020\/10\/Kudowa_Zdroj_szklanka_Mixology_250_ml_szron_pijalnia_C-768x853.png 768w, https:\/\/violmax.pl\/wp-content\/uploads\/2020\/10\/Kudowa_Zdroj_szklanka_Mixology_250_ml_szron_pijalnia_C-680x756.png 680w, https:\/\/violmax.pl\/wp-content\/uploads\/2020\/10\/Kudowa_Zdroj_szklanka_Mixology_250_ml_szron_pijalnia_C.png 810w\" sizes=\"(max-width: 189px) 100vw, 189px\" \/><\/p>\n<p>Szklanka do whisky o pojemno\u015bci 250 ml. Ca\u0142a szklanka jest precyzyjnie wypiaskowana. Widnieje na niej Pijalnia Wody oraz napis &#8221;Kudowa Zdr\u00f3j&#8221;. Szklanka posiada grube dno, co sprawia \u017ce jest ci\u0119\u017cka. Bardzo wygodnie utrzymuje si\u0119 w d\u0142oni dzi\u0119ki piaskowaniu. Idealna pami\u0105tka z Kudowy Zdr\u00f3j . Nadaje si\u0119 do mycia w zmywarce.<\/p>\n","protected":false},"excerpt":{"rendered":"<p><img loading=\"lazy\" class=\"alignnone size-medium wp-image-3660\" src=\"http:\/\/violmax.pl\/wp-content\/uploads\/2020\/05\/VIOLMAX_POLSKA-2-300x28.jpg\" alt=\"\" width=\"300\" height=\"28\" \/><\/p>\n<p>&nbsp;<\/p>\n<p>Szklanka do whisky o pojemno\u015bci 250 ml. Ca\u0142a szklanka jest precyzyjnie wypiaskowana. Widnieje na niej Pijalnia Wody oraz napis &#8221;Kudowa Zdr\u00f3j&#8221;. Szklanka posiada grube dno, co sprawia \u017ce jest ci\u0119\u017cka. Bardzo wygodnie utrzymuje si\u0119 w d\u0142oni dzi\u0119ki piaskowaniu. Idealna pami\u0105tka z Kudowy Zdr\u00f3j . Nadaje si\u0119 do mycia w zmywarce.<\/p>\n<p><strong><em>Minimalna ilo\u015b\u0107 zam\u00f3wienia &#8211; 6 sztuk (1 opakowanie)<\/em><br \/>\n<\/strong><\/p>\n<p><strong><em>Towar sprzedawany na opakowania<\/em><\/strong><\/p>\n<h3><span style=\"color: #ff0000;\">PRZY DODAWANIU DO KOSZYKA, NALE\u017bY DODAWA\u0106 KROTNO\u015a\u0106\u00a0 LICZBY 6 &#8211; (1 opak)\u00a0 np: 6 ; 12 ; 18 itd<\/span><\/h3>\n<h3><strong>CENA ZA SZTUK\u0118.<\/strong><\/h3>\n<h2><strong>\u00a0<\/strong><\/h2>\n","protected":false},"featured_media":5165,"comment_status":"open","ping_status":"closed","template":"","meta":[],"_links":{"self":[{"href":"https:\/\/violmax.pl\/index.php\/wp-json\/wp\/v2\/product\/5162"}],"collection":[{"href":"https:\/\/violmax.pl\/index.php\/wp-json\/wp\/v2\/product"}],"about":[{"href":"https:\/\/violmax.pl\/index.php\/wp-json\/wp\/v2\/types\/product"}],"replies":[{"embeddable":true,"href":"https:\/\/violmax.pl\/index.php\/wp-json\/wp\/v2\/comments?post=5162"}],"wp:featuredmedia":[{"embeddable":true,"href":"https:\/\/violmax.pl\/index.php\/wp-json\/wp\/v2\/media\/5165"}],"wp:attachment":[{"href":"https:\/\/violmax.pl\/index.php\/wp-json\/wp\/v2\/media?parent=5162"}],"curies":[{"name":"wp","href":"https:\/\/api.w.org\/{rel}","templated":true}]}}