{"id":5053,"date":"2020-07-04T20:46:05","date_gmt":"2020-07-04T18:46:05","guid":{"rendered":"http:\/\/violmax.pl\/?post_type=product&#038;p=5053"},"modified":"2025-12-02T13:23:52","modified_gmt":"2025-12-02T12:23:52","slug":"ustka-szklanka-do-whisky-kwadrat-250-ml-kotwica-czerwona-metal","status":"publish","type":"product","link":"https:\/\/violmax.pl\/index.php\/produkt\/ustka-szklanka-do-whisky-kwadrat-250-ml-kotwica-czerwona-metal\/","title":{"rendered":"USTKA, SZKLANKA DO WHISKY &#8220;KWADRAT&#8221; 250 ML, KOTWICA CZERWONA METAL"},"content":{"rendered":"<p><img loading=\"lazy\" class=\"alignnone size-medium wp-image-5051\" src=\"http:\/\/violmax.pl\/wp-content\/uploads\/2020\/07\/USTKA_SZKLANKA_DO_WHISKY_250_ML_KOTWICA_CZERWONA-300x300.jpg\" alt=\"\" width=\"300\" height=\"300\" srcset=\"https:\/\/violmax.pl\/wp-content\/uploads\/2020\/07\/USTKA_SZKLANKA_DO_WHISKY_250_ML_KOTWICA_CZERWONA-300x300.jpg 300w, https:\/\/violmax.pl\/wp-content\/uploads\/2020\/07\/USTKA_SZKLANKA_DO_WHISKY_250_ML_KOTWICA_CZERWONA-150x150.jpg 150w, https:\/\/violmax.pl\/wp-content\/uploads\/2020\/07\/USTKA_SZKLANKA_DO_WHISKY_250_ML_KOTWICA_CZERWONA-768x768.jpg 768w, https:\/\/violmax.pl\/wp-content\/uploads\/2020\/07\/USTKA_SZKLANKA_DO_WHISKY_250_ML_KOTWICA_CZERWONA-680x680.jpg 680w, https:\/\/violmax.pl\/wp-content\/uploads\/2020\/07\/USTKA_SZKLANKA_DO_WHISKY_250_ML_KOTWICA_CZERWONA-100x100.jpg 100w, https:\/\/violmax.pl\/wp-content\/uploads\/2020\/07\/USTKA_SZKLANKA_DO_WHISKY_250_ML_KOTWICA_CZERWONA.jpg 900w\" sizes=\"(max-width: 300px) 100vw, 300px\" \/><\/p>\n<p>Szklanka do Whisky kwadratowa o pojemno\u015bci 250 ml. Na szklance umieszczony zosta\u0142 odlew metalowy z motywem kotwicy czerwonej. Pami\u0105tka dla ka\u017cdego, idealny prezent. Sprawdzi si\u0119 jako szk\u0142o do u\u017cytku codziennego oraz jako ozdoba np w salonie \u2013 w barku.Idealna pami\u0105tka z Ustki.<\/p>\n","protected":false},"excerpt":{"rendered":"<p><img loading=\"lazy\" class=\"alignnone size-medium wp-image-4375\" src=\"http:\/\/violmax.pl\/wp-content\/uploads\/2020\/05\/VIOLMAX_POLSKA-12-300x28.jpg\" alt=\"\" width=\"300\" height=\"28\" \/><\/p>\n<div class=\"woocommerce-product-details__short-description\">\n<p>&nbsp;<\/p>\n<p>Szklanka do Whisky kwadratowa o pojemno\u015bci 250 ml. Na szklance umieszczony zosta\u0142 odlew metalowy z motywem kotwicy czerwonej. Pami\u0105tka dla ka\u017cdego, idealny prezent. Sprawdzi si\u0119 jako szk\u0142o do u\u017cytku codziennego oraz jako ozdoba np w salonie \u2013 w barku.Idealna pami\u0105tka z Ustki.<\/p>\n<p><strong><em>Minimalna ilo\u015b\u0107 zam\u00f3wienia \u2013 6 sztuk (1 opakowanie)<\/em><br \/>\n<\/strong><\/p>\n<p><strong><em>Towar sprzedawany na opakowania<\/em><\/strong><\/p>\n<h3><span style=\"color: #ff0000;\">PRZY DODAWANIU DO KOSZYKA, NALE\u017bY DODAWA\u0106 KROTNO\u015a\u0106\u00a0 LICZBY 6 &#8211; (1 opak)\u00a0 np: 6 ; 12 ; 18 itd<\/span><\/h3>\n<h3><strong>CENA ZA SZTUK\u0118.<\/strong><\/h3>\n<h2><strong>\u00a0<\/strong><\/h2>\n<\/div>\n","protected":false},"featured_media":5051,"comment_status":"open","ping_status":"closed","template":"","meta":[],"_links":{"self":[{"href":"https:\/\/violmax.pl\/index.php\/wp-json\/wp\/v2\/product\/5053"}],"collection":[{"href":"https:\/\/violmax.pl\/index.php\/wp-json\/wp\/v2\/product"}],"about":[{"href":"https:\/\/violmax.pl\/index.php\/wp-json\/wp\/v2\/types\/product"}],"replies":[{"embeddable":true,"href":"https:\/\/violmax.pl\/index.php\/wp-json\/wp\/v2\/comments?post=5053"}],"wp:featuredmedia":[{"embeddable":true,"href":"https:\/\/violmax.pl\/index.php\/wp-json\/wp\/v2\/media\/5051"}],"wp:attachment":[{"href":"https:\/\/violmax.pl\/index.php\/wp-json\/wp\/v2\/media?parent=5053"}],"curies":[{"name":"wp","href":"https:\/\/api.w.org\/{rel}","templated":true}]}}