{"id":4987,"date":"2020-06-20T11:52:37","date_gmt":"2020-06-20T09:52:37","guid":{"rendered":"http:\/\/violmax.pl\/?post_type=product&#038;p=4987"},"modified":"2026-01-29T08:22:27","modified_gmt":"2026-01-29T07:22:27","slug":"polska-kufel-do-piwa-bremen-067-litra-orzel-duzy-szron","status":"publish","type":"product","link":"https:\/\/violmax.pl\/index.php\/produkt\/polska-kufel-do-piwa-bremen-067-litra-orzel-duzy-szron\/","title":{"rendered":"POLSKA, KUFEL DO PIWA &#8220;BREMEN&#8221; 0,67 LITRA, SZRON + ORZE\u0141 DU\u017bY"},"content":{"rendered":"<p><img loading=\"lazy\" class=\"alignnone size-medium wp-image-5702\" src=\"http:\/\/violmax.pl\/wp-content\/uploads\/2020\/11\/POLSKA_KUFEL_DO_PIWA_BREMEN_670_ML_ORZEL_DUZY-240x300.png\" alt=\"\" width=\"240\" height=\"300\" srcset=\"https:\/\/violmax.pl\/wp-content\/uploads\/2020\/11\/POLSKA_KUFEL_DO_PIWA_BREMEN_670_ML_ORZEL_DUZY-240x300.png 240w, https:\/\/violmax.pl\/wp-content\/uploads\/2020\/11\/POLSKA_KUFEL_DO_PIWA_BREMEN_670_ML_ORZEL_DUZY-680x850.png 680w, https:\/\/violmax.pl\/wp-content\/uploads\/2020\/11\/POLSKA_KUFEL_DO_PIWA_BREMEN_670_ML_ORZEL_DUZY.png 720w\" sizes=\"(max-width: 240px) 100vw, 240px\" \/><\/p>\n<p>&nbsp;<\/p>\n<p>Kufel &#8221;Bremen&#8221; o litra\u017cu 0.67 l. Na kuflu zosta\u0142 umieszczony okaza\u0142y,pi\u0119kny odlew or\u0142a polskiego u g\u00f3ry z napisem &#8221;Polska&#8221;. Ca\u0142o\u015b\u0107 jest ze sob\u0105 po\u0142\u0105czona. Jest on do po\u0142owy w szronie. Kufel mo\u017ce s\u0142u\u017cy\u0107 do piwa lub jako oryginalna pami\u0105tka z Polski lub prezent dla ka\u017cdego.Idealna pami\u0105tka z Polski.\u015awietny prezent dla ka\u017cdej osoby.<\/p>\n","protected":false},"excerpt":{"rendered":"<p><img loading=\"lazy\" class=\"alignnone size-medium wp-image-3492\" src=\"http:\/\/violmax.pl\/wp-content\/uploads\/2020\/05\/VIOLMAX_POLSKA-300x28.jpg\" alt=\"\" width=\"300\" height=\"28\" \/><\/p>\n<p>Kufel &#8221;Bremen&#8221; o litra\u017cu 0.67 l. Na kuflu zosta\u0142 umieszczony okaza\u0142y,pi\u0119kny odlew or\u0142a polskiego u g\u00f3ry z napisem &#8221;Polska&#8221;. Ca\u0142o\u015b\u0107 jest ze sob\u0105 po\u0142\u0105czona. Jest on do po\u0142owy w szronie. Kufel mo\u017ce s\u0142u\u017cy\u0107 do piwa lub jako oryginalna pami\u0105tka z Polski lub prezent dla ka\u017cdego.Idealna pami\u0105tka z Polski.\u015awietny prezent dla ka\u017cdej osoby.<\/p>\n<p><strong><em>Minimalna ilo\u015b\u0107 zam\u00f3wienia &#8211; 6 szt (1 opakowanie)<\/em><br \/>\n<\/strong><\/p>\n<p><strong><em>Towar sprzedawany na opakowania<\/em><\/strong><\/p>\n<h3><span style=\"color: #ff0000;\">PRZY DODAWANIU DO KOSZYKA, NALE\u017bY DODAWA\u0106 KROTNO\u015a\u0106\u00a0 LICZBY 6 &#8211; (1 opak)\u00a0 np: 6 ; 12 ; 18 itd<\/span><\/h3>\n<h3><strong>CENA ZA SZTUK\u0118.<\/strong><\/h3>\n<h2><strong>\u00a0<\/strong><\/h2>\n","protected":false},"featured_media":5702,"comment_status":"open","ping_status":"closed","template":"","meta":[],"_links":{"self":[{"href":"https:\/\/violmax.pl\/index.php\/wp-json\/wp\/v2\/product\/4987"}],"collection":[{"href":"https:\/\/violmax.pl\/index.php\/wp-json\/wp\/v2\/product"}],"about":[{"href":"https:\/\/violmax.pl\/index.php\/wp-json\/wp\/v2\/types\/product"}],"replies":[{"embeddable":true,"href":"https:\/\/violmax.pl\/index.php\/wp-json\/wp\/v2\/comments?post=4987"}],"wp:featuredmedia":[{"embeddable":true,"href":"https:\/\/violmax.pl\/index.php\/wp-json\/wp\/v2\/media\/5702"}],"wp:attachment":[{"href":"https:\/\/violmax.pl\/index.php\/wp-json\/wp\/v2\/media?parent=4987"}],"curies":[{"name":"wp","href":"https:\/\/api.w.org\/{rel}","templated":true}]}}