{"id":4950,"date":"2020-06-18T22:23:48","date_gmt":"2020-06-18T20:23:48","guid":{"rendered":"http:\/\/violmax.pl\/?post_type=product&#038;p=4950"},"modified":"2025-12-02T13:23:55","modified_gmt":"2025-12-02T12:23:55","slug":"szklarska-poreba-kieliszek-do-wodki-stopka-50-ml-wodospad-szklarki-blaszka","status":"publish","type":"product","link":"https:\/\/violmax.pl\/index.php\/produkt\/szklarska-poreba-kieliszek-do-wodki-stopka-50-ml-wodospad-szklarki-blaszka\/","title":{"rendered":"SZKLARSKA POR\u0118BA, KIELISZEK DO W\u00d3DKI &#8220;STOPKA 50&#8221; ml, SZRENICA BLASZKA"},"content":{"rendered":"<p><img loading=\"lazy\" class=\"alignnone size-medium wp-image-4877\" src=\"http:\/\/violmax.pl\/wp-content\/uploads\/2020\/06\/SZKLARSKA_POREBA_KIELISZEK_DO_WODKI_STOPKA_50_ML_SZRENICA_BLASZKA_SZRON-300x200.jpg\" alt=\"\" width=\"300\" height=\"200\" srcset=\"https:\/\/violmax.pl\/wp-content\/uploads\/2020\/06\/SZKLARSKA_POREBA_KIELISZEK_DO_WODKI_STOPKA_50_ML_SZRENICA_BLASZKA_SZRON-300x200.jpg 300w, https:\/\/violmax.pl\/wp-content\/uploads\/2020\/06\/SZKLARSKA_POREBA_KIELISZEK_DO_WODKI_STOPKA_50_ML_SZRENICA_BLASZKA_SZRON-768x512.jpg 768w, https:\/\/violmax.pl\/wp-content\/uploads\/2020\/06\/SZKLARSKA_POREBA_KIELISZEK_DO_WODKI_STOPKA_50_ML_SZRENICA_BLASZKA_SZRON-680x454.jpg 680w, https:\/\/violmax.pl\/wp-content\/uploads\/2020\/06\/SZKLARSKA_POREBA_KIELISZEK_DO_WODKI_STOPKA_50_ML_SZRENICA_BLASZKA_SZRON.jpg 1000w\" sizes=\"(max-width: 300px) 100vw, 300px\" \/><\/p>\n<p>Kieliszek do w\u00f3dki stopka o pojemno\u015bci 50ml. To porz\u0105dny kieliszek, wykonany z\u00a0 mocnego szk\u0142a. Ozdobiony jest metalowym, odlewem z motywem wodospad Szklarki oraz nazw\u0105 miejscowo\u015bci Szklarska Por\u0119ba. Kieliszek jest do po\u0142owy w szronie. \u015awietna i praktyczna pami\u0105tka ze Szklarskiej Por\u0119by. Ozdobi w domu barek.<\/p>\n<p>&nbsp;<\/p>\n","protected":false},"excerpt":{"rendered":"<p><img loading=\"lazy\" class=\"alignnone size-medium wp-image-4222\" src=\"http:\/\/violmax.pl\/wp-content\/uploads\/2020\/05\/VIOLMAX_POLSKA-5-300x28.jpg\" alt=\"\" width=\"300\" height=\"28\" \/><\/p>\n<p>&nbsp;<\/p>\n<p>Kieliszek do w\u00f3dki stopka o pojemno\u015bci 50ml. To porz\u0105dny kieliszek, wykonany z\u00a0 mocnego szk\u0142a. Ozdobiony jest metalowym, odlewem z motywem wodospad Szklarki oraz nazw\u0105 miejscowo\u015bci Szklarska Por\u0119ba. Kieliszek jest do po\u0142owy w szronie. \u015awietna i praktyczna pami\u0105tka ze Szklarskiej Por\u0119by. Ozdobi w domu barek.<\/p>\n<p><strong><em>Minimalna ilo\u015b\u0107 zam\u00f3wienia &#8211; 6 sztuk (1 opakowanie)<\/em><br \/>\n<\/strong><\/p>\n<p><strong><em>Towar sprzedawany na opakowania<\/em><\/strong><\/p>\n<h3><span style=\"color: #ff0000;\">PRZY DODAWANIU DO KOSZYKA, NALE\u017bY DODAWA\u0106 KROTNO\u015a\u0106\u00a0 LICZBY 6 &#8211; (1 opak)\u00a0 np: 6 ; 12 ; 18 itd<\/span><\/h3>\n<h3><strong>CENA ZA SZTUK\u0118.<\/strong><\/h3>\n<h2><strong>\u00a0<\/strong><\/h2>\n","protected":false},"featured_media":4877,"comment_status":"open","ping_status":"closed","template":"","meta":[],"_links":{"self":[{"href":"https:\/\/violmax.pl\/index.php\/wp-json\/wp\/v2\/product\/4950"}],"collection":[{"href":"https:\/\/violmax.pl\/index.php\/wp-json\/wp\/v2\/product"}],"about":[{"href":"https:\/\/violmax.pl\/index.php\/wp-json\/wp\/v2\/types\/product"}],"replies":[{"embeddable":true,"href":"https:\/\/violmax.pl\/index.php\/wp-json\/wp\/v2\/comments?post=4950"}],"wp:featuredmedia":[{"embeddable":true,"href":"https:\/\/violmax.pl\/index.php\/wp-json\/wp\/v2\/media\/4877"}],"wp:attachment":[{"href":"https:\/\/violmax.pl\/index.php\/wp-json\/wp\/v2\/media?parent=4950"}],"curies":[{"name":"wp","href":"https:\/\/api.w.org\/{rel}","templated":true}]}}