{"id":4942,"date":"2020-06-18T22:02:08","date_gmt":"2020-06-18T20:02:08","guid":{"rendered":"http:\/\/violmax.pl\/?post_type=product&#038;p=4942"},"modified":"2025-12-02T13:23:55","modified_gmt":"2025-12-02T12:23:55","slug":"szklarska-poreba-kufel-do-piwa-bremen-067-litra-chata-goralska-2-odlew-kolor","status":"publish","type":"product","link":"https:\/\/violmax.pl\/index.php\/produkt\/szklarska-poreba-kufel-do-piwa-bremen-067-litra-chata-goralska-2-odlew-kolor\/","title":{"rendered":"SZKLARSKA POR\u0118BA, KUFEL DO PIWA &#8220;BREMEN&#8221; 0,67 litra, CHATA G\u00d3RALSKA 2 ODLEW KOLOR"},"content":{"rendered":"<p><img loading=\"lazy\" class=\"alignnone size-medium wp-image-4946\" src=\"http:\/\/violmax.pl\/wp-content\/uploads\/2020\/06\/SZKLARSKA_POREBA_KUFEL_DO_PIWA_BREMEN_670_ML_CHATA_2_KOLOR-240x300.jpg\" alt=\"\" width=\"240\" height=\"300\" srcset=\"https:\/\/violmax.pl\/wp-content\/uploads\/2020\/06\/SZKLARSKA_POREBA_KUFEL_DO_PIWA_BREMEN_670_ML_CHATA_2_KOLOR-240x300.jpg 240w, https:\/\/violmax.pl\/wp-content\/uploads\/2020\/06\/SZKLARSKA_POREBA_KUFEL_DO_PIWA_BREMEN_670_ML_CHATA_2_KOLOR-680x850.jpg 680w, https:\/\/violmax.pl\/wp-content\/uploads\/2020\/06\/SZKLARSKA_POREBA_KUFEL_DO_PIWA_BREMEN_670_ML_CHATA_2_KOLOR.jpg 720w\" sizes=\"(max-width: 240px) 100vw, 240px\" \/><\/p>\n<p>&nbsp;<\/p>\n<p>Kufel do piwa \u201eBremen\u201d o litra\u017cu 0,67 . Ozdobiony jest metalowym motywem w owalnym kszta\u0142cie. Na metalowej ozdobie widzimy chat\u0119 g\u00f3ralsk\u0105 w kolorze oraz nazw\u0119 miejscowo\u015bci &#8211; &#8221;Szklarska Por\u0119ba&#8221;. Produkt szklany, z wysokiej jako\u015bci szk\u0142a z motywem metalowym.\u00a0 Znakomicie sprawdzi si\u0119 jako kufel do codziennego u\u017cytku lub jako \u015bwietna pami\u0105tka z g\u00f3r. Idealny na prezent dla lubuj\u0105cych si\u0119 w piwie lub os\u00f3b, kt\u00f3re ceni\u0105 sobie pami\u0105tki ze smakiem. Ozdobi ka\u017cde wn\u0119trze i zachwyci go\u015bci.<\/p>\n","protected":false},"excerpt":{"rendered":"<p><img loading=\"lazy\" class=\"alignnone size-medium wp-image-4871\" src=\"http:\/\/violmax.pl\/wp-content\/uploads\/2020\/06\/VIOLMAX_POLSKA-6-300x28.jpg\" alt=\"\" width=\"300\" height=\"28\" \/><\/p>\n<p>&nbsp;<\/p>\n<p>Kufel do piwa \u201eBremen\u201d o litra\u017cu 0,67 . Ozdobiony jest metalowym motywem w owalnym kszta\u0142cie. Na metalowej ozdobie widzimy chat\u0119 g\u00f3ralsk\u0105 w kolorze oraz nazw\u0119 miejscowo\u015bci &#8211; &#8221;Szklarska Por\u0119ba&#8221;. Produkt szklany, z wysokiej jako\u015bci szk\u0142a z motywem metalowym.\u00a0 Znakomicie sprawdzi si\u0119 jako kufel do codziennego u\u017cytku lub jako \u015bwietna pami\u0105tka z g\u00f3r. Idealny na prezent dla lubuj\u0105cych si\u0119 w piwie lub os\u00f3b, kt\u00f3re ceni\u0105 sobie pami\u0105tki ze smakiem. Ozdobi ka\u017cde wn\u0119trze i zachwyci go\u015bci.<\/p>\n<p><strong><em>Minimalna ilo\u015b\u0107 zam\u00f3wienia &#8211; 6 sztuk (1 opakowanie)<\/em><br \/>\n<\/strong><\/p>\n<p><strong><em>Towar sprzedawany na opakowania<\/em><\/strong><\/p>\n<h3><span style=\"color: #ff0000;\">PRZY DODAWANIU DO KOSZYKA, NALE\u017bY DODAWA\u0106 KROTNO\u015a\u0106\u00a0 LICZBY 6 &#8211; (1 opak)\u00a0 np: 6 ; 12 ; 18 itd<\/span><\/h3>\n<h3><strong>CENA ZA SZTUK\u0118.<\/strong><\/h3>\n<h2><strong>\u00a0<\/strong><\/h2>\n","protected":false},"featured_media":4946,"comment_status":"open","ping_status":"closed","template":"","meta":[],"_links":{"self":[{"href":"https:\/\/violmax.pl\/index.php\/wp-json\/wp\/v2\/product\/4942"}],"collection":[{"href":"https:\/\/violmax.pl\/index.php\/wp-json\/wp\/v2\/product"}],"about":[{"href":"https:\/\/violmax.pl\/index.php\/wp-json\/wp\/v2\/types\/product"}],"replies":[{"embeddable":true,"href":"https:\/\/violmax.pl\/index.php\/wp-json\/wp\/v2\/comments?post=4942"}],"wp:featuredmedia":[{"embeddable":true,"href":"https:\/\/violmax.pl\/index.php\/wp-json\/wp\/v2\/media\/4946"}],"wp:attachment":[{"href":"https:\/\/violmax.pl\/index.php\/wp-json\/wp\/v2\/media?parent=4942"}],"curies":[{"name":"wp","href":"https:\/\/api.w.org\/{rel}","templated":true}]}}