{"id":4906,"date":"2020-06-18T21:14:56","date_gmt":"2020-06-18T19:14:56","guid":{"rendered":"http:\/\/violmax.pl\/?post_type=product&#038;p=4906"},"modified":"2025-12-02T13:23:58","modified_gmt":"2025-12-02T12:23:58","slug":"szklarska-poreba-kufel-do-piwa-miodzio-05-litra-parzenica-czerwono-niebieska","status":"publish","type":"product","link":"https:\/\/violmax.pl\/index.php\/produkt\/szklarska-poreba-kufel-do-piwa-miodzio-05-litra-parzenica-czerwono-niebieska\/","title":{"rendered":"SZKLARSKA POR\u0118BA, KUFEL DO PIWA &#8220;MIODZIO 2&#8221; 0,5 LITRA, PARZENICA CZERWONO-NIEBIESKA"},"content":{"rendered":"<p><img loading=\"lazy\" class=\"alignnone size-medium wp-image-4892\" src=\"http:\/\/violmax.pl\/wp-content\/uploads\/2020\/06\/SZKLARSKA_POREBA_KUFEL_DO_PIWA_MIODZIO_500_ML_PARZENICA_NIEBIESKA-300x300.jpg\" alt=\"\" width=\"300\" height=\"300\" srcset=\"https:\/\/violmax.pl\/wp-content\/uploads\/2020\/06\/SZKLARSKA_POREBA_KUFEL_DO_PIWA_MIODZIO_500_ML_PARZENICA_NIEBIESKA-300x300.jpg 300w, https:\/\/violmax.pl\/wp-content\/uploads\/2020\/06\/SZKLARSKA_POREBA_KUFEL_DO_PIWA_MIODZIO_500_ML_PARZENICA_NIEBIESKA-150x150.jpg 150w, https:\/\/violmax.pl\/wp-content\/uploads\/2020\/06\/SZKLARSKA_POREBA_KUFEL_DO_PIWA_MIODZIO_500_ML_PARZENICA_NIEBIESKA-768x768.jpg 768w, https:\/\/violmax.pl\/wp-content\/uploads\/2020\/06\/SZKLARSKA_POREBA_KUFEL_DO_PIWA_MIODZIO_500_ML_PARZENICA_NIEBIESKA-680x680.jpg 680w, https:\/\/violmax.pl\/wp-content\/uploads\/2020\/06\/SZKLARSKA_POREBA_KUFEL_DO_PIWA_MIODZIO_500_ML_PARZENICA_NIEBIESKA-100x100.jpg 100w, https:\/\/violmax.pl\/wp-content\/uploads\/2020\/06\/SZKLARSKA_POREBA_KUFEL_DO_PIWA_MIODZIO_500_ML_PARZENICA_NIEBIESKA.jpg 900w\" sizes=\"(max-width: 300px) 100vw, 300px\" \/><\/p>\n<p>Kufel do piwa \u201dMiodzio\u201d o litra\u017cu 0,5 litra. Na kuflu s\u0105 wy\u017c\u0142obione charakterystyczne dla \u201dmiodzia\u201d p\u0142aty w szkle. Na \u015brodku kufla umieszczony zosta\u0142 odlew parzenica w kolorze czerwono &#8211; niebieskim. Ca\u0142a ozdoba na pami\u0105tce wykonana jest z metalu. Motyw metalowy robi ogromne wra\u017cenie. Idealna pami\u0105tka z g\u00f3r.<\/p>\n","protected":false},"excerpt":{"rendered":"<p><img loading=\"lazy\" class=\"alignnone size-medium wp-image-4871\" src=\"http:\/\/violmax.pl\/wp-content\/uploads\/2020\/06\/VIOLMAX_POLSKA-6-300x28.jpg\" alt=\"\" width=\"300\" height=\"28\" \/><\/p>\n<p>&nbsp;<\/p>\n<p>Kufel do piwa \u201dMiodzio\u201d o litra\u017cu 0,5 litra. Na kuflu s\u0105 wy\u017c\u0142obione charakterystyczne dla \u201dmiodzia\u201d p\u0142aty w szkle. Na \u015brodku kufla umieszczony zosta\u0142 odlew parzenica w kolorze czerwono &#8211; niebieskim. Ca\u0142a ozdoba na pami\u0105tce wykonana jest z metalu. Motyw metalowy robi ogromne wra\u017cenie. Idealna pami\u0105tka z g\u00f3r.<\/p>\n<p><strong><em>Minimalna ilo\u015b\u0107 zam\u00f3wienia &#8211; 6 sztuk (1 opakowanie)<\/em><br \/>\n<\/strong><\/p>\n<p><strong><em>Towar sprzedawany na opakowania<\/em><\/strong><\/p>\n<h3><span style=\"color: #ff0000;\">PRZY DODAWANIU DO KOSZYKA, NALE\u017bY DODAWA\u0106 KROTNO\u015a\u0106\u00a0 LICZBY 6 &#8211; (1 opak)\u00a0 np: 6 ; 12 ; 18 itd<\/span><\/h3>\n<h3><strong>CENA ZA SZTUK\u0118.<\/strong><\/h3>\n<h2><strong>\u00a0<\/strong><\/h2>\n","protected":false},"featured_media":4892,"comment_status":"open","ping_status":"closed","template":"","meta":[],"_links":{"self":[{"href":"https:\/\/violmax.pl\/index.php\/wp-json\/wp\/v2\/product\/4906"}],"collection":[{"href":"https:\/\/violmax.pl\/index.php\/wp-json\/wp\/v2\/product"}],"about":[{"href":"https:\/\/violmax.pl\/index.php\/wp-json\/wp\/v2\/types\/product"}],"replies":[{"embeddable":true,"href":"https:\/\/violmax.pl\/index.php\/wp-json\/wp\/v2\/comments?post=4906"}],"wp:featuredmedia":[{"embeddable":true,"href":"https:\/\/violmax.pl\/index.php\/wp-json\/wp\/v2\/media\/4892"}],"wp:attachment":[{"href":"https:\/\/violmax.pl\/index.php\/wp-json\/wp\/v2\/media?parent=4906"}],"curies":[{"name":"wp","href":"https:\/\/api.w.org\/{rel}","templated":true}]}}