{"id":490,"date":"2019-08-30T14:02:32","date_gmt":"2019-08-30T12:02:32","guid":{"rendered":"http:\/\/violmax.wroclaw.pl\/?post_type=product&#038;p=490"},"modified":"2025-12-02T13:30:11","modified_gmt":"2025-12-02T12:30:11","slug":"karpacz-karafka-lamana-750ml-obserwatorium-szron","status":"publish","type":"product","link":"https:\/\/violmax.pl\/index.php\/produkt\/karpacz-karafka-lamana-750ml-obserwatorium-szron\/","title":{"rendered":"KARPACZ, KARAFKA &#8220;\u0141AMANA&#8221; 0,75 LITRA, OBSERWATORIUM NA \u015aNIE\u017bCE + DUCH G\u00d3R, SZRON"},"content":{"rendered":"<p><img loading=\"lazy\" class=\"alignnone size-medium wp-image-11715\" src=\"https:\/\/violmax.pl\/wp-content\/uploads\/2025\/01\/karpacz_karafka_lamana_750ml_obserwatorium_szron-312x500.jpg\" alt=\"\" width=\"312\" height=\"500\" srcset=\"https:\/\/violmax.pl\/wp-content\/uploads\/2025\/01\/karpacz_karafka_lamana_750ml_obserwatorium_szron-312x500.jpg 312w, https:\/\/violmax.pl\/wp-content\/uploads\/2025\/01\/karpacz_karafka_lamana_750ml_obserwatorium_szron.jpg 593w\" sizes=\"(max-width: 312px) 100vw, 312px\" \/><img loading=\"lazy\" class=\"alignnone size-medium wp-image-11714\" src=\"https:\/\/violmax.pl\/wp-content\/uploads\/2025\/01\/karpacz_karafka_lamana_750ml_duch_gor_szron-313x500.jpg\" alt=\"\" width=\"313\" height=\"500\" srcset=\"https:\/\/violmax.pl\/wp-content\/uploads\/2025\/01\/karpacz_karafka_lamana_750ml_duch_gor_szron-313x500.jpg 313w, https:\/\/violmax.pl\/wp-content\/uploads\/2025\/01\/karpacz_karafka_lamana_750ml_duch_gor_szron.jpg 594w\" sizes=\"(max-width: 313px) 100vw, 313px\" \/><\/p>\n<p>&nbsp;<\/p>\n<p>Karafka &#8220;\u0141AMANA&#8221; o litra\u017cu 0,75 litra &#8211; wypiaskowane motywy typowe dla Karpacza (dwustronnie). Zdj\u0119cia przedstawiaj\u0105 karafk\u0119 z dw\u00f3ch stron. Karafka mo\u017ce s\u0142u\u017cy\u0107 jako nietuzinkowy, szklany prezent lub ozdobny flakon na nalewki, wina, koniaki. Wykonana jest r\u0119cznie z grubego szk\u0142a. Pi\u0119kna, okaza\u0142a ( 26 cm wysoko\u015bci ) pami\u0105tka z Karpacza, kt\u00f3ra zachwyci ka\u017cdego. Idealna pami\u0105tka z g\u00f3r.<\/p>\n","protected":false},"excerpt":{"rendered":"<p><img loading=\"lazy\" class=\"alignnone size-full wp-image-5364\" src=\"http:\/\/violmax.pl\/wp-content\/uploads\/2020\/10\/VIOLMAX_POLSKA-3.jpg\" alt=\"\" width=\"300\" height=\"28\" \/><\/p>\n<p>&nbsp;<\/p>\n<p>Karafka &#8220;\u0141AMANA&#8221; o litra\u017cu 0,75 litra &#8211; wypiaskowane motywy typowe dla Karpacza (dwustronnie). Zdj\u0119cia przedstawiaj\u0105 karafk\u0119 z dw\u00f3ch stron. Karafka mo\u017ce s\u0142u\u017cy\u0107 jako nietuzinkowy, szklany prezent lub ozdobny flakon na nalewki, wina, koniaki. Wykonana jest r\u0119cznie z grubego szk\u0142a. Pi\u0119kna, okaza\u0142a ( 26 cm wysoko\u015bci ) pami\u0105tka z Karpacza, kt\u00f3ra zachwyci ka\u017cdego. Idealna pami\u0105tka z g\u00f3r.<\/p>\n<p><strong>Minimalna ilo\u015b\u0107 zam\u00f3wienia &#8211; 1 sztuka<\/strong><\/p>\n<h3><strong>CENA ZA\u00a0 SZTUK\u0118<\/strong><\/h3>\n","protected":false},"featured_media":11715,"comment_status":"open","ping_status":"closed","template":"","meta":[],"_links":{"self":[{"href":"https:\/\/violmax.pl\/index.php\/wp-json\/wp\/v2\/product\/490"}],"collection":[{"href":"https:\/\/violmax.pl\/index.php\/wp-json\/wp\/v2\/product"}],"about":[{"href":"https:\/\/violmax.pl\/index.php\/wp-json\/wp\/v2\/types\/product"}],"replies":[{"embeddable":true,"href":"https:\/\/violmax.pl\/index.php\/wp-json\/wp\/v2\/comments?post=490"}],"wp:featuredmedia":[{"embeddable":true,"href":"https:\/\/violmax.pl\/index.php\/wp-json\/wp\/v2\/media\/11715"}],"wp:attachment":[{"href":"https:\/\/violmax.pl\/index.php\/wp-json\/wp\/v2\/media?parent=490"}],"curies":[{"name":"wp","href":"https:\/\/api.w.org\/{rel}","templated":true}]}}